{"id":1276,"date":"2024-10-27T11:53:51","date_gmt":"2024-10-27T08:53:51","guid":{"rendered":"https:\/\/wristbandfactory.eu\/toode\/round-lanyard-with-domed-slider\/"},"modified":"2026-04-01T21:52:36","modified_gmt":"2026-04-01T18:52:36","slug":"round-cord-lanyards-with-dome-logo-slider-epoxy-3d","status":"publish","type":"product","link":"https:\/\/displayproducts.eu\/da\/p\/round-cord-lanyards-with-dome-logo-slider-epoxy-3d\/","title":{"rendered":"Runde snorsnore med kuppellogo-slider (epoxy 3D)"},"content":{"rendered":"<div class=\"mx-12 md:mx-24 lg:mx-48\">\n<div class=\"container my-8 svelte-zlsknf\">\n<div class=\"my-24 rounded-lg border-0 border-gray-700 bg-gray-100 px-16 py-24\">\n<div class=\"mt-11 !text-gray-500\">\n<p data-path-to-node=\"7\">Tilbyd en elegant, moderne og eksklusiv m\u00e5de at vise identifikation p\u00e5 med vores runde snorsnore med kuppellogo-slider. Dette minimalistiske design foretr\u00e6kkes af tech-virksomheder, startups og arrang\u00f8rer af premiumkonferencer, der \u00f8nsker at bev\u00e6ge sig v\u00e6k fra traditionelle brede &quot;billboard&quot;-snore.<\/p>\n<p data-path-to-node=\"8\"><b>&quot;Dome&quot;-fordelen<\/b> Det mest fremtr\u00e6dende tr\u00e6k ved dette produkt er branding-slideren. I mods\u00e6tning til standard fladtryk er dit logo d\u00e6kket af et lag klar epoxyharpiks (doming). Dette skaber et forst\u00f8rrelsesglas <b>3D-effekt<\/b> Det g\u00f8r farverne mere levende og giver brandingen en smykkelignende finish af h\u00f8j kvalitet. Harpiksen beskytter ogs\u00e5 logoet mod ridser, falmning eller vandskader, hvilket sikrer, at dit brand ser perfekt ud under langvarig brug.<\/p>\n<p data-path-to-node=\"9\"><b>Komfort og holdbarhed<\/b> Denne lanyard er fremstillet af en slidst\u00e6rk polyestersnor (~5 mm tykkelse) og er let og behagelig at have p\u00e5 halsen. Den leveres som standard med en metalkarabinhage af h\u00f8j kvalitet til sikkert at holde ID-kort, n\u00f8gler eller adgangsbrikker. Skyded\u00f8ren er standard sort, men vi kan producere den i med eget tryk m\u00e6rkefarver til st\u00f8rre ordrer, hvilket sikrer et perfekt match til din virksomhedsidentitet.<\/p>\n<p data-path-to-node=\"10\"><b>N\u00f8glefunktioner:<\/b><\/p>\n<ul data-path-to-node=\"11\">\n<li>\n<p data-path-to-node=\"11,0,0\"><b>Epoxy kuppelskyder:<\/b> Det harpiksbelagte brandingomr\u00e5de skaber et f\u00f8rsteklasses, ridsefast 3D-look.<\/p>\n<\/li>\n<li>\n<p data-path-to-node=\"11,1,0\"><b>Rund polyestersnor:<\/b> Holdbart og komfortabelt alternativ til flade n\u00f8glesnore.<\/p>\n<\/li>\n<li>\n<p data-path-to-node=\"11,2,0\"><b>Levende branding:<\/b> Ideel til farverige logoer, der skal skille sig ud.<\/p>\n<\/li>\n<li>\n<p data-path-to-node=\"11,3,0\"><b>Metalkarabinhage:<\/b> Kraftig klips sikrer sikker fastg\u00f8relse af badges og n\u00f8gler.<\/p>\n<\/li>\n<li>\n<p data-path-to-node=\"11,4,0\"><b>Professionel \u00e6stetik:<\/b> Minimalistisk design egnet til VIP&#039;er og virksomhedspersonale.<\/p>\n<\/li>\n<\/ul>\n<\/div>\n<\/div>\n<\/div>\n<\/div>","protected":false},"excerpt":{"rendered":"<ul>\n<li>\n<p data-path-to-node=\"6,0,0\"><b>Premium-branding:<\/b> Den glidende logoskive har en krystalklar epoxyharpiksbel\u00e6gning (doming) for en 3D-effekt.<\/p>\n<\/li>\n<li>\n<p data-path-to-node=\"6,1,0\"><b>Fuldfarvetryk:<\/b> Giver mulighed for levende, detaljerede logoer, der er beskyttet mod ridser og falmning.<\/p>\n<\/li>\n<li>\n<p data-path-to-node=\"6,2,0\"><b>Elegant design:<\/b> 90 cm rund polyestersnor tilbyder et moderne, minimalistisk alternativ til flade b\u00e5nd.<\/p>\n<\/li>\n<li>\n<p data-path-to-node=\"6,3,0\"><b>Sikker fastg\u00f8relse:<\/b> Leveres som standard med en robust metalkarabinhage til ID-kort.<\/p>\n<\/li>\n<li><\/li>\n<\/ul>","protected":false},"featured_media":6765,"comment_status":"closed","ping_status":"closed","template":"","meta":[],"product_brand":[],"product_cat":[43,125,104],"product_tag":[],"class_list":{"0":"post-1276","1":"product","2":"type-product","3":"status-publish","4":"has-post-thumbnail","6":"product_cat-lanyards","7":"product_cat-cord-lanyards","8":"product_cat-custom-printed-lanyards","10":"first","11":"instock","12":"shipping-taxable","13":"purchasable","14":"product-type-simple"},"_links":{"self":[{"href":"https:\/\/displayproducts.eu\/da\/wp-json\/wp\/v2\/product\/1276","targetHints":{"allow":["GET"]}}],"collection":[{"href":"https:\/\/displayproducts.eu\/da\/wp-json\/wp\/v2\/product"}],"about":[{"href":"https:\/\/displayproducts.eu\/da\/wp-json\/wp\/v2\/types\/product"}],"replies":[{"embeddable":true,"href":"https:\/\/displayproducts.eu\/da\/wp-json\/wp\/v2\/comments?post=1276"}],"wp:featuredmedia":[{"embeddable":true,"href":"https:\/\/displayproducts.eu\/da\/wp-json\/wp\/v2\/media\/6765"}],"wp:attachment":[{"href":"https:\/\/displayproducts.eu\/da\/wp-json\/wp\/v2\/media?parent=1276"}],"wp:term":[{"taxonomy":"product_brand","embeddable":true,"href":"https:\/\/displayproducts.eu\/da\/wp-json\/wp\/v2\/product_brand?post=1276"},{"taxonomy":"product_cat","embeddable":true,"href":"https:\/\/displayproducts.eu\/da\/wp-json\/wp\/v2\/product_cat?post=1276"},{"taxonomy":"product_tag","embeddable":true,"href":"https:\/\/displayproducts.eu\/da\/wp-json\/wp\/v2\/product_tag?post=1276"}],"curies":[{"name":"wp","href":"https:\/\/api.w.org\/{rel}","templated":true}]}}