{"id":1275,"date":"2024-10-27T11:53:51","date_gmt":"2024-10-27T08:53:51","guid":{"rendered":"https:\/\/wristbandfactory.eu\/toode\/reflective-lanyards\/"},"modified":"2026-04-01T21:52:36","modified_gmt":"2026-04-01T18:52:36","slug":"printed-reflective-lanyards","status":"publish","type":"product","link":"https:\/\/displayproducts.eu\/da\/p\/printed-reflective-lanyards\/","title":{"rendered":"Trykte reflekterende lanyards \/ N\u00f8glesnore"},"content":{"rendered":"<div class=\"mx-12 md:mx-24 lg:mx-48\">\n<div class=\"container my-8 svelte-zlsknf\">\n<div class=\"my-24 rounded-lg border-0 border-gray-700 bg-gray-100 px-16 py-24\">\n<div class=\"mt-11 !text-gray-500\">\n<p>Maksimer dit teams sikkerhed og synlighed med vores <b>Trykte reflekterende lanyards \/ N\u00f8glesnore<\/b>. Dette produkt er et afg\u00f8rende v\u00e6rkt\u00f8j for enhver organisation, der kr\u00e6ver h\u00f8j synlighed for sine medarbejdere, f.eks. ved aftenarrangementer, p\u00e5 byggepladser eller inden for logistik.<\/p>\n<p>Denne 90 cm lange lanyard er fremstillet af et slidst\u00e6rkt polyesterb\u00e5nd, som derefter er d\u00e6kket med en <b>gr\u00e5 reflekterende overlay<\/b>. Denne fyldige overlay giver maksimal overfladeareal til at fange lys i m\u00f8rke forhold, hvilket g\u00f8r b\u00e6reren meget synlig.<\/p>\n<p>Din organisations logo trykkes derefter direkte p\u00e5 denne reflekterende overflade i dine specifikke Pantone-matchede farver. Dette sikrer, at din branding er klar og professionel, samtidig med at lanyardens prim\u00e6re sikkerhedsfunktion bevares. Hver lanyard leveres som standard med en metalkarabinhage til sikker fastg\u00f8relse af ID-kort eller adgangskort.<\/p>\n<p><b>N\u00f8glefunktioner:<\/b><\/p>\n<ul>\n<li><b>Fuld reflekterende overlay:<\/b> Har et gr\u00e5t reflekterende lag for 360 graders synlighed under d\u00e5rlige lysforhold.<\/li>\n<li><b>Brugerdefineret 1-sidet udskrivning:<\/b> Dit logo trykkes direkte p\u00e5 den reflekterende overflade med Pantone-farvematchning.<\/li>\n<li><b>Holdbar polyesterbund:<\/b> Et 90 cm polyesterb\u00e5nd giver en st\u00e6rk og komfortabel base.<\/li>\n<li><b>Forbedret sikkerhed:<\/b> Ideel til personale, aftenarrangementer eller ethvert milj\u00f8, der kr\u00e6ver h\u00f8j synlighed.<\/li>\n<li><b>Standard metalkarabinhage:<\/b> Inkluderer en sikker metalkarabinhage (andre klipsmuligheder tilg\u00e6ngelige).<\/li>\n<\/ul>\n<p>&nbsp;<\/p>\n<\/div>\n<\/div>\n<\/div>\n<\/div>","protected":false},"excerpt":{"rendered":"<ul>\n<li>Har et gr\u00e5t reflekterende lag i fuld bredde for maksimal synlighed.<\/li>\n<li>Specialtrykt p\u00e5 den ene side med dit Pantone-matchede logo.<\/li>\n<li>Ideel til eventpersonale, byggeri eller virksomheders sikkerhedsprogrammer.<\/li>\n<li>Holdbar 90 cm polyesterrem med metalkarabinhage.<\/li>\n<\/ul>","protected":false},"featured_media":6750,"comment_status":"closed","ping_status":"closed","template":"","meta":[],"product_brand":[],"product_cat":[43,109],"product_tag":[],"class_list":{"0":"post-1275","1":"product","2":"type-product","3":"status-publish","4":"has-post-thumbnail","6":"product_cat-lanyards","7":"product_cat-reflective-lanyards","9":"first","10":"instock","11":"shipping-taxable","12":"purchasable","13":"product-type-simple"},"_links":{"self":[{"href":"https:\/\/displayproducts.eu\/da\/wp-json\/wp\/v2\/product\/1275","targetHints":{"allow":["GET"]}}],"collection":[{"href":"https:\/\/displayproducts.eu\/da\/wp-json\/wp\/v2\/product"}],"about":[{"href":"https:\/\/displayproducts.eu\/da\/wp-json\/wp\/v2\/types\/product"}],"replies":[{"embeddable":true,"href":"https:\/\/displayproducts.eu\/da\/wp-json\/wp\/v2\/comments?post=1275"}],"wp:featuredmedia":[{"embeddable":true,"href":"https:\/\/displayproducts.eu\/da\/wp-json\/wp\/v2\/media\/6750"}],"wp:attachment":[{"href":"https:\/\/displayproducts.eu\/da\/wp-json\/wp\/v2\/media?parent=1275"}],"wp:term":[{"taxonomy":"product_brand","embeddable":true,"href":"https:\/\/displayproducts.eu\/da\/wp-json\/wp\/v2\/product_brand?post=1275"},{"taxonomy":"product_cat","embeddable":true,"href":"https:\/\/displayproducts.eu\/da\/wp-json\/wp\/v2\/product_cat?post=1275"},{"taxonomy":"product_tag","embeddable":true,"href":"https:\/\/displayproducts.eu\/da\/wp-json\/wp\/v2\/product_tag?post=1275"}],"curies":[{"name":"wp","href":"https:\/\/api.w.org\/{rel}","templated":true}]}}