{"id":1272,"date":"2024-10-27T11:53:51","date_gmt":"2024-10-27T08:53:51","guid":{"rendered":"https:\/\/wristbandfactory.eu\/toode\/flat-polyester-lanyards-with-metal-bottle-opener\/"},"modified":"2026-04-01T21:52:04","modified_gmt":"2026-04-01T18:52:04","slug":"polyester-lanyards-with-bottle-opener","status":"publish","type":"product","link":"https:\/\/displayproducts.eu\/da\/p\/polyester-lanyards-with-bottle-opener\/","title":{"rendered":"Polyester-snore med flaske\u00e5bner"},"content":{"rendered":"<div class=\"mx-12 md:mx-24 lg:mx-48\">\n<div class=\"container my-8 svelte-zlsknf\">\n<div class=\"my-24 rounded-lg border-0 border-gray-700 bg-gray-100 px-16 py-24\">\n<div class=\"mt-11 !text-gray-500\">\n<p>Kombiner dit brands synlighed med praktisk anvendelighed med vores polyester-snore med indbygget flaske\u00e5bner. Denne multifunktionelle snor er et fremragende reklamev\u00e6rkt\u00f8j til festivaler, hotel- og restaurationsevents, messer og firmafester, der sikrer, at dit brand forbliver i h\u00e5nden.<\/p>\n<p>B\u00e5ndet er fremstillet af slidst\u00e6rkt 90 cm polyester og giver en stor, glat overflade til dit logo. Vi kan trykke dit design med pr\u00e6cis Pantone-farvematchning p\u00e5 en eller to sider.<\/p>\n<p>Denne lanyard er designet til maksimal funktionalitet. Den inkluderer b\u00e5de en robust metaloplukker og en separat metalkarabinhage, der giver deltagerne mulighed for at vise deres ID-kort frem, samtidig med at de har et praktisk v\u00e6rkt\u00f8j lige ved h\u00e5nden. Dette g\u00f8r den til en mindev\u00e6rdig og effektiv gave, som kunder og deltagere vil beholde og bruge.<\/p>\n<p><b>N\u00f8glefunktioner:<\/b><\/p>\n<ul>\n<li><b>Integreret flaske\u00e5bner:<\/b> Har en holdbar, indbygget metaloplukker til en meget anvendelig reklameartikel.<\/li>\n<li><b>Dobbelte tilbeh\u00f8r:<\/b> Leveres med b\u00e5de flaske\u00e5bner og en metalkarabinhage, s\u00e5 den kan bruges som ID-holder samtidig.<\/li>\n<li><b>Brugerdefineret polyesterrem:<\/b> Holdbar 90 cm rem, specialtrykt med dit Pantone-matchede logo.<\/li>\n<li><b>1- eller 2-sidet udskrivning:<\/b> V\u00e6lg mellem uden trykt- eller dobbeltsidet tryk for maksimal brandeksponering.<\/li>\n<li><b>Ideel event-giveaway:<\/b> En yderst praktisk og mindev\u00e6rdig genstand til festivaler, messer og firmaarrangementer.<\/li>\n<\/ul>\n<\/div>\n<\/div>\n<\/div>\n<\/div>","protected":false},"excerpt":{"rendered":"<ul>\n<li>Har en funktionel, integreret metalflaske\u00e5bner for h\u00f8j anvendelighed.<\/li>\n<li>Holdbar 90 cm polyesterrem, specialtrykt med dit logo.<\/li>\n<li>Pantone-matchet logotryk tilg\u00e6ngeligt p\u00e5 en eller to sider.<\/li>\n<li>Inkluderer en separat metalkarabinhage til ID-kort eller n\u00f8gler.<\/li>\n<\/ul>","protected":false},"featured_media":6724,"comment_status":"closed","ping_status":"closed","template":"","meta":[],"product_brand":[],"product_cat":[43,108],"product_tag":[],"class_list":{"0":"post-1272","1":"product","2":"type-product","3":"status-publish","4":"has-post-thumbnail","6":"product_cat-lanyards","7":"product_cat-multifunctional-lanyards","9":"first","10":"instock","11":"shipping-taxable","12":"purchasable","13":"product-type-simple"},"_links":{"self":[{"href":"https:\/\/displayproducts.eu\/da\/wp-json\/wp\/v2\/product\/1272","targetHints":{"allow":["GET"]}}],"collection":[{"href":"https:\/\/displayproducts.eu\/da\/wp-json\/wp\/v2\/product"}],"about":[{"href":"https:\/\/displayproducts.eu\/da\/wp-json\/wp\/v2\/types\/product"}],"replies":[{"embeddable":true,"href":"https:\/\/displayproducts.eu\/da\/wp-json\/wp\/v2\/comments?post=1272"}],"wp:featuredmedia":[{"embeddable":true,"href":"https:\/\/displayproducts.eu\/da\/wp-json\/wp\/v2\/media\/6724"}],"wp:attachment":[{"href":"https:\/\/displayproducts.eu\/da\/wp-json\/wp\/v2\/media?parent=1272"}],"wp:term":[{"taxonomy":"product_brand","embeddable":true,"href":"https:\/\/displayproducts.eu\/da\/wp-json\/wp\/v2\/product_brand?post=1272"},{"taxonomy":"product_cat","embeddable":true,"href":"https:\/\/displayproducts.eu\/da\/wp-json\/wp\/v2\/product_cat?post=1272"},{"taxonomy":"product_tag","embeddable":true,"href":"https:\/\/displayproducts.eu\/da\/wp-json\/wp\/v2\/product_tag?post=1272"}],"curies":[{"name":"wp","href":"https:\/\/api.w.org\/{rel}","templated":true}]}}