{"id":1271,"date":"2024-10-27T11:53:52","date_gmt":"2024-10-27T08:53:52","guid":{"rendered":"https:\/\/wristbandfactory.eu\/toode\/fine-polyester-lanyards-with-metallic-foil-stamped-design\/"},"modified":"2026-04-01T21:52:36","modified_gmt":"2026-04-01T18:52:36","slug":"metallic-foil-printed-lanyards-premium-vip-branding","status":"publish","type":"product","link":"https:\/\/displayproducts.eu\/da\/p\/metallic-foil-printed-lanyards-premium-vip-branding\/","title":{"rendered":"Keyhangers med metallisk folietryk (VIP)"},"content":{"rendered":"<div class=\"mx-12 md:mx-24 lg:mx-48\">\n<div class=\"container my-8 svelte-zlsknf\">\n<div class=\"my-24 rounded-lg border-0 border-gray-700 bg-gray-100 px-16 py-24\">\n<div class=\"mt-11 !text-gray-500\">\n<p data-path-to-node=\"11\">Styrk din brandidentitet og fremh\u00e6v dine vigtigste g\u00e6ster med vores <b>Metalfolietrykte n\u00f8glesnore<\/b>. Disse n\u00f8glesnore er specielt designet til h\u00f8jprofilerede begivenheder, prisuddelinger og VIP-adgangskontrol og tilbyder et niveau af sofistikering, som standard serigrafi ikke kan matche.<\/p>\n<p data-path-to-node=\"12\">Det definerende tr\u00e6k ved dette produkt er <b>metallisk folie stemplingsproces<\/b>. I stedet for traditionel bl\u00e6k stempler vi dit logo direkte p\u00e5 b\u00e5ndet ved hj\u00e6lp af en varmpresseteknik med levende metalliske folier (normalt guld eller s\u00f8lv). Dette skaber en skarp, meget reflekterende finish, der glimter under eventbelysning og straks tiltr\u00e6kker opm\u00e6rksomhed til dit brand. Det er den ultimative l\u00f8sning til kategorisering <b>VIP-g\u00e6ster, sponsorer og eventpersonale<\/b> som har brug for at skille sig ud fra den brede m\u00e6ngde.<\/p>\n<p data-path-to-node=\"13\">Lavet af en <b>fin polyester af h\u00f8j kvalitet<\/b>, er lanyardremmen us\u00e6dvanligt glat og bl\u00f8d, hvilket sikrer komfort til heldagsbrug med formelt t\u00f8j. Hver enhed leveres som standard med en p\u00e5lidelig <b>metalkarabinhage<\/b>, hvilket forst\u00e6rker det eksklusive udseende og den luksuri\u00f8se fornemmelse. For arrang\u00f8rer, der s\u00f8ger en \u00e6gte &quot;luksuri\u00f8s&quot; ID-l\u00f8sning, er dette det ultimative valg.<\/p>\n<p data-path-to-node=\"14\"><b>N\u00f8glefunktioner:<\/b><\/p>\n<ul data-path-to-node=\"15\">\n<li>\n<p data-path-to-node=\"15,0,0\"><b>Udskrivningsmetode:<\/b> Premium metallisk foliepr\u00e6gning skaber en skinnende, reflekterende og eksklusiv logofinish.<\/p>\n<\/li>\n<li>\n<p data-path-to-node=\"15,1,0\"><b>Materiale:<\/b> Finv\u00e6vet, glat polyester giver en overlegen taktil fornemmelse sammenlignet med standard ribbede lanyards \/ N\u00f8glesnore.<\/p>\n<\/li>\n<li>\n<p data-path-to-node=\"15,2,0\"><b>M\u00e5lgruppe:<\/b> Ideel til VIP&#039;er, virksomhedsledere, sponsorer p\u00e5 h\u00f8jt niveau og aftengallaer.<\/p>\n<\/li>\n<li>\n<p data-path-to-node=\"15,3,0\"><b>Visuel effekt:<\/b> Reflekterende tryk sikrer, at logoet er synligt og i\u00f8jnefaldende, selv i omgivelser med svagt lys.<\/p>\n<\/li>\n<\/ul>\n<\/div>\n<\/div>\n<\/div>\n<\/div>","protected":false},"excerpt":{"rendered":"<ul>\n<li>\n<p data-path-to-node=\"9,0,0\"><b>Eksklusiv finish:<\/b> Avanceret metallisk foliepr\u00e6gning (guld, s\u00f8lv osv.) skaber en fantastisk reflekterende logoeffekt.<\/p>\n<\/li>\n<li>\n<p data-path-to-node=\"9,1,0\"><b>VIP-appel:<\/b> Det perfekte valg for sponsorer, talere og VIP-g\u00e6ster, der kr\u00e6ver tydelig identifikation.<\/p>\n<\/li>\n<li>\n<p data-path-to-node=\"9,2,0\"><b>Premium materiale:<\/b> Lavet af glat, fintv\u00e6vet polyester, der f\u00f8les luksuri\u00f8s og behagelig mod huden.<\/p>\n<\/li>\n<li>\n<p data-path-to-node=\"9,3,0\"><b>H\u00f8j synlighed:<\/b> Det glitrende print fanger lyset og sikrer, at dit brand skiller sig ud under alle lysforhold.<\/p>\n<\/li>\n<li><\/li>\n<\/ul>","protected":false},"featured_media":6716,"comment_status":"closed","ping_status":"closed","template":"","meta":[],"product_brand":[],"product_cat":[43,104],"product_tag":[],"class_list":{"0":"post-1271","1":"product","2":"type-product","3":"status-publish","4":"has-post-thumbnail","6":"product_cat-lanyards","7":"product_cat-custom-printed-lanyards","9":"first","10":"instock","11":"shipping-taxable","12":"purchasable","13":"product-type-simple"},"_links":{"self":[{"href":"https:\/\/displayproducts.eu\/da\/wp-json\/wp\/v2\/product\/1271","targetHints":{"allow":["GET"]}}],"collection":[{"href":"https:\/\/displayproducts.eu\/da\/wp-json\/wp\/v2\/product"}],"about":[{"href":"https:\/\/displayproducts.eu\/da\/wp-json\/wp\/v2\/types\/product"}],"replies":[{"embeddable":true,"href":"https:\/\/displayproducts.eu\/da\/wp-json\/wp\/v2\/comments?post=1271"}],"wp:featuredmedia":[{"embeddable":true,"href":"https:\/\/displayproducts.eu\/da\/wp-json\/wp\/v2\/media\/6716"}],"wp:attachment":[{"href":"https:\/\/displayproducts.eu\/da\/wp-json\/wp\/v2\/media?parent=1271"}],"wp:term":[{"taxonomy":"product_brand","embeddable":true,"href":"https:\/\/displayproducts.eu\/da\/wp-json\/wp\/v2\/product_brand?post=1271"},{"taxonomy":"product_cat","embeddable":true,"href":"https:\/\/displayproducts.eu\/da\/wp-json\/wp\/v2\/product_cat?post=1271"},{"taxonomy":"product_tag","embeddable":true,"href":"https:\/\/displayproducts.eu\/da\/wp-json\/wp\/v2\/product_tag?post=1271"}],"curies":[{"name":"wp","href":"https:\/\/api.w.org\/{rel}","templated":true}]}}