{"id":1268,"date":"2024-10-27T11:53:52","date_gmt":"2024-10-27T08:53:52","guid":{"rendered":"https:\/\/wristbandfactory.eu\/toode\/lanyards-with-reflective-threads\/"},"modified":"2026-04-01T21:52:36","modified_gmt":"2026-04-01T18:52:36","slug":"lanyards-with-reflective-threads","status":"publish","type":"product","link":"https:\/\/displayproducts.eu\/da\/p\/lanyards-with-reflective-threads\/","title":{"rendered":"Lanyards \/ N\u00f8glesnore med reflekterende tr\u00e5de"},"content":{"rendered":"<div class=\"mx-12 md:mx-24 lg:mx-48\">\n<div class=\"container my-8 svelte-zlsknf\">\n<div class=\"my-24 rounded-lg border-0 border-gray-700 bg-gray-100 px-16 py-24\">\n<div class=\"mt-11 !text-gray-500\">\n<p>\u00d8g dit teams sikkerhed og synlighed ved aftenarrangementer, arbejdspladser eller firmaarrangementer med vores <b>Lanyards \/ N\u00f8glesnore med reflekterende tr\u00e5de<\/b>. Denne lanyard er professionelt designet til at kombinere branding med h\u00f8j effekt med en afg\u00f8rende sikkerhedsfunktion.<\/p>\n<p>Hver 90 cm lanyard er fremstillet af slidst\u00e6rkt polyester. I mods\u00e6tning til fuldt reflekterende lanyards \/ N\u00f8glesnore har denne model <b>reflekterende tr\u00e5de v\u00e6vet direkte ind i b\u00e5ndmaterialet<\/b>. Disse tr\u00e5de fanger lyset i m\u00f8rke eller svagt lys, hvilket g\u00f8r b\u00e6reren betydeligt mere synlig uden at g\u00e5 p\u00e5 kompromis med lanyardens komfort eller professionelle udseende.<\/p>\n<p>Polyesterremmen giver en fremragende overflade til branding. Vi kan specialtrykke dit logo eller din besked p\u00e5 den ene eller to sider ved hj\u00e6lp af pr\u00e6cis Pantone-farvematchning. Hver lanyard leveres som standard med en p\u00e5lidelig metalkarabinhage, hvilket g\u00f8r den til en funktionel l\u00f8sning til at holde ID-kort, n\u00f8gler eller adgangskort.<\/p>\n<p><b>N\u00f8glefunktioner:<\/b><\/p>\n<ul>\n<li><b>Indv\u00e6vede reflekterende tr\u00e5de:<\/b> Har tr\u00e5de v\u00e6vet direkte ind i polyesteren for h\u00f8j synlighed i svagt lys.<\/li>\n<li><b>Brugerdefineret Pantone-tryk:<\/b> Dit logo trykkes p\u00e5 en eller to sider med pr\u00e6cis Pantone-farvematchning.<\/li>\n<li><b>Holdbar polyesterrem:<\/b> Den 90 cm lange rem er komfortabel og bygget til daglig brug i virksomheds- eller eventsammenh\u00e6nge.<\/li>\n<li><b>Forbedret sikkerhed:<\/b> Ideel til personale, aftenarrangementer eller ethvert milj\u00f8, hvor h\u00f8j synlighed er en prioritet.<\/li>\n<li><b>Standard metalkarabinhage:<\/b> Inkluderer en sikker metalkarabinhage, med andre klipsmuligheder tilg\u00e6ngelige.<\/li>\n<\/ul>\n<\/div>\n<\/div>\n<\/div>\n<\/div>","protected":false},"excerpt":{"rendered":"<ul>\n<li>Har reflekterende tr\u00e5de med h\u00f8j synlighed, der er v\u00e6vet direkte ind i polyesterremmen.<\/li>\n<li>Ideel til at forbedre personalets og deltagernes sikkerhed ved aftenarrangementer.<\/li>\n<li>Tryk dit Pantone-matchede logo p\u00e5 en eller to sider.<\/li>\n<li>Holdbar 90 cm rem med en standard metalkarabinhage.<\/li>\n<\/ul>","protected":false},"featured_media":6719,"comment_status":"closed","ping_status":"closed","template":"","meta":[],"product_brand":[],"product_cat":[43,109],"product_tag":[],"class_list":{"0":"post-1268","1":"product","2":"type-product","3":"status-publish","4":"has-post-thumbnail","6":"product_cat-lanyards","7":"product_cat-reflective-lanyards","9":"first","10":"instock","11":"shipping-taxable","12":"purchasable","13":"product-type-simple"},"_links":{"self":[{"href":"https:\/\/displayproducts.eu\/da\/wp-json\/wp\/v2\/product\/1268","targetHints":{"allow":["GET"]}}],"collection":[{"href":"https:\/\/displayproducts.eu\/da\/wp-json\/wp\/v2\/product"}],"about":[{"href":"https:\/\/displayproducts.eu\/da\/wp-json\/wp\/v2\/types\/product"}],"replies":[{"embeddable":true,"href":"https:\/\/displayproducts.eu\/da\/wp-json\/wp\/v2\/comments?post=1268"}],"wp:featuredmedia":[{"embeddable":true,"href":"https:\/\/displayproducts.eu\/da\/wp-json\/wp\/v2\/media\/6719"}],"wp:attachment":[{"href":"https:\/\/displayproducts.eu\/da\/wp-json\/wp\/v2\/media?parent=1268"}],"wp:term":[{"taxonomy":"product_brand","embeddable":true,"href":"https:\/\/displayproducts.eu\/da\/wp-json\/wp\/v2\/product_brand?post=1268"},{"taxonomy":"product_cat","embeddable":true,"href":"https:\/\/displayproducts.eu\/da\/wp-json\/wp\/v2\/product_cat?post=1268"},{"taxonomy":"product_tag","embeddable":true,"href":"https:\/\/displayproducts.eu\/da\/wp-json\/wp\/v2\/product_tag?post=1268"}],"curies":[{"name":"wp","href":"https:\/\/api.w.org\/{rel}","templated":true}]}}