{"id":1267,"date":"2024-10-27T11:53:52","date_gmt":"2024-10-27T08:53:52","guid":{"rendered":"https:\/\/wristbandfactory.eu\/toode\/bamboo-lanyards\/"},"modified":"2026-04-01T21:52:36","modified_gmt":"2026-04-01T18:52:36","slug":"printed-bamboo-lanyards","status":"publish","type":"product","link":"https:\/\/displayproducts.eu\/da\/p\/printed-bamboo-lanyards\/","title":{"rendered":"Bambus keyhangers med tryk (B\u00e6redygtig)"},"content":{"rendered":"<div class=\"mx-12 md:mx-24 lg:mx-48\">\n<div class=\"container my-8 svelte-zlsknf\">\n<div class=\"my-24 rounded-lg border-0 border-gray-700 bg-gray-100 px-16 py-24\">\n<div class=\"mt-11 !text-gray-500\">\n<p data-path-to-node=\"11\">Tr\u00e6f et definitivt b\u00e6redygtigt valg til jeres n\u00e6ste arrangement eller firmaarrangement med vores <b>Trykte bambus-snore<\/b>. I takt med at organisationer i stigende grad bev\u00e6ger sig mod plastikfri l\u00f8sninger, skiller bambus sig ikke kun ud for sine milj\u00f8m\u00e6ssige egenskaber, men ogs\u00e5 for sin overlegne kvalitet og f\u00f8lelse.<\/p>\n<p data-path-to-node=\"12\">Disse n\u00f8glesnore er fremstillet af naturlige, bionedbrydelige bambusfibre og tilbyder en unik taktil oplevelse. I mods\u00e6tning til nogle genbrugsmaterialer, der kan f\u00f8les grove, er bambus naturligt glat, \u00e5ndbart og antibakterielt, hvilket g\u00f8r det til det mest behagelige valg for personale og deltagere, der b\u00e6rer deres ID-legitimation hele dagen. Det giver et distinkt &quot;premium \u00f8ko&quot;-look, der forbedrer dit brands opfattelse.<\/p>\n<p data-path-to-node=\"13\">Vi tilbyder <b>brugerdefineret serigrafi<\/b> p\u00e5 bambusoverfladen, hvilket giver mulighed for skarp og klar logogengivelse pr\u00e6cis i din smag <b>Pantone-m\u00e6rkets farver<\/b>. Uanset om du har brug for uden tryktsidet branding eller dobbeltsidet synlighed, er resultatet en professionel finish p\u00e5 en naturlig base. Med en l\u00e6ngde p\u00e5 cirka 90 cm opfylder de branchestandarden for professionel brug.<\/p>\n<p data-path-to-node=\"14\">Tilpas din ordre for at opfylde sikkerheds- og funktionskrav: samtidig med at en robust <b>metalkarabinhage<\/b> er standard, kan vi udstyre disse lanyards \/ N\u00f8glesnore med <b>sikkerhedsafbryderklemmer<\/b> (essentielt for skoler og hospitaler) eller andet specialiseret tilbeh\u00f8r efter anmodning.<\/p>\n<p data-path-to-node=\"15\"><b>N\u00f8glefunktioner:<\/b><\/p>\n<ul data-path-to-node=\"16\">\n<li>\n<p data-path-to-node=\"16,0,0\"><b>Materiale:<\/b> 100% B\u00e6redygtig bambusfiber (biologisk nedbrydelig).<\/p>\n<\/li>\n<li>\n<p data-path-to-node=\"16,1,0\"><b>Taktil fornemmelse:<\/b> Us\u00e6dvanlig bl\u00f8d, glat og allergivenlig.<\/p>\n<\/li>\n<li>\n<p data-path-to-node=\"16,2,0\"><b>Trykning:<\/b> Silketryk med Pantone-farvematchning.<\/p>\n<\/li>\n<li>\n<p data-path-to-node=\"16,3,0\"><b>\u00d8ko-akkreditering:<\/b> udvundet af en hurtigt fornybar, pesticidfri kilde.<\/p>\n<\/li>\n<li>\n<p data-path-to-node=\"16,4,0\"><b>Hardware:<\/b> Kraftig metalkarabinhage medf\u00f8lger; sikkerhedsafbryder som ekstraudstyr.<\/p>\n<\/li>\n<li>\n<p data-path-to-node=\"16,5,0\"><b>Holdbarhed:<\/b> St\u00e6rke naturlige fibre modst\u00e5r slid under begivenheder, der varer flere dage.<\/p>\n<\/li>\n<\/ul>\n<\/div>\n<\/div>\n<\/div>\n<\/div>","protected":false},"excerpt":{"rendered":"<ul>\n<li>\n<p data-path-to-node=\"9,0,0\"><b>Hurtigt fornybar:<\/b> Lavet af b\u00e6redygtige bambusfibre, en af de hurtigst voksende planter p\u00e5 jorden, der tilbyder et lavt CO2-aftryk.<\/p>\n<\/li>\n<li>\n<p data-path-to-node=\"9,1,0\"><b>Premium bl\u00f8dhed:<\/b> Bambusstof er naturligt allergivenligt og glattere end bomuld eller polyester, hvilket sikrer maksimal komfort.<\/p>\n<\/li>\n<li>\n<p data-path-to-node=\"9,2,0\"><b>Brugerdefineret branding:<\/b> Dit logo serigrafitrykkes i pr\u00e6cise Pantone-matchede farver p\u00e5 en eller to sider.<\/p>\n<\/li>\n<li>\n<p data-path-to-node=\"9,3,0\"><b>Alsidig hardware:<\/b> Leveres som standard med en metalkarabinhage; valgfrie sikkerhedsclips f\u00e5s for at sikre overholdelse af reglerne.<\/p>\n<\/li>\n<\/ul>","protected":false},"featured_media":6725,"comment_status":"closed","ping_status":"closed","template":"","meta":[],"product_brand":[],"product_cat":[104,106,107],"product_tag":[],"class_list":{"0":"post-1267","1":"product","2":"type-product","3":"status-publish","4":"has-post-thumbnail","6":"product_cat-custom-printed-lanyards","7":"product_cat-breakaway-lanyards","8":"product_cat-eco-friendly-lanyards","10":"first","11":"instock","12":"shipping-taxable","13":"purchasable","14":"product-type-simple"},"_links":{"self":[{"href":"https:\/\/displayproducts.eu\/da\/wp-json\/wp\/v2\/product\/1267","targetHints":{"allow":["GET"]}}],"collection":[{"href":"https:\/\/displayproducts.eu\/da\/wp-json\/wp\/v2\/product"}],"about":[{"href":"https:\/\/displayproducts.eu\/da\/wp-json\/wp\/v2\/types\/product"}],"replies":[{"embeddable":true,"href":"https:\/\/displayproducts.eu\/da\/wp-json\/wp\/v2\/comments?post=1267"}],"wp:featuredmedia":[{"embeddable":true,"href":"https:\/\/displayproducts.eu\/da\/wp-json\/wp\/v2\/media\/6725"}],"wp:attachment":[{"href":"https:\/\/displayproducts.eu\/da\/wp-json\/wp\/v2\/media?parent=1267"}],"wp:term":[{"taxonomy":"product_brand","embeddable":true,"href":"https:\/\/displayproducts.eu\/da\/wp-json\/wp\/v2\/product_brand?post=1267"},{"taxonomy":"product_cat","embeddable":true,"href":"https:\/\/displayproducts.eu\/da\/wp-json\/wp\/v2\/product_cat?post=1267"},{"taxonomy":"product_tag","embeddable":true,"href":"https:\/\/displayproducts.eu\/da\/wp-json\/wp\/v2\/product_tag?post=1267"}],"curies":[{"name":"wp","href":"https:\/\/api.w.org\/{rel}","templated":true}]}}