{"id":1264,"date":"2024-10-27T11:53:52","date_gmt":"2024-10-27T08:53:52","guid":{"rendered":"https:\/\/wristbandfactory.eu\/toode\/satin-lanyards-with-1-sided-sublimated-logo-design\/"},"modified":"2026-04-01T21:52:36","modified_gmt":"2026-04-01T18:52:36","slug":"sublimation-satin-lanyards","status":"publish","type":"product","link":"https:\/\/displayproducts.eu\/da\/p\/sublimation-satin-lanyards\/","title":{"rendered":"Satin keyhangers med sublimeringstryk"},"content":{"rendered":"<p data-path-to-node=\"11\">Fremvis dit brand i ubegr\u00e6nsede farver og fotorealistiske detaljer med vores <b>Sublimering Satin Lanyards \/ N\u00f8glesnore<\/b>. Dette produkt bygger bro mellem luksus og teknologi og tilbyder det perfekte valg for organisationer med komplekse logoer, livlige gradienter eller detaljerede billeder, der kr\u00e6ver en f\u00f8rsteklasses pr\u00e6sentation.<\/p>\n<p data-path-to-node=\"12\">Lavet af et fint <b>hvidt satinb\u00e5nd<\/b> (ca. 90 cm lange) giver disse n\u00f8glesnore et glat, skinnende l\u00e6rred, der f\u00f8les exceptionelt behageligt at r\u00f8re ved. I mods\u00e6tning til standard ribbet polyester reflekterer satinoverfladen lyset, hvilket giver din branding en sofistikeret glans. Ved hj\u00e6lp af avancerede <b>farvesublimeringstryk<\/b>, farves dit kunstv\u00e6rk direkte ind i stoffet p\u00e5 den ene side. Denne proces sikrer en str\u00e5lende, falmebestandig finish, der ikke revner eller skaller af, hvilket g\u00f8r det til en robust l\u00f8sning til flerdages firmaarrangementer, VIP-pas og messer.<\/p>\n<p data-path-to-node=\"13\"><i>Produktionsnotat:<\/i> Disse n\u00f8glesnore er trykt med ensidet sublimering. P\u00e5 grund af processens og materialets natur vil designet v\u00e6re let synligt p\u00e5 bagsiden.<\/p>\n<p data-path-to-node=\"14\">Hver lanyard leveres som standard med en holdbar <b>metalkarabinhage<\/b>, hvilket bidrager til den h\u00f8je kvalitetsfornemmelse. Andre klipsmuligheder er tilg\u00e6ngelige, der passer til dine specifikke behov for ID-kort eller adgangskort.<\/p>\n<p data-path-to-node=\"15\"><b>N\u00f8glefunktioner:<\/b><\/p>\n<ul data-path-to-node=\"16\">\n<li>\n<p data-path-to-node=\"16,0,0\"><b>Fuldfarvet sublimering:<\/b> Leverer fotorealistiske detaljer til komplekse logoer, gradienter og billeder.<\/p>\n<\/li>\n<li>\n<p data-path-to-node=\"16,1,0\"><b>Premium satinmateriale:<\/b> En glat, h\u00f8jglansfuld overflade, der giver et luksuri\u00f8st udseende og en luksuri\u00f8s f\u00f8lelse.<\/p>\n<\/li>\n<li>\n<p data-path-to-node=\"16,2,0\"><b>Falmningsbestandig:<\/b> Farvestofinfusionsteknologi sikrer, at trykket forbliver levende uden at revne.<\/p>\n<\/li>\n<li>\n<p data-path-to-node=\"16,3,0\"><b>Komfort:<\/b> Den bl\u00f8de satintekstur er ideel til heldagsbrug uden irritation.<\/p>\n<\/li>\n<li>\n<p data-path-to-node=\"16,4,0\"><b>Hardware:<\/b> Inkluderer en holdbar metalkarabinhage; specialtilbeh\u00f8r f\u00e5s p\u00e5 foresp\u00f8rgsel.<\/p>\n<\/li>\n<li>\n<p data-path-to-node=\"16,5,0\"><b>Produktion:<\/b> Hurtig EU-baseret produktion tilg\u00e6ngelig for bulkbestillinger (MOQ 100)<\/p>\n<\/li>\n<\/ul>","protected":false},"excerpt":{"rendered":"<ul>\n<li>\n<p data-path-to-node=\"9,0,0\"><b>Premium tekstur:<\/b> Det glatte, h\u00f8jglans satinb\u00e5nd giver en luksuri\u00f8s fornemmelse, der er bedre end standard polyester.<\/p>\n<\/li>\n<li>\n<p data-path-to-node=\"9,1,0\"><b>Fotorealistisk udskrivning:<\/b> Avanceret farvesublimering muligg\u00f8r ubegr\u00e6nsede farver, gradienter og kompleks billedgengivelse.<\/p>\n<\/li>\n<li>\n<p data-path-to-node=\"9,2,0\"><b>Holdbar finish:<\/b> Bl\u00e6kket farves direkte i stoffets fibre, hvilket sikrer, at designet ikke revner, skaller af eller falmer.<\/p>\n<\/li>\n<li>\n<p data-path-to-node=\"9,3,0\"><b>VIP-klar:<\/b> Den perfekte kombination af komfort og visuel appel til eksklusive firmaarrangementer og eksklusive adgangskort.<\/p>\n<\/li>\n<\/ul>","protected":false},"featured_media":6797,"comment_status":"closed","ping_status":"closed","template":"","meta":[],"product_brand":[],"product_cat":[104,106],"product_tag":[],"class_list":{"0":"post-1264","1":"product","2":"type-product","3":"status-publish","4":"has-post-thumbnail","6":"product_cat-custom-printed-lanyards","7":"product_cat-breakaway-lanyards","9":"first","10":"instock","11":"shipping-taxable","12":"purchasable","13":"product-type-simple"},"_links":{"self":[{"href":"https:\/\/displayproducts.eu\/da\/wp-json\/wp\/v2\/product\/1264","targetHints":{"allow":["GET"]}}],"collection":[{"href":"https:\/\/displayproducts.eu\/da\/wp-json\/wp\/v2\/product"}],"about":[{"href":"https:\/\/displayproducts.eu\/da\/wp-json\/wp\/v2\/types\/product"}],"replies":[{"embeddable":true,"href":"https:\/\/displayproducts.eu\/da\/wp-json\/wp\/v2\/comments?post=1264"}],"wp:featuredmedia":[{"embeddable":true,"href":"https:\/\/displayproducts.eu\/da\/wp-json\/wp\/v2\/media\/6797"}],"wp:attachment":[{"href":"https:\/\/displayproducts.eu\/da\/wp-json\/wp\/v2\/media?parent=1264"}],"wp:term":[{"taxonomy":"product_brand","embeddable":true,"href":"https:\/\/displayproducts.eu\/da\/wp-json\/wp\/v2\/product_brand?post=1264"},{"taxonomy":"product_cat","embeddable":true,"href":"https:\/\/displayproducts.eu\/da\/wp-json\/wp\/v2\/product_cat?post=1264"},{"taxonomy":"product_tag","embeddable":true,"href":"https:\/\/displayproducts.eu\/da\/wp-json\/wp\/v2\/product_tag?post=1264"}],"curies":[{"name":"wp","href":"https:\/\/api.w.org\/{rel}","templated":true}]}}