{"id":1263,"date":"2024-10-27T11:53:52","date_gmt":"2024-10-27T08:53:52","guid":{"rendered":"https:\/\/wristbandfactory.eu\/toode\/3d-printed-lanyards\/"},"modified":"2026-04-01T21:52:36","modified_gmt":"2026-04-01T18:52:36","slug":"3d-printed-lanyards-raised-silicone-logo","status":"publish","type":"product","link":"https:\/\/displayproducts.eu\/da\/p\/3d-printed-lanyards-raised-silicone-logo\/","title":{"rendered":"3D keyhangers med silikonetryk (relief)"},"content":{"rendered":"<div class=\"mx-12 md:mx-24 lg:mx-48\">\n<div class=\"container my-8 svelte-zlsknf\">\n<div class=\"my-24 rounded-lg border-0 border-gray-700 bg-gray-100 px-16 py-24\">\n<div class=\"mt-11 !text-gray-500\">\n<p data-path-to-node=\"11\">Styrk din virksomheds branding med vores <b>3D-printede n\u00f8glesnore<\/b>, en f\u00f8rsteklasses identifikationsl\u00f8sning designet til at give et varigt indtryk. Denne innovative lanyard g\u00e5r ud over standard flade trykteknikker og anvender dit logo som en <b>h\u00e6vet silikonelag med h\u00f8j densitet<\/b>. Dette skaber en karakteristisk, taktil finish, der tilf\u00f8jer dybde og en f\u00f8lelse af eksklusivitet til dit brand, hvilket g\u00f8r det til det ideelle valg til VIP-arrangementer, tech-konferencer og brug i virksomheder p\u00e5 h\u00f8jt niveau.<\/p>\n<p data-path-to-node=\"12\">Den 90 cm lange lanyard er fremstillet af robust polyester af h\u00f8j kvalitet, der sikrer holdbarhed til daglig brug. Vi trykker dit med eget tryk design p\u00e5 den ene side af b\u00e5ndet, hvilket giver pr\u00e6cise <b>Pantone-farvematchning<\/b> eller fuldfarvefunktioner for at sikre, at dit logo skiller sig ud med en moderne, arkitektonisk effekt. I mods\u00e6tning til traditionelle tryk, der kan slides ned, er den h\u00e6vede silikonestruktur robust og bevarer sit f\u00f8rsteklasses udseende over tid.<\/p>\n<p data-path-to-node=\"13\">Hver enhed leveres med en robust <b>metalkarabinhage<\/b> som standard, hvilket forst\u00e6rker produktets h\u00f8je kvalitetsfornemmelse. Uanset om den bruges til at holde sikre adgangskort eller kraftige n\u00f8gles\u00e6t, kombinerer denne lanyard funktionel styrke med en unik visuel og taktil appel, der f\u00e5r dit brand bem\u00e6rket.<\/p>\n<p data-path-to-node=\"14\"><b>N\u00f8glefunktioner:<\/b><\/p>\n<ul data-path-to-node=\"15\">\n<li>\n<p data-path-to-node=\"15,0,0\"><b>Forbedret 3D-teknologi:<\/b> Logoer er trykt i silikone med h\u00f8j densitet for at give en taktil, &quot;pr\u00e6get&quot; effekt.<\/p>\n<\/li>\n<li>\n<p data-path-to-node=\"15,1,0\"><b>Premium-grafik:<\/b> Tilf\u00f8jer dybde og en luksuri\u00f8s f\u00f8lelse, perfekt til at fremh\u00e6ve VIP&#039;er eller personale.<\/p>\n<\/li>\n<li>\n<p data-path-to-node=\"15,2,0\"><b>Tilpasning:<\/b> Fuld Pantone-matchning tilg\u00e6ngelig for det h\u00e6vede printlag.<\/p>\n<\/li>\n<li>\n<p data-path-to-node=\"15,3,0\"><b>Holdbarhed:<\/b> Polyesterremmen og silikonetrykket er designet til langvarig daglig brug.<\/p>\n<\/li>\n<li>\n<p data-path-to-node=\"15,4,0\"><b>Hardware:<\/b> Inkluderer en kraftig metalkarabinhage; andet tilbeh\u00f8r kan f\u00e5s p\u00e5 foresp\u00f8rgsel.<\/p>\n<\/li>\n<\/ul>\n<\/div>\n<\/div>\n<\/div>\n<\/div>","protected":false},"excerpt":{"rendered":"<ul>\n<li>\n<p data-path-to-node=\"9,0,0\"><b>Taktil branding:<\/b> Innovativ h\u00f8jdensitetsudskrivning skaber en h\u00e6vet 3D-logoeffekt, du kan m\u00e6rke.<\/p>\n<\/li>\n<li>\n<p data-path-to-node=\"9,1,0\"><b>Premium \u00e6stetik:<\/b> Giver et sofistikeret, moderne udseende, der er bedre end standard fladsk\u00e6rmstryk.<\/p>\n<\/li>\n<li>\n<p data-path-to-node=\"9,2,0\"><b>Holdbar finish:<\/b> Det silikonebaserede 3D-print er yderst modstandsdygtigt over for slid, vask og falmning.<\/p>\n<\/li>\n<li>\n<p data-path-to-node=\"9,3,0\"><b>Virksomhedens identitet:<\/b> F\u00e5s med Pantone-matchede farver p\u00e5 en slidst\u00e6rk 90 cm polyesterrem.<\/p>\n<\/li>\n<li><\/li>\n<\/ul>","protected":false},"featured_media":6826,"comment_status":"closed","ping_status":"closed","template":"","meta":[],"product_brand":[],"product_cat":[104],"product_tag":[],"class_list":{"0":"post-1263","1":"product","2":"type-product","3":"status-publish","4":"has-post-thumbnail","6":"product_cat-custom-printed-lanyards","8":"first","9":"instock","10":"shipping-taxable","11":"purchasable","12":"product-type-simple"},"_links":{"self":[{"href":"https:\/\/displayproducts.eu\/da\/wp-json\/wp\/v2\/product\/1263","targetHints":{"allow":["GET"]}}],"collection":[{"href":"https:\/\/displayproducts.eu\/da\/wp-json\/wp\/v2\/product"}],"about":[{"href":"https:\/\/displayproducts.eu\/da\/wp-json\/wp\/v2\/types\/product"}],"replies":[{"embeddable":true,"href":"https:\/\/displayproducts.eu\/da\/wp-json\/wp\/v2\/comments?post=1263"}],"wp:featuredmedia":[{"embeddable":true,"href":"https:\/\/displayproducts.eu\/da\/wp-json\/wp\/v2\/media\/6826"}],"wp:attachment":[{"href":"https:\/\/displayproducts.eu\/da\/wp-json\/wp\/v2\/media?parent=1263"}],"wp:term":[{"taxonomy":"product_brand","embeddable":true,"href":"https:\/\/displayproducts.eu\/da\/wp-json\/wp\/v2\/product_brand?post=1263"},{"taxonomy":"product_cat","embeddable":true,"href":"https:\/\/displayproducts.eu\/da\/wp-json\/wp\/v2\/product_cat?post=1263"},{"taxonomy":"product_tag","embeddable":true,"href":"https:\/\/displayproducts.eu\/da\/wp-json\/wp\/v2\/product_tag?post=1263"}],"curies":[{"name":"wp","href":"https:\/\/api.w.org\/{rel}","templated":true}]}}