{"id":1259,"date":"2024-10-27T11:54:13","date_gmt":"2024-10-27T08:54:13","guid":{"rendered":"https:\/\/wristbandfactory.eu\/toode\/recycled-pet-sublimation-lanyards\/"},"modified":"2026-04-01T21:52:36","modified_gmt":"2026-04-01T18:52:36","slug":"eco-friendly-rpet-lanyards-full-color-sublimation","status":"publish","type":"product","link":"https:\/\/displayproducts.eu\/da\/p\/eco-friendly-rpet-lanyards-full-color-sublimation\/","title":{"rendered":"B\u00e6redygtige rPET keyhangers med fuldfarve tryk"},"content":{"rendered":"<div class=\"mx-12 md:mx-24 lg:mx-48\">\n<div class=\"container my-8 svelte-zlsknf\">\n<div class=\"my-24 rounded-lg border-0 border-gray-700 bg-gray-100 px-16 py-24\">\n<div class=\"mt-11 !text-gray-500\">\n<p data-path-to-node=\"11\">Vis dit brands engagement i b\u00e6redygtighed uden at ofre en visuel identitet med stor effekt. <b>Milj\u00f8venlige rPET sublimeringssnore<\/b> er det bedste valg for milj\u00f8bevidste organisationer, gr\u00f8nne konferencer og festivaler, der \u00f8nsker at reducere deres CO2-aftryk.<\/p>\n<p data-path-to-node=\"12\"><span data-path-to-node=\"12,1\"><span class=\"citation-171\">Disse n\u00f8glesnore er fremstillet af 100% genbrugt PET (rPET) og genbruger plastaffald fra forbrugere til et holdbart tekstilb\u00e5nd af h\u00f8j kvalitet.<\/span><\/span><span data-path-to-node=\"12,3\">. Selvom materialet er genbrugt, har det en bem\u00e6rkelsesv\u00e6rdig fin v\u00e6vning, der giver et glat og eksklusivt l\u00e6rred. Denne overflade er specielt udviklet til <b>farvesublimeringstryk<\/b>, hvilket giver mulighed for fantastiske, fotorealistiske designs p\u00e5 den ene eller begge sider. I mods\u00e6tning til serigrafi farver sublimering stoffets fibre direkte, hvilket sikrer, at komplekse logoer, detaljerede billeder og livlige gradienter ikke revner, falmer eller skaller af med tiden.<\/span><\/p>\n<p data-path-to-node=\"13\"><span data-path-to-node=\"13,1\"><span class=\"citation-170\">Hver snor leveres med en holdbar <\/span><b><span class=\"citation-170\">metalkarabinhage<\/span><\/b><span class=\"citation-170\"> som standard, med sikker fastg\u00f8relse til ID-kort og adgangskort<\/span><\/span><span data-path-to-node=\"13,3\">. <\/span><span data-path-to-node=\"13,5\"><span class=\"citation-169\">For virksomhedsmilj\u00f8er eller store arrangementer, hvor overholdelse af sundheds- og sikkerhedsregler er en prioritet, anbefaler vi kraftigt at tilf\u00f8je det valgfrie <\/span><b><span class=\"citation-169\">sikkerhedsafbryderklemme<\/span><\/b><\/span><span data-path-to-node=\"13,7\">, som udl\u00f8ser snoren, hvis der tr\u00e6kkes kraftigt i den.<\/span><\/p>\n<p data-path-to-node=\"14\"><b>N\u00f8glefunktioner:<\/b><\/p>\n<ul data-path-to-node=\"15\">\n<li>\n<p data-path-to-node=\"15,0,0\"><b>Milj\u00f8venligt materiale:<\/b> Fremstillet af 100% genbrugt PET (rPET) udvundet af forbrugsplast.<\/p>\n<\/li>\n<li>\n<p data-path-to-node=\"15,1,0\"><b>Fuldfarvet sublimering:<\/b> Muligg\u00f8r levende, falmebestandige og fotorealistiske grafikker p\u00e5 1 eller 2 sider.<\/p>\n<\/li>\n<li>\n<p data-path-to-node=\"15,2,0\"><b>Komfortpasform:<\/b> 90 cm reml\u00e6ngde med en bl\u00f8d finish for behagelig brug hele dagen.<\/p>\n<\/li>\n<li>\n<p data-path-to-node=\"15,3,0\"><b>Sikkerhedsmuligheder:<\/b> Valgfri afbryderklips tilg\u00e6ngelig for forbedret brugersikkerhed i aktive milj\u00f8er.<\/p>\n<\/li>\n<li>\n<p data-path-to-node=\"15,4,0\"><b>Alsidig hardware:<\/b> Leveres med en robust metalkarabinhage; andre klipstyper f\u00e5s p\u00e5 foresp\u00f8rgsel.<\/p>\n<\/li>\n<\/ul>\n<\/div>\n<\/div>\n<\/div>\n<\/div>","protected":false},"excerpt":{"rendered":"<ul>\n<li>\n<p data-path-to-node=\"9,0,0\"><b>Certificeret b\u00e6redygtighed:<\/b> Lavet af 100% genbrugte plastikflasker (rPET), hvilket reducerer milj\u00f8p\u00e5virkningen.<\/p>\n<\/li>\n<li>\n<p data-path-to-node=\"9,1,0\"><b>High-Definition-branding:<\/b> Glat overflade muligg\u00f8r sublimeringstryk i fuld farve fra kant til kant.<\/p>\n<\/li>\n<li>\n<p data-path-to-node=\"9,2,0\"><b>Komplekse designs:<\/b> Perfekt til indviklede logoer, gradienter og fotografiske billeder.<\/p>\n<\/li>\n<li>\n<p data-path-to-node=\"9,3,0\"><b>Sikkerhed og nyttev\u00e6rdi:<\/b> Inkluderer en standard metalkarabinhage; valgfri sikkerhedsafbryder tilg\u00e6ngelig for overholdelse af reglerne.<\/p>\n<\/li>\n<li><\/li>\n<\/ul>","protected":false},"featured_media":6833,"comment_status":"closed","ping_status":"closed","template":"","meta":[],"product_brand":[],"product_cat":[43,104,106],"product_tag":[],"class_list":{"0":"post-1259","1":"product","2":"type-product","3":"status-publish","4":"has-post-thumbnail","6":"product_cat-lanyards","7":"product_cat-custom-printed-lanyards","8":"product_cat-breakaway-lanyards","10":"first","11":"instock","12":"shipping-taxable","13":"purchasable","14":"product-type-simple"},"_links":{"self":[{"href":"https:\/\/displayproducts.eu\/da\/wp-json\/wp\/v2\/product\/1259","targetHints":{"allow":["GET"]}}],"collection":[{"href":"https:\/\/displayproducts.eu\/da\/wp-json\/wp\/v2\/product"}],"about":[{"href":"https:\/\/displayproducts.eu\/da\/wp-json\/wp\/v2\/types\/product"}],"replies":[{"embeddable":true,"href":"https:\/\/displayproducts.eu\/da\/wp-json\/wp\/v2\/comments?post=1259"}],"wp:featuredmedia":[{"embeddable":true,"href":"https:\/\/displayproducts.eu\/da\/wp-json\/wp\/v2\/media\/6833"}],"wp:attachment":[{"href":"https:\/\/displayproducts.eu\/da\/wp-json\/wp\/v2\/media?parent=1259"}],"wp:term":[{"taxonomy":"product_brand","embeddable":true,"href":"https:\/\/displayproducts.eu\/da\/wp-json\/wp\/v2\/product_brand?post=1259"},{"taxonomy":"product_cat","embeddable":true,"href":"https:\/\/displayproducts.eu\/da\/wp-json\/wp\/v2\/product_cat?post=1259"},{"taxonomy":"product_tag","embeddable":true,"href":"https:\/\/displayproducts.eu\/da\/wp-json\/wp\/v2\/product_tag?post=1259"}],"curies":[{"name":"wp","href":"https:\/\/api.w.org\/{rel}","templated":true}]}}