{"id":1256,"date":"2024-10-27T11:54:13","date_gmt":"2024-10-27T08:54:13","guid":{"rendered":"https:\/\/wristbandfactory.eu\/toode\/cork-lanyards\/"},"modified":"2026-04-01T21:52:36","modified_gmt":"2026-04-01T18:52:36","slug":"printed-cork-lanyards","status":"publish","type":"product","link":"https:\/\/displayproducts.eu\/da\/p\/printed-cork-lanyards\/","title":{"rendered":"Kork keyhangers med tryk (Naturlig)"},"content":{"rendered":"<div class=\"mx-12 md:mx-24 lg:mx-48\">\n<div class=\"container my-8 svelte-zlsknf\">\n<div class=\"my-24 rounded-lg border-0 border-gray-700 bg-gray-100 px-16 py-24\">\n<div class=\"mt-11 !text-gray-500\">\n<p data-path-to-node=\"11\">Lav et ansvarligt og stilfuldt statement p\u00e5 din n\u00e6ste konference eller messe med vores <b>Trykte kork-snore<\/b>. Denne lanyard er den ideelle l\u00f8sning for milj\u00f8bevidste organisationer, der \u00f8nsker at kombinere b\u00e6redygtige materialer med professionel branding og tilbyder et sofistikeret alternativ til syntetiske fibre.<\/p>\n<p data-path-to-node=\"12\">Lavet af <b>\u00e6gte, naturlig kork<\/b>, Denne 90 cm lange snor tilbyder en unik f\u00f8lelse af h\u00f8j kvalitet, der er \u00f8jeblikkeligt genkendelig. Materialet h\u00f8stes fra barken af korkege uden at skade selve tr\u00e6et, hvilket g\u00f8r det til en \u00e6gte vedvarende ressource. Ud over sine milj\u00f8m\u00e6ssige egenskaber er kork naturligt holdbart, vandafvisende og allergivenligt, hvilket sikrer komfort til daglig brug.<\/p>\n<p data-path-to-node=\"13\">Vi kan <b>brugerdefineret tryk af dit logo<\/b> p\u00e5 en eller to sider af stroppen. Kork har en naturlig tekstur, men vores avancerede serigrafiproces sikrer, at dit design forbliver l\u00e6seligt og farven\u00f8jagtigt (ved hj\u00e6lp af <b>Pantone-matchning<\/b>Korkens naturlige brune farve giver en smuk, neutral baggrund, der f\u00e5r m\u00f8rke logoer til at fremst\u00e5. Hver lanyard leveres som standard med en p\u00e5lidelig <b>metalkarabinhage<\/b>, der giver en sikker fastg\u00f8relse til eventkort eller ID-kort.<\/p>\n<p data-path-to-node=\"14\"><b>N\u00f8glefunktioner:<\/b><\/p>\n<ul data-path-to-node=\"15\">\n<li>\n<p data-path-to-node=\"15,0,0\"><b>Materiale:<\/b> \u00c6gte naturlig kork (fornybar og bionedbrydelig).<\/p>\n<\/li>\n<li>\n<p data-path-to-node=\"15,1,0\"><b>Visuel effekt:<\/b> Unik tr\u00e6struktur formidler &quot;Premium Eco&quot;.<\/p>\n<\/li>\n<li>\n<p data-path-to-node=\"15,2,0\"><b>Trykning:<\/b> Silketryk med Pantone-pr\u00e6cision p\u00e5 1 eller 2 sider.<\/p>\n<\/li>\n<li>\n<p data-path-to-node=\"15,3,0\"><b>Holdbarhed:<\/b> Naturligt vandafvisende og robust nok til langvarig brug.<\/p>\n<\/li>\n<li>\n<p data-path-to-node=\"15,4,0\"><b>Hardware:<\/b> Inkluderer en robust metalkarabinhage; andre klipsmuligheder er tilg\u00e6ngelige.<\/p>\n<\/li>\n<li>\n<p data-path-to-node=\"15,5,0\"><b>Komfort:<\/b> Let og bl\u00f8d mod huden.<\/p>\n<\/li>\n<\/ul>\n<\/div>\n<\/div>\n<\/div>\n<\/div>","protected":false},"excerpt":{"rendered":"<ul>\n<li>\n<p data-path-to-node=\"9,0,0\"><b>S\u00e6rpr\u00e6get \u00e6stetik:<\/b> Korkens naturlige tr\u00e6lignende tekstur skaber et unikt og eksklusivt look, der skiller sig ud fra standard lanyards \/ N\u00f8glesnore.<\/p>\n<\/li>\n<li>\n<p data-path-to-node=\"9,1,0\"><b>Certificeret b\u00e6redygtig:<\/b> Lavet af \u00e6gte fornybar kork, hvilket viser et st\u00e6rkt engagement i milj\u00f8ansvar.<\/p>\n<\/li>\n<li>\n<p data-path-to-node=\"9,2,0\"><b>Brugerdefineret branding:<\/b> Trods den teksturerede overflade tilbyder vi klar serigrafi med Pantone-farvematchning p\u00e5 1 eller 2 sider.<\/p>\n<\/li>\n<li>\n<p data-path-to-node=\"9,3,0\"><b>Holdbar og vandafvisende:<\/b> Kork er naturligt robust og fugtbestandigt, hvilket g\u00f8r det ideelt til flerdagesarrangementer.<\/p>\n<\/li>\n<\/ul>","protected":false},"featured_media":6730,"comment_status":"closed","ping_status":"closed","template":"","meta":[],"product_brand":[],"product_cat":[43,107],"product_tag":[],"class_list":{"0":"post-1256","1":"product","2":"type-product","3":"status-publish","4":"has-post-thumbnail","6":"product_cat-lanyards","7":"product_cat-eco-friendly-lanyards","9":"first","10":"instock","11":"shipping-taxable","12":"purchasable","13":"product-type-simple"},"_links":{"self":[{"href":"https:\/\/displayproducts.eu\/da\/wp-json\/wp\/v2\/product\/1256","targetHints":{"allow":["GET"]}}],"collection":[{"href":"https:\/\/displayproducts.eu\/da\/wp-json\/wp\/v2\/product"}],"about":[{"href":"https:\/\/displayproducts.eu\/da\/wp-json\/wp\/v2\/types\/product"}],"replies":[{"embeddable":true,"href":"https:\/\/displayproducts.eu\/da\/wp-json\/wp\/v2\/comments?post=1256"}],"wp:featuredmedia":[{"embeddable":true,"href":"https:\/\/displayproducts.eu\/da\/wp-json\/wp\/v2\/media\/6730"}],"wp:attachment":[{"href":"https:\/\/displayproducts.eu\/da\/wp-json\/wp\/v2\/media?parent=1256"}],"wp:term":[{"taxonomy":"product_brand","embeddable":true,"href":"https:\/\/displayproducts.eu\/da\/wp-json\/wp\/v2\/product_brand?post=1256"},{"taxonomy":"product_cat","embeddable":true,"href":"https:\/\/displayproducts.eu\/da\/wp-json\/wp\/v2\/product_cat?post=1256"},{"taxonomy":"product_tag","embeddable":true,"href":"https:\/\/displayproducts.eu\/da\/wp-json\/wp\/v2\/product_tag?post=1256"}],"curies":[{"name":"wp","href":"https:\/\/api.w.org\/{rel}","templated":true}]}}