{"id":1254,"date":"2024-10-27T11:54:13","date_gmt":"2024-10-27T08:54:13","guid":{"rendered":"https:\/\/wristbandfactory.eu\/toode\/organic-cotton-lanyards\/"},"modified":"2026-04-01T21:52:36","modified_gmt":"2026-04-01T18:52:36","slug":"printed-organic-cotton-lanyards-sustainable-branding","status":"publish","type":"product","link":"https:\/\/displayproducts.eu\/da\/p\/printed-organic-cotton-lanyards-sustainable-branding\/","title":{"rendered":"\u00d8kologiske bomuld keyhangers med tryk"},"content":{"rendered":"<div class=\"mx-12 md:mx-24 lg:mx-48\">\n<div class=\"container my-8 svelte-zlsknf\">\n<div class=\"my-24 rounded-lg border-0 border-gray-700 bg-gray-100 px-16 py-24\">\n<div class=\"mt-11 !text-gray-500\">\n<p data-path-to-node=\"11\">Vis din organisations engagement i b\u00e6redygtighed uden at g\u00e5 p\u00e5 kompromis med kvaliteten. <b>Trykte \u00f8kologiske bomuldssnore<\/b> er det bedste valg til milj\u00f8bevidste konferencer, messer og virksomhedsmilj\u00f8er, hvor reduktion af plastaffald er en prioritet.<\/p>\n<p data-path-to-node=\"12\">Lavet af <b>100% \u00f8kologisk bomuld<\/b>, denne lanyard tilbyder en klar fordel i forhold til standard polyester: en \u00e6gte bl\u00f8d, naturlig fornemmelse, der er behagelig mod huden i l\u00e6ngere perioder. B\u00e5ndets naturlige matte tekstur kommunikerer et \u00f8jeblikkeligt budskab om milj\u00f8ansvar til dine deltagere og kunder.<\/p>\n<p data-path-to-node=\"13\">Selvom det er en naturlig fiber, giver materialet en slidst\u00e6rk overflade til branding. Vi bruger <b>Pantone-matchet serigrafi<\/b> for at sikre, at dit logo gengives n\u00f8jagtigt p\u00e5 den ene eller begge sider af stroppen. Dette giver dig mulighed for at overholde strenge brandretningslinjer, samtidig med at du bruger en vedvarende ressource. Hver lanyard leveres som standard med en p\u00e5lidelig <b>metalkarabinhage<\/b>, hvilket sikrer en sikker opbevaring af badges og adgangskort.<\/p>\n<p data-path-to-node=\"14\"><b>N\u00f8glefunktioner:<\/b><\/p>\n<ul data-path-to-node=\"15\">\n<li>\n<p data-path-to-node=\"15,0,0\"><b>Milj\u00f8venligt materiale:<\/b> 100% \u00d8kologisk bomuld reducerer milj\u00f8p\u00e5virkningen og underst\u00f8tter CSR-m\u00e5l.<\/p>\n<\/li>\n<li>\n<p data-path-to-node=\"15,1,0\"><b>Overlegen komfort:<\/b> Us\u00e6dvanlig bl\u00f8d, naturlig tekstur forhindrer irritation under heldagsbrug.<\/p>\n<\/li>\n<li>\n<p data-path-to-node=\"15,2,0\"><b>Brugerdefineret branding:<\/b> H\u00f8jkvalitets serigrafi med Pantone-farvematchning.<\/p>\n<\/li>\n<li>\n<p data-path-to-node=\"15,3,0\"><b>Standardst\u00f8rrelse:<\/b> 90 cm l\u00e6ngde x 20 mm bredde (standard) passer komfortabelt til alle deltagere.<\/p>\n<\/li>\n<li>\n<p data-path-to-node=\"15,4,0\"><b>Hardware:<\/b> Kraftig metalkarabinhage medf\u00f8lger; kompatibel med vores milj\u00f8venlige ID-holdere.<\/p>\n<\/li>\n<\/ul>\n<\/div>\n<\/div>\n<\/div>\n<\/div>","protected":false},"excerpt":{"rendered":"<ul>\n<li>\n<p data-path-to-node=\"9,0,0\"><b>Certificeret b\u00e6redygtighed:<\/b> Lavet af 100% naturlig \u00f8kologisk bomuld, ideel til gr\u00f8nne events og CSR-fokuserede brands.<\/p>\n<\/li>\n<li>\n<p data-path-to-node=\"9,1,0\"><b>Premium bl\u00f8dhed:<\/b> De naturlige fibre tilbyder en overlegen, hudvenlig tekstur sammenlignet med syntetiske alternativer.<\/p>\n<\/li>\n<li>\n<p data-path-to-node=\"9,2,0\"><b>Pr\u00e6cis branding:<\/b> Serigrafitryk med dit Pantone-matchede logo p\u00e5 1 eller 2 sider for et rent og professionelt udseende.<\/p>\n<\/li>\n<li>\n<p data-path-to-node=\"9,3,0\"><b>Robust hardware:<\/b> Inkluderer en metalkarabinhage af h\u00f8j kvalitet til sikker fastg\u00f8relse af bionedbrydelige eller standard ID-holdere.<\/p>\n<\/li>\n<li><\/li>\n<\/ul>","protected":false},"featured_media":6745,"comment_status":"closed","ping_status":"closed","template":"","meta":[],"product_brand":[],"product_cat":[104,107],"product_tag":[],"class_list":{"0":"post-1254","1":"product","2":"type-product","3":"status-publish","4":"has-post-thumbnail","6":"product_cat-custom-printed-lanyards","7":"product_cat-eco-friendly-lanyards","9":"first","10":"instock","11":"shipping-taxable","12":"purchasable","13":"product-type-simple"},"_links":{"self":[{"href":"https:\/\/displayproducts.eu\/da\/wp-json\/wp\/v2\/product\/1254","targetHints":{"allow":["GET"]}}],"collection":[{"href":"https:\/\/displayproducts.eu\/da\/wp-json\/wp\/v2\/product"}],"about":[{"href":"https:\/\/displayproducts.eu\/da\/wp-json\/wp\/v2\/types\/product"}],"replies":[{"embeddable":true,"href":"https:\/\/displayproducts.eu\/da\/wp-json\/wp\/v2\/comments?post=1254"}],"wp:featuredmedia":[{"embeddable":true,"href":"https:\/\/displayproducts.eu\/da\/wp-json\/wp\/v2\/media\/6745"}],"wp:attachment":[{"href":"https:\/\/displayproducts.eu\/da\/wp-json\/wp\/v2\/media?parent=1254"}],"wp:term":[{"taxonomy":"product_brand","embeddable":true,"href":"https:\/\/displayproducts.eu\/da\/wp-json\/wp\/v2\/product_brand?post=1254"},{"taxonomy":"product_cat","embeddable":true,"href":"https:\/\/displayproducts.eu\/da\/wp-json\/wp\/v2\/product_cat?post=1254"},{"taxonomy":"product_tag","embeddable":true,"href":"https:\/\/displayproducts.eu\/da\/wp-json\/wp\/v2\/product_tag?post=1254"}],"curies":[{"name":"wp","href":"https:\/\/api.w.org\/{rel}","templated":true}]}}