{"id":1253,"date":"2024-10-27T11:54:13","date_gmt":"2024-10-27T08:54:13","guid":{"rendered":"https:\/\/wristbandfactory.eu\/toode\/sublimation-lanyards-with-2-metal-hooks\/"},"modified":"2026-04-01T21:52:36","modified_gmt":"2026-04-01T18:52:36","slug":"dual-hook-sublimation-lanyards","status":"publish","type":"product","link":"https:\/\/displayproducts.eu\/da\/p\/dual-hook-sublimation-lanyards\/","title":{"rendered":"Sublimeringssnore med dobbelt krog"},"content":{"rendered":"<div class=\"mx-12 md:mx-24 lg:mx-48\">\n<div class=\"container my-8 svelte-zlsknf\">\n<div class=\"my-24 rounded-lg border-0 border-gray-700 bg-gray-100 px-16 py-24\">\n<div class=\"mt-11 !text-gray-500\">\n<p>S\u00f8rg for, at dine brand- og eventreferencer altid er i fokus med vores <b>Sublimeringssnore med dobbelt krog<\/b>. Denne premium-lanyard er den professionelle l\u00f8sning til h\u00e5ndtering af st\u00f8rre eventbadges eller ID-indehavere, da den bruger to fastg\u00f8relsespunkter for at forhindre dem i at dreje eller vende.<\/p>\n<p>Denne lanyard er fremstillet af et fint, 90 cm polyesterb\u00e5nd og giver et glat l\u00e6rred til vores avancerede farvesublimeringstryk. Denne proces giver mulighed for ubegr\u00e6nsede, fotorealistiske designs, herunder komplekse logoer, gradienter og billeder i fuld farve p\u00e5 den ene eller begge sider. Resultatet er en levende, falmebestandig finish, der ikke revner eller skaller af.<\/p>\n<p>De dobbelte metalkarabinhager er ideelle til konferencer, messer og firmaarrangementer og giver et stabilt og sikkert greb til enhver ID-indehaver med to huller. Som angivet i kategorierne f\u00e5s denne lanyard med en sikkerhedsafbrydelig klips for forbedret brugersikkerhed i travle milj\u00f8er.<\/p>\n<p><b>N\u00f8glefunktioner:<\/b><\/p>\n<ul>\n<li><b>Design med dobbelt krog:<\/b> Har to metalkarabinhager til at holde store ID-kort eller eventkort sikkert og vendt fremad.<\/li>\n<li><b>Fuldfarvet sublimering:<\/b> Tilbyder levende, fotorealistisk udskrivning til komplekse logoer og gradienter p\u00e5 1 eller 2 sider.<\/li>\n<li><b>Holdbar 90 cm polyester:<\/b> En behagelig, fin polyesterrem designet til heldagsbrug ved begivenheder, der varer flere dage.<\/li>\n<li><b>Sikkerhedsafbrydelsesmulighed:<\/b> F\u00e5s med en sikringsklips, en afg\u00f8rende sikkerhedsfunktion i virksomhedsmilj\u00f8er.<\/li>\n<li><b>Alsidige tilbeh\u00f8r:<\/b> Leveres som standard med to metalkarabinhager, med andre klipsmuligheder tilg\u00e6ngelige.<\/li>\n<\/ul>\n<\/div>\n<\/div>\n<\/div>\n<\/div>","protected":false},"excerpt":{"rendered":"<ul>\n<li>Forhindr, at badget drejer rundt med et sikkert design med dobbelt krog (2x metalkarabinhager).<\/li>\n<li>Fremh\u00e6v dit brand med levende, fuldfarvet sublimering (1 eller 2 sider).<\/li>\n<li>Holdbar 90 cm fin polyesterrem, ideel til flerdagskonferencer.<\/li>\n<li>F\u00e5s med en valgfri sikkerhedsafbryderklips for forbedret brugersikkerhed.<\/li>\n<\/ul>","protected":false},"featured_media":6694,"comment_status":"closed","ping_status":"closed","template":"","meta":[],"product_brand":[],"product_cat":[43,106],"product_tag":[],"class_list":{"0":"post-1253","1":"product","2":"type-product","3":"status-publish","4":"has-post-thumbnail","6":"product_cat-lanyards","7":"product_cat-breakaway-lanyards","9":"first","10":"instock","11":"shipping-taxable","12":"purchasable","13":"product-type-simple"},"_links":{"self":[{"href":"https:\/\/displayproducts.eu\/da\/wp-json\/wp\/v2\/product\/1253","targetHints":{"allow":["GET"]}}],"collection":[{"href":"https:\/\/displayproducts.eu\/da\/wp-json\/wp\/v2\/product"}],"about":[{"href":"https:\/\/displayproducts.eu\/da\/wp-json\/wp\/v2\/types\/product"}],"replies":[{"embeddable":true,"href":"https:\/\/displayproducts.eu\/da\/wp-json\/wp\/v2\/comments?post=1253"}],"wp:featuredmedia":[{"embeddable":true,"href":"https:\/\/displayproducts.eu\/da\/wp-json\/wp\/v2\/media\/6694"}],"wp:attachment":[{"href":"https:\/\/displayproducts.eu\/da\/wp-json\/wp\/v2\/media?parent=1253"}],"wp:term":[{"taxonomy":"product_brand","embeddable":true,"href":"https:\/\/displayproducts.eu\/da\/wp-json\/wp\/v2\/product_brand?post=1253"},{"taxonomy":"product_cat","embeddable":true,"href":"https:\/\/displayproducts.eu\/da\/wp-json\/wp\/v2\/product_cat?post=1253"},{"taxonomy":"product_tag","embeddable":true,"href":"https:\/\/displayproducts.eu\/da\/wp-json\/wp\/v2\/product_tag?post=1253"}],"curies":[{"name":"wp","href":"https:\/\/api.w.org\/{rel}","templated":true}]}}