{"id":1250,"date":"2024-10-27T11:54:13","date_gmt":"2024-10-27T08:54:13","guid":{"rendered":"https:\/\/wristbandfactory.eu\/toode\/sublimation-lanyards-with-metal-carabiner\/"},"modified":"2026-04-01T21:52:36","modified_gmt":"2026-04-01T18:52:36","slug":"full-color-sublimation-lanyards-safety-breakaway","status":"publish","type":"product","link":"https:\/\/displayproducts.eu\/da\/p\/full-color-sublimation-lanyards-safety-breakaway\/","title":{"rendered":"Sikkerheds keyhangers med sublimeringstryk"},"content":{"rendered":"<p data-path-to-node=\"11\">Lav en st\u00e6rk statement, mens du prioriterer deltagernes sikkerhed med vores <b>Sublimeringsn\u00e5le i fuld farve med breakaway-funktion<\/b>. Dette produkt er det bedste valg for organisationer, der kr\u00e6ver kompleks branding \u2013 s\u00e5som flerfarvede logoer, gradienter eller fotorealistiske billeder \u2013 uden at g\u00e5 p\u00e5 kompromis med overholdelse af sundheds- og sikkerhedsforskrifter.<\/p>\n<p data-path-to-node=\"12\">Det definerende tr\u00e6k ved denne lanyard er den integrerede <b>sikkerhedsafbryderklemme<\/b> placeret bag p\u00e5 nakken. Denne mekanisme er designet til at udl\u00f8ses automatisk, hvis snoren tr\u00e6kkes kraftigt eller sidder fast i maskiner\/d\u00f8re, hvilket forhindrer skader. Dette g\u00f8r den til et vigtigt krav for skoler, hospitaler, industrimilj\u00f8er og store offentlige arrangementer.<\/p>\n<p data-path-to-node=\"13\">Visuelt bruger lanyarden avanceret <b>farvesublimeringstryk<\/b>. Dit design indprentes permanent direkte i fibrene i det 90 cm fine polyesterb\u00e5nd i stedet for at ligge oven p\u00e5 det. Dette sikrer kant-til-kant-d\u00e6kning og en finish, der er fuldst\u00e6ndig modstandsdygtig over for revner, afskalning eller falmning. Det glatte polyestermateriale er us\u00e6dvanligt bl\u00f8dt, hvilket sikrer komfort hele dagen for personale og g\u00e6ster. Hver lanyard leveres som standard med en p\u00e5lidelig <b>metalkarabinhage<\/b> til sikker fastg\u00f8relse af ID-kort eller adgangskort.<\/p>\n<p data-path-to-node=\"14\"><b>N\u00f8glefunktioner:<\/b><\/p>\n<ul data-path-to-node=\"15\">\n<li>\n<p data-path-to-node=\"15,0,0\"><b>Sikkerhedsafbryderklemme:<\/b> Essentiel sikkerhedsfunktion, der udl\u00f8ses under tryk; ideel til virksomheds-, medicinsk og industriel brug.<\/p>\n<\/li>\n<li>\n<p data-path-to-node=\"15,1,0\"><b>Fuldfarvet sublimering:<\/b> Giver mulighed for fotorealistiske, komplekse designs og gradienter p\u00e5 tv\u00e6rs af hele overfladen.<\/p>\n<\/li>\n<li>\n<p data-path-to-node=\"15,2,0\"><b>Holdbar fin polyester:<\/b> Glat 90 cm b\u00e5nd forhindrer hudirritation og t\u00e5ler daglig brug.<\/p>\n<\/li>\n<li>\n<p data-path-to-node=\"15,3,0\"><b>Dobbeltsidet udskrivning:<\/b> F\u00e5s med branding p\u00e5 den ene eller begge sider for at maksimere eksponeringen.<\/p>\n<\/li>\n<li>\n<p data-path-to-node=\"15,4,0\"><b>Sikker fastg\u00f8relse:<\/b> Inkluderer en robust metalkarabinhage (andre klipsmuligheder f\u00e5s p\u00e5 foresp\u00f8rgsel).<\/p>\n<\/li>\n<\/ul>","protected":false},"excerpt":{"rendered":"<ul>\n<li>\n<p data-path-to-node=\"9,0,0\"><b>Obligatorisk sikkerhed:<\/b> Udstyret med en sikkerhedsklips, der udl\u00f8ses under sp\u00e6nding, og som opfylder standardsikkerhedsregler for virksomheder og events.<\/p>\n<\/li>\n<li>\n<p data-path-to-node=\"9,1,0\"><b>Ubegr\u00e6nset design:<\/b> Farvesublimeringsteknologi muligg\u00f8r fuldfarveudskrivning fra kant til kant af komplekse logoer, fotos og gradienter.<\/p>\n<\/li>\n<li>\n<p data-path-to-node=\"9,2,0\"><b>Permanent finish:<\/b> Bl\u00e6k er indspr\u00f8jtet i stoffet, hvilket sikrer, at designet aldrig revner, skaller af eller falmer.<\/p>\n<\/li>\n<li>\n<p data-path-to-node=\"9,3,0\"><b>Komfort og holdbarhed:<\/b> Lavet af bl\u00f8d, fintv\u00e6vet polyester (90 cm), der er behagelig til langvarig brug.<\/p>\n<\/li>\n<\/ul>","protected":false},"featured_media":6712,"comment_status":"closed","ping_status":"closed","template":"","meta":[],"product_brand":[],"product_cat":[43,104,106],"product_tag":[],"class_list":{"0":"post-1250","1":"product","2":"type-product","3":"status-publish","4":"has-post-thumbnail","6":"product_cat-lanyards","7":"product_cat-custom-printed-lanyards","8":"product_cat-breakaway-lanyards","10":"first","11":"instock","12":"shipping-taxable","13":"purchasable","14":"product-type-simple"},"_links":{"self":[{"href":"https:\/\/displayproducts.eu\/da\/wp-json\/wp\/v2\/product\/1250","targetHints":{"allow":["GET"]}}],"collection":[{"href":"https:\/\/displayproducts.eu\/da\/wp-json\/wp\/v2\/product"}],"about":[{"href":"https:\/\/displayproducts.eu\/da\/wp-json\/wp\/v2\/types\/product"}],"replies":[{"embeddable":true,"href":"https:\/\/displayproducts.eu\/da\/wp-json\/wp\/v2\/comments?post=1250"}],"wp:featuredmedia":[{"embeddable":true,"href":"https:\/\/displayproducts.eu\/da\/wp-json\/wp\/v2\/media\/6712"}],"wp:attachment":[{"href":"https:\/\/displayproducts.eu\/da\/wp-json\/wp\/v2\/media?parent=1250"}],"wp:term":[{"taxonomy":"product_brand","embeddable":true,"href":"https:\/\/displayproducts.eu\/da\/wp-json\/wp\/v2\/product_brand?post=1250"},{"taxonomy":"product_cat","embeddable":true,"href":"https:\/\/displayproducts.eu\/da\/wp-json\/wp\/v2\/product_cat?post=1250"},{"taxonomy":"product_tag","embeddable":true,"href":"https:\/\/displayproducts.eu\/da\/wp-json\/wp\/v2\/product_tag?post=1250"}],"curies":[{"name":"wp","href":"https:\/\/api.w.org\/{rel}","templated":true}]}}