{"id":1247,"date":"2024-10-27T11:54:13","date_gmt":"2024-10-27T08:54:13","guid":{"rendered":"https:\/\/wristbandfactory.eu\/toode\/satin-lanyards-with-1-sided-silkscreen-logo-design\/"},"modified":"2026-04-01T21:52:36","modified_gmt":"2026-04-01T18:52:36","slug":"printed-satin-lanyards-premium-vip-branding","status":"publish","type":"product","link":"https:\/\/displayproducts.eu\/da\/p\/printed-satin-lanyards-premium-vip-branding\/","title":{"rendered":"Satin keyhangers med logotryk"},"content":{"rendered":"<p data-path-to-node=\"11\">G\u00f8r et sofistikeret indtryk p\u00e5 din n\u00e6ste konference, messe eller firmasammenkomst med vores <b>Trykte satin-snore<\/b>. I mods\u00e6tning til standard polyester tilbyder satin en udpr\u00e6get eksklusiv l\u00f8sning, der forbedrer dit brands image gennem sin tekstur og glans. Den glatte, skinnende finish giver et professionelt udseende og en professionel f\u00f8lelse, hvilket g\u00f8r det til det perfekte valg for VIP-g\u00e6ster, virksomhedspersonale og premium brandaktiveringer.<\/p>\n<p data-path-to-node=\"12\">Disse n\u00f8glesnore er lavet af fint satinb\u00e5nd og m\u00e5ler cirka 90 cm i l\u00e6ngden. P\u00e5 grund af materialets glatte natur p\u00e5f\u00f8rer vi dit logo med et materiale af h\u00f8j kvalitet. <b>uden tryktsidet silketryk<\/b>. Denne metode sikrer din <b>Pantone-matchede farver<\/b> forbliver skarpe og levende og skaber en smuk kontrast mod den skinnende baggrund.<\/p>\n<p data-path-to-node=\"13\"><i>Bem\u00e6rkning om udskrivning:<\/i> P\u00e5 grund af den fine satins fine og let gennemskinnelige natur er designet ofte svagt synligt p\u00e5 bagsiden. Dette er en standardkarakteristik for satin-snore af h\u00f8j kvalitet og bidrager til deres autentiske tekstilfornemmelse.<\/p>\n<p data-path-to-node=\"14\">Hver lanyard leveres som standard med en holdbar <b>metalkarabinhage<\/b>, hvilket sikrer sikker fastg\u00f8relse til ID-kort eller n\u00f8gler. For en fuldst\u00e6ndig sammenh\u00e6ngende premiumoplevelse anbefaler vi at kombinere disse lanyards \/ N\u00f8glesnore med vores stive kortholdere.<\/p>\n<p data-path-to-node=\"15\"><b>N\u00f8glefunktioner:<\/b><\/p>\n<ul data-path-to-node=\"16\">\n<li>\n<p data-path-to-node=\"16,0,0\"><b>Materiale:<\/b> Fin satin med en glat, blank finish for en luksuri\u00f8s \u00e6stetik.<\/p>\n<\/li>\n<li>\n<p data-path-to-node=\"16,1,0\"><b>Trykning:<\/b> Uden tryktsidet silketryk for levende branding med h\u00f8j kontrast.<\/p>\n<\/li>\n<li>\n<p data-path-to-node=\"16,2,0\"><b>Farvematchning:<\/b> Pr\u00e6cis Pantone-matchning til dit firmalogo.<\/p>\n<\/li>\n<li>\n<p data-path-to-node=\"16,3,0\"><b>Standarddimensioner:<\/b> ~90 cm l\u00e6ngde, behagelig til festbrug.<\/p>\n<\/li>\n<li>\n<p data-path-to-node=\"16,4,0\"><b>Hardware:<\/b> Inkluderer en robust metalkarabinhage; specialfremstillede klips kan f\u00e5s.<\/p>\n<\/li>\n<li>\n<p data-path-to-node=\"16,5,0\"><b>Anvendelse:<\/b> Bedst egnet til VIP-adgang, prisuddelinger og modeevents.<\/p>\n<\/li>\n<\/ul>","protected":false},"excerpt":{"rendered":"<ul>\n<li>\n<p data-path-to-node=\"9,0,0\"><b>Luksusfinish:<\/b> Den fine satinv\u00e6vning giver en glat, blank overflade, der f\u00f8les f\u00f8rsteklasses at r\u00f8re ved.<\/p>\n<\/li>\n<li>\n<p data-path-to-node=\"9,1,0\"><b>Skarp detaljering:<\/b> Silketryk i h\u00f8j kvalitet sikrer, at dit logo fremst\u00e5r levende og tydeligt mod den skinnende baggrund.<\/p>\n<\/li>\n<li>\n<p data-path-to-node=\"9,2,0\"><b>VIP &amp; firma:<\/b> Det foretrukne valg til eksklusive konferencer, gallamiddage og eksklusive brandkampagner.<\/p>\n<\/li>\n<li>\n<p data-path-to-node=\"9,3,0\"><b>Professionel hardware:<\/b> Inkluderer en holdbar metalkarabinhage som standard; andet premium-tilbeh\u00f8r kan f\u00e5s.<\/p>\n<\/li>\n<li><\/li>\n<\/ul>","protected":false},"featured_media":6758,"comment_status":"closed","ping_status":"closed","template":"","meta":[],"product_brand":[],"product_cat":[43,104],"product_tag":[],"class_list":{"0":"post-1247","1":"product","2":"type-product","3":"status-publish","4":"has-post-thumbnail","6":"product_cat-lanyards","7":"product_cat-custom-printed-lanyards","9":"first","10":"instock","11":"shipping-taxable","12":"purchasable","13":"product-type-simple"},"_links":{"self":[{"href":"https:\/\/displayproducts.eu\/da\/wp-json\/wp\/v2\/product\/1247","targetHints":{"allow":["GET"]}}],"collection":[{"href":"https:\/\/displayproducts.eu\/da\/wp-json\/wp\/v2\/product"}],"about":[{"href":"https:\/\/displayproducts.eu\/da\/wp-json\/wp\/v2\/types\/product"}],"replies":[{"embeddable":true,"href":"https:\/\/displayproducts.eu\/da\/wp-json\/wp\/v2\/comments?post=1247"}],"wp:featuredmedia":[{"embeddable":true,"href":"https:\/\/displayproducts.eu\/da\/wp-json\/wp\/v2\/media\/6758"}],"wp:attachment":[{"href":"https:\/\/displayproducts.eu\/da\/wp-json\/wp\/v2\/media?parent=1247"}],"wp:term":[{"taxonomy":"product_brand","embeddable":true,"href":"https:\/\/displayproducts.eu\/da\/wp-json\/wp\/v2\/product_brand?post=1247"},{"taxonomy":"product_cat","embeddable":true,"href":"https:\/\/displayproducts.eu\/da\/wp-json\/wp\/v2\/product_cat?post=1247"},{"taxonomy":"product_tag","embeddable":true,"href":"https:\/\/displayproducts.eu\/da\/wp-json\/wp\/v2\/product_tag?post=1247"}],"curies":[{"name":"wp","href":"https:\/\/api.w.org\/{rel}","templated":true}]}}