{"id":1246,"date":"2024-10-27T11:54:13","date_gmt":"2024-10-27T08:54:13","guid":{"rendered":"https:\/\/wristbandfactory.eu\/toode\/flat-polyester-lanyards\/"},"modified":"2026-04-01T21:52:04","modified_gmt":"2026-04-01T18:52:04","slug":"custom-printed-polyester-lanyards-corporate-branding","status":"publish","type":"product","link":"https:\/\/displayproducts.eu\/da\/p\/custom-printed-polyester-lanyards-corporate-branding\/","title":{"rendered":"Med eget tryk polyester-snore \u2013 Corporate Branding"},"content":{"rendered":"<div class=\"mx-12 md:mx-24 lg:mx-48\">\n<div class=\"container my-8 svelte-zlsknf\">\n<div class=\"my-24 rounded-lg border-0 border-gray-700 bg-gray-100 px-16 py-24\">\n<div class=\"mt-11 !text-gray-500\">\n<p data-path-to-node=\"12\">Sikr dit arrangement og foren dit team med vores <b>Med eget tryk trykte polyester-snore<\/b>, branchestandardl\u00f8sningen til effektiv brandsynlighed. Disse lanyards \/ N\u00f8glesnore er udviklet til store m\u00e6ngder af begivenheder s\u00e5som internationale konferencer, messer og store festivaler og tilbyder den optimale balance mellem holdbarhed, printkvalitet og omkostningseffektivitet.<\/p>\n<p data-path-to-node=\"13\">Materialet er fremstillet af flad polyester af h\u00f8j kvalitet og giver et glat l\u00e6rred, der er afg\u00f8rende for klar og l\u00e6selig branding. I mods\u00e6tning til teksturerede alternativer muligg\u00f8r denne flade overflade pr\u00e6cis logogengivelse, hvilket sikrer, at din virksomhedsidentitet vises uden forvr\u00e6ngning. Vi tilbyder <b>Pantone-farvematchning<\/b>, hvilket giver os mulighed for at farve stoffet og trykke dit kunstv\u00e6rk i dine pr\u00e6cise m\u00e6rkefarver p\u00e5 enten den ene eller begge sider.<\/p>\n<p data-path-to-node=\"14\">Hvert n\u00f8glesnor er designet til komfort og funktionalitet og m\u00e5ler cirka 90 cm i l\u00e6ngden, hvilket g\u00f8r den velegnet til alle deltagere. Enheden leveres pr\u00e6monteret med en robust <b>metalkarabinhage<\/b>, hvilket sikrer, at ID-kort, bes\u00f8gskort og adgangsbrikker forbliver sikkert fastgjort under hele arrangementet. For organisationer med specifikke sikkerheds- eller funktionelle behov er alternative tilbeh\u00f8r (s\u00e5som sikkerhedsafbrydere eller andre klemmer) tilg\u00e6ngelige efter anmodning.<\/p>\n<p data-path-to-node=\"15\"><b>N\u00f8glefunktioner:<\/b><\/p>\n<ul data-path-to-node=\"16\">\n<li>\n<p data-path-to-node=\"16,0,0\"><b>Materiale:<\/b> Holdbar flad polyester designet til HD-udskrivning.<\/p>\n<\/li>\n<li>\n<p data-path-to-node=\"16,1,0\"><b>Tilpasning:<\/b> Fuld Pantone-farvematchning til b\u00e5de stof og tryk.<\/p>\n<\/li>\n<li>\n<p data-path-to-node=\"16,2,0\"><b>Udskrivningsmuligheder:<\/b> F\u00e5s med 1-sidet eller 2-sidet logoplacering for maksimal synlighed.<\/p>\n<\/li>\n<li>\n<p data-path-to-node=\"16,3,0\"><b>Standarddimensioner:<\/b> 90 cm l\u00e6ngde x 20 mm bredde (standard) for universel pasform.<\/p>\n<\/li>\n<li>\n<p data-path-to-node=\"16,4,0\"><b>Hardware:<\/b> Kraftig metalkarabinhage medf\u00f8lger; specialtilbeh\u00f8r kan f\u00e5s.<\/p>\n<\/li>\n<li>\n<p data-path-to-node=\"16,5,0\"><b>Brugsscenarie:<\/b> Perfekt til firma-ID, medarbejderbadges og giveaways til salgsfremmende begivenheder.<\/p>\n<\/li>\n<\/ul>\n<\/div>\n<\/div>\n<\/div>\n<\/div>","protected":false},"excerpt":{"rendered":"<ul data-path-to-node=\"10\">\n<li>\n<p data-path-to-node=\"10,0,0\"><b>Branding med h\u00f8j effekt:<\/b> Glat, flad polyesteroverflade sikrer skarp logogengivelse med h\u00f8j kontrast.<\/p>\n<\/li>\n<li>\n<p data-path-to-node=\"10,1,0\"><b>Pantone-pr\u00e6cision:<\/b> Fuldt tilpasset tryk p\u00e5 1 eller 2 sider, der matcher pr\u00e6cis dine firmafarver.<\/p>\n<\/li>\n<li>\n<p data-path-to-node=\"10,2,0\"><b>Omkostningseffektiv bulkl\u00f8sning:<\/b> Branchestandarden for store konferencer, festivaler og messer.<\/p>\n<\/li>\n<li>\n<p data-path-to-node=\"10,3,0\"><b>P\u00e5lidelig hardware:<\/b> Inkluderer en robust metalkarabinhage som standard til sikker fastg\u00f8relse af ID-kort og badges.<\/p>\n<\/li>\n<\/ul>","protected":false},"featured_media":6815,"comment_status":"closed","ping_status":"closed","template":"","meta":[],"product_brand":[],"product_cat":[104],"product_tag":[],"class_list":{"0":"post-1246","1":"product","2":"type-product","3":"status-publish","4":"has-post-thumbnail","6":"product_cat-custom-printed-lanyards","8":"first","9":"instock","10":"shipping-taxable","11":"purchasable","12":"product-type-simple"},"_links":{"self":[{"href":"https:\/\/displayproducts.eu\/da\/wp-json\/wp\/v2\/product\/1246","targetHints":{"allow":["GET"]}}],"collection":[{"href":"https:\/\/displayproducts.eu\/da\/wp-json\/wp\/v2\/product"}],"about":[{"href":"https:\/\/displayproducts.eu\/da\/wp-json\/wp\/v2\/types\/product"}],"replies":[{"embeddable":true,"href":"https:\/\/displayproducts.eu\/da\/wp-json\/wp\/v2\/comments?post=1246"}],"wp:featuredmedia":[{"embeddable":true,"href":"https:\/\/displayproducts.eu\/da\/wp-json\/wp\/v2\/media\/6815"}],"wp:attachment":[{"href":"https:\/\/displayproducts.eu\/da\/wp-json\/wp\/v2\/media?parent=1246"}],"wp:term":[{"taxonomy":"product_brand","embeddable":true,"href":"https:\/\/displayproducts.eu\/da\/wp-json\/wp\/v2\/product_brand?post=1246"},{"taxonomy":"product_cat","embeddable":true,"href":"https:\/\/displayproducts.eu\/da\/wp-json\/wp\/v2\/product_cat?post=1246"},{"taxonomy":"product_tag","embeddable":true,"href":"https:\/\/displayproducts.eu\/da\/wp-json\/wp\/v2\/product_tag?post=1246"}],"curies":[{"name":"wp","href":"https:\/\/api.w.org\/{rel}","templated":true}]}}