{"id":1243,"date":"2024-10-27T11:54:13","date_gmt":"2024-10-27T08:54:13","guid":{"rendered":"https:\/\/wristbandfactory.eu\/toode\/seed-paper-lanyard\/"},"modified":"2026-04-01T21:52:36","modified_gmt":"2026-04-01T18:52:36","slug":"seed-paper-lanyards","status":"publish","type":"product","link":"https:\/\/displayproducts.eu\/da\/p\/seed-paper-lanyards\/","title":{"rendered":"B\u00e6redygtige fr\u00f8papir keyhangers (Kan plantes)"},"content":{"rendered":"<p data-path-to-node=\"11\">Lav et varigt milj\u00f8m\u00e6ssigt statement ved dit n\u00e6ste arrangement, udstilling eller festival med vores innovative <b>Papirn\u00f8gler til fr\u00f8<\/b>. Disse n\u00f8glesnore er designet til at give et nyt, gr\u00f8nt form\u00e5l til et traditionelt engangsprodukt og tilbyder en unik m\u00e5de at demonstrere din organisations engagement i regenerering og b\u00e6redygtighed.<\/p>\n<p data-path-to-node=\"12\">I stedet for at smide snoren v\u00e6k efter arrangementet, inviteres deltagerne til at plante den direkte i jorden. Med tiden nedbrydes det bionedbrydelige papir, og de indlejrede fr\u00f8 blomstrer til en smuk blanding af <b>vilde blomster<\/b>. Dette skaber en positiv, levende p\u00e5mindelse om dit brand og budskab l\u00e6nge efter konferenced\u00f8rene er lukket.<\/p>\n<p data-path-to-node=\"13\">Hver lanyard er fremstillet i Europa fra <b>80 g\/m\u00b2 fr\u00f8papir<\/b>. Selvom den er sart, er den perfekt til endagsarrangementer, VIP-pas eller eksklusive invitationer. Dit design i fuld farve kan trykkes p\u00e5 den ene side. For at underst\u00f8tte produktets milj\u00f8bevidste karakter og sikre de bedste spireevner anbefaler vi designs, der d\u00e6kker mindre end 50% af overfladearealet (hvilket ogs\u00e5 giver en omkostningsfordel).<\/p>\n<p data-path-to-node=\"14\"><b>N\u00f8glefunktioner:<\/b><\/p>\n<ul data-path-to-node=\"15\">\n<li>\n<p data-path-to-node=\"15,0,0\"><b>Materiale:<\/b> 80 g\/m\u00b2 bionedbrydeligt papir indlejret med en blanding af vilde blomsterfr\u00f8.<\/p>\n<\/li>\n<li>\n<p data-path-to-node=\"15,1,0\"><b>Brug efter begivenheden:<\/b> Fuldt plantbar; forvandler affald til en vildblomsthave.<\/p>\n<\/li>\n<li>\n<p data-path-to-node=\"15,2,0\"><b>Trykning:<\/b> Uden tryktsidet fuldfarvetryk (milj\u00f8venlig lav bl\u00e6kd\u00e6kning anbefales).<\/p>\n<\/li>\n<li>\n<p data-path-to-node=\"15,3,0\"><b>Dimensioner:<\/b> Standardst\u00f8rrelse 90 x 20 mm (ca.).<\/p>\n<\/li>\n<li>\n<p data-path-to-node=\"15,4,0\"><b>Oprindelse:<\/b> Lavet i Europa for et lavere CO2-aftryk.<\/p>\n<\/li>\n<li>\n<p data-path-to-node=\"15,5,0\"><b>Brugsscenarie:<\/b> Ideel til kortvarige begivenheder, produktlanceringer og gr\u00f8nne bryllupper.<\/p>\n<\/li>\n<\/ul>","protected":false},"excerpt":{"rendered":"<ul data-path-to-node=\"9\">\n<li>\n<p data-path-to-node=\"9,0,0\"><b>Plantable Branding:<\/b> Snoren indeholder en blanding af vilde blomsterfr\u00f8, der blomstrer, n\u00e5r de plantes i jorden efter arrangementet.<\/p>\n<\/li>\n<li>\n<p data-path-to-node=\"9,1,0\"><b>Nul-affaldscyklus:<\/b> Et fuldst\u00e6ndig bionedbrydeligt produkt, der ikke efterlader affald, kun blomster.<\/p>\n<\/li>\n<li>\n<p data-path-to-node=\"9,2,0\"><b>\u00d8kodesign:<\/b> Udskrivningen er optimeret til minimalt bl\u00e6kforbrug (&lt;50% d\u00e6kning anbefales) for at sikre fr\u00f8enes levedygtighed.<\/p>\n<\/li>\n<li>\n<p data-path-to-node=\"9,3,0\"><b>Lavet i Europa:<\/b> Produceret lokalt med 80 g\/m\u00b2 papir for at minimere transportudledning.<\/p>\n<\/li>\n<\/ul>","protected":false},"featured_media":6780,"comment_status":"closed","ping_status":"closed","template":"","meta":[],"product_brand":[],"product_cat":[43,107],"product_tag":[],"class_list":{"0":"post-1243","1":"product","2":"type-product","3":"status-publish","4":"has-post-thumbnail","6":"product_cat-lanyards","7":"product_cat-eco-friendly-lanyards","9":"first","10":"instock","11":"shipping-taxable","12":"purchasable","13":"product-type-simple"},"_links":{"self":[{"href":"https:\/\/displayproducts.eu\/da\/wp-json\/wp\/v2\/product\/1243","targetHints":{"allow":["GET"]}}],"collection":[{"href":"https:\/\/displayproducts.eu\/da\/wp-json\/wp\/v2\/product"}],"about":[{"href":"https:\/\/displayproducts.eu\/da\/wp-json\/wp\/v2\/types\/product"}],"replies":[{"embeddable":true,"href":"https:\/\/displayproducts.eu\/da\/wp-json\/wp\/v2\/comments?post=1243"}],"wp:featuredmedia":[{"embeddable":true,"href":"https:\/\/displayproducts.eu\/da\/wp-json\/wp\/v2\/media\/6780"}],"wp:attachment":[{"href":"https:\/\/displayproducts.eu\/da\/wp-json\/wp\/v2\/media?parent=1243"}],"wp:term":[{"taxonomy":"product_brand","embeddable":true,"href":"https:\/\/displayproducts.eu\/da\/wp-json\/wp\/v2\/product_brand?post=1243"},{"taxonomy":"product_cat","embeddable":true,"href":"https:\/\/displayproducts.eu\/da\/wp-json\/wp\/v2\/product_cat?post=1243"},{"taxonomy":"product_tag","embeddable":true,"href":"https:\/\/displayproducts.eu\/da\/wp-json\/wp\/v2\/product_tag?post=1243"}],"curies":[{"name":"wp","href":"https:\/\/api.w.org\/{rel}","templated":true}]}}