{"id":1242,"date":"2024-10-27T11:54:14","date_gmt":"2024-10-27T08:54:14","guid":{"rendered":"https:\/\/wristbandfactory.eu\/toode\/corn-lanyards\/"},"modified":"2026-04-01T21:52:36","modified_gmt":"2026-04-01T18:52:36","slug":"printed-eco-corn-lanyards","status":"publish","type":"product","link":"https:\/\/displayproducts.eu\/da\/p\/printed-eco-corn-lanyards\/","title":{"rendered":"Bionedbrydelige majs keyhangers (PLA)"},"content":{"rendered":"<div class=\"mx-12 md:mx-24 lg:mx-48\">\n<div class=\"container my-8 svelte-zlsknf\">\n<div class=\"my-24 rounded-lg border-0 border-gray-700 bg-gray-100 px-16 py-24\">\n<div class=\"mt-11 !text-gray-500\">\n<p data-path-to-node=\"11\">Vis \u00e6gte milj\u00f8m\u00e6ssigt lederskab med vores <b>Trykte \u00f8kologiske majssnore<\/b>. I mods\u00e6tning til traditionelle syntetiske n\u00f8glesnore udvundet af olie er disse innovative identifikationsremme fremstillet af <b>100% Majsstivelse (PLA)<\/b> fiber. Dette g\u00f8r dem til en fuldt bionedbrydelig og plantebaseret l\u00f8sning, perfekt til fremsynede organisationer og b\u00e6redygtige events.<\/p>\n<p data-path-to-node=\"12\">Det, der g\u00f8r dette produkt unikt, er dets &quot;kompromisl\u00f8se&quot; natur. Selvom det er lavet af majs, efterligner den resulterende PLA-fiber holdbarheden, teksturen og styrken af standard polyester. Det betyder, at du f\u00e5r en robust lanyard af h\u00f8j kvalitet, der kan modst\u00e5 flerdages konferencer, men som samtidig er komposterbar ved slutningen af sin livscyklus.<\/p>\n<p data-path-to-node=\"13\">Vi tilbyder professionelle <b>serigrafi<\/b> p\u00e5 den glatte PLA-overflade, hvilket sikrer, at dit logo gengives pr\u00e6cis som du \u00f8nsker <b>Pantone-m\u00e6rkets farver<\/b>. Uanset om du har brug for uden trykt- eller dobbeltsidet udskrivning, er resultatet skarpt og levende. Hver enhed leveres med en standard <b>metalkarabinhage<\/b>, der kombinerer industriel holdbarhed med milj\u00f8f\u00f8lsomhed.<\/p>\n<p data-path-to-node=\"14\"><b>N\u00f8glefunktioner:<\/b><\/p>\n<ul data-path-to-node=\"15\">\n<li>\n<p data-path-to-node=\"15,0,0\"><b>Materiale:<\/b> 100% Majsstivelsesfiber (PLA) \u2013 Plantebaseret og bionedbrydelig.<\/p>\n<\/li>\n<li>\n<p data-path-to-node=\"15,1,0\"><b>Pr\u00e6station:<\/b> Holdbar og glat tekstur svarende til traditionel polyester.<\/p>\n<\/li>\n<li>\n<p data-path-to-node=\"15,2,0\"><b>B\u00e6redygtighed:<\/b> Markant lavere CO2-aftryk sammenlignet med oliebaseret plast.<\/p>\n<\/li>\n<li>\n<p data-path-to-node=\"15,3,0\"><b>Trykning:<\/b> Silketryk i h\u00f8j kvalitet med Pantone-farvematchning.<\/p>\n<\/li>\n<li>\n<p data-path-to-node=\"15,4,0\"><b>Hardware:<\/b> Inkluderer en p\u00e5lidelig metalkarabinhage til sikker fastg\u00f8relse af m\u00e6rket.<\/p>\n<\/li>\n<li>\n<p data-path-to-node=\"15,5,0\"><b>Brugsscenarie:<\/b> Perfekt til &quot;gr\u00f8nne&quot; konferencer, \u00f8kofestivaler og CSR-initiativer.<\/p>\n<\/li>\n<\/ul>\n<\/div>\n<\/div>\n<\/div>\n<\/div>","protected":false},"excerpt":{"rendered":"<ul>\n<li>\n<p data-path-to-node=\"9,0,0\"><b>Plantebaseret innovation:<\/b> Fremstillet af 100% majsstivelsesfibre (PLA), hvilket tilbyder et fuldt bionedbrydeligt alternativ til oliebaseret plast.<\/p>\n<\/li>\n<li>\n<p data-path-to-node=\"9,1,0\"><b>Polyesterlignende ydeevne:<\/b> F\u00f8les og fungerer pr\u00e6cis som syntetisk stof \u2013 slidst\u00e6rkt og glat \u2013 men er udelukkende udvundet af planter.<\/p>\n<\/li>\n<li>\n<p data-path-to-node=\"9,2,0\"><b>Virksomhedens ansvar:<\/b> Det ideelle valg for virksomheder med strenge politikker om nul affald eller CO2-neutralitet.<\/p>\n<\/li>\n<li>\n<p data-path-to-node=\"9,3,0\"><b>Brugerdefineret branding:<\/b> Glat overflade giver mulighed for skarpt, Pantone-matchet serigrafi p\u00e5 en eller to sider.<\/p>\n<\/li>\n<\/ul>","protected":false},"featured_media":6736,"comment_status":"closed","ping_status":"closed","template":"","meta":[],"product_brand":[],"product_cat":[104,107],"product_tag":[],"class_list":{"0":"post-1242","1":"product","2":"type-product","3":"status-publish","4":"has-post-thumbnail","6":"product_cat-custom-printed-lanyards","7":"product_cat-eco-friendly-lanyards","9":"first","10":"instock","11":"shipping-taxable","12":"purchasable","13":"product-type-simple"},"_links":{"self":[{"href":"https:\/\/displayproducts.eu\/da\/wp-json\/wp\/v2\/product\/1242","targetHints":{"allow":["GET"]}}],"collection":[{"href":"https:\/\/displayproducts.eu\/da\/wp-json\/wp\/v2\/product"}],"about":[{"href":"https:\/\/displayproducts.eu\/da\/wp-json\/wp\/v2\/types\/product"}],"replies":[{"embeddable":true,"href":"https:\/\/displayproducts.eu\/da\/wp-json\/wp\/v2\/comments?post=1242"}],"wp:featuredmedia":[{"embeddable":true,"href":"https:\/\/displayproducts.eu\/da\/wp-json\/wp\/v2\/media\/6736"}],"wp:attachment":[{"href":"https:\/\/displayproducts.eu\/da\/wp-json\/wp\/v2\/media?parent=1242"}],"wp:term":[{"taxonomy":"product_brand","embeddable":true,"href":"https:\/\/displayproducts.eu\/da\/wp-json\/wp\/v2\/product_brand?post=1242"},{"taxonomy":"product_cat","embeddable":true,"href":"https:\/\/displayproducts.eu\/da\/wp-json\/wp\/v2\/product_cat?post=1242"},{"taxonomy":"product_tag","embeddable":true,"href":"https:\/\/displayproducts.eu\/da\/wp-json\/wp\/v2\/product_tag?post=1242"}],"curies":[{"name":"wp","href":"https:\/\/api.w.org\/{rel}","templated":true}]}}