{"id":1238,"date":"2024-10-27T11:54:14","date_gmt":"2024-10-27T08:54:14","guid":{"rendered":"https:\/\/wristbandfactory.eu\/toode\/standard-shoelace-lanyards\/"},"modified":"2026-04-01T21:52:36","modified_gmt":"2026-04-01T18:52:36","slug":"plain-shoelace-lanyards","status":"publish","type":"product","link":"https:\/\/displayproducts.eu\/da\/p\/plain-shoelace-lanyards\/","title":{"rendered":"Ensfarvede sn\u00f8reb\u00e5ndsnore"},"content":{"rendered":"<p>Udstyr dit team med en praktisk og professionel l\u00f8sning til daglig identifikation. Vores sn\u00f8reb\u00e5ndsnore er et omkostningseffektivt og stilfuldt valg for virksomheder og organisationer, der har brug for en p\u00e5lidelig m\u00e5de at vise medarbejder-ID&#039;er eller adgangskort til begivenheder.<\/p>\n<p>Disse sn\u00f8reb\u00e5nd har det popul\u00e6re sn\u00f8reb\u00e5ndsdesign, der er kendt for sin behagelige fornemmelse og holdbarhed, hvilket g\u00f8r dem perfekte til heldagsbrug p\u00e5 konferencer, messer eller p\u00e5 kontoret. Selvom de er utrykte, f\u00e5s de i en bred vifte af farver, s\u00e5 du nemt kan matche dem med din virksomheds branding eller dit eventtema. Hvert n\u00f8gleb\u00e5nd inkluderer en robust metalholder til sikkert at fastg\u00f8re enhver ID-holder eller adgangskort.<\/p>\n<p><b>N\u00f8glefunktioner:<\/b><\/p>\n<ul>\n<li><b>Klassisk sn\u00f8reb\u00e5ndsdesign:<\/b> Tilbyder en komfortabel, let og holdbar l\u00f8sning til brug hele dagen.<\/li>\n<li><b>Omkostningseffektiv ID-l\u00f8sning:<\/b> Ideel til store ordrer til store arrangementer, konferencer eller daglig medarbejderidentifikation.<\/li>\n<li><b>Flere farvemuligheder:<\/b> F\u00e5s i en bred vifte af ensfarver, der matcher virksomhedens branding eller kategoriserer deltagere.<\/li>\n<li><b>Standard metalklips:<\/b> Inkluderer en p\u00e5lidelig metalklips til sikker fastg\u00f8relse af ID-holdere eller eventkort.<\/li>\n<\/ul>\n<p>&nbsp;<\/p>","protected":false},"excerpt":{"rendered":"<ul>\n<li>En omkostningseffektiv l\u00f8sning til daglig medarbejder-ID og adgang til begivenheder.<\/li>\n<li>Har et klassisk, slidst\u00e6rkt sn\u00f8reb\u00e5ndsdesign for komfort hele dagen.<\/li>\n<li>F\u00e5s i et bredt udvalg af ensfarver, der matcher din virksomheds identitet.<\/li>\n<li>Inkluderer en standard metalklips til ID-kort og adgangskort.<\/li>\n<li><\/li>\n<\/ul>","protected":false},"featured_media":6723,"comment_status":"closed","ping_status":"closed","template":"","meta":[],"product_brand":[],"product_cat":[43,113],"product_tag":[],"class_list":{"0":"post-1238","1":"product","2":"type-product","3":"status-publish","4":"has-post-thumbnail","6":"product_cat-lanyards","7":"product_cat-plain-lanyards","9":"first","10":"instock","11":"shipping-taxable","12":"purchasable","13":"product-type-simple"},"_links":{"self":[{"href":"https:\/\/displayproducts.eu\/da\/wp-json\/wp\/v2\/product\/1238","targetHints":{"allow":["GET"]}}],"collection":[{"href":"https:\/\/displayproducts.eu\/da\/wp-json\/wp\/v2\/product"}],"about":[{"href":"https:\/\/displayproducts.eu\/da\/wp-json\/wp\/v2\/types\/product"}],"replies":[{"embeddable":true,"href":"https:\/\/displayproducts.eu\/da\/wp-json\/wp\/v2\/comments?post=1238"}],"wp:featuredmedia":[{"embeddable":true,"href":"https:\/\/displayproducts.eu\/da\/wp-json\/wp\/v2\/media\/6723"}],"wp:attachment":[{"href":"https:\/\/displayproducts.eu\/da\/wp-json\/wp\/v2\/media?parent=1238"}],"wp:term":[{"taxonomy":"product_brand","embeddable":true,"href":"https:\/\/displayproducts.eu\/da\/wp-json\/wp\/v2\/product_brand?post=1238"},{"taxonomy":"product_cat","embeddable":true,"href":"https:\/\/displayproducts.eu\/da\/wp-json\/wp\/v2\/product_cat?post=1238"},{"taxonomy":"product_tag","embeddable":true,"href":"https:\/\/displayproducts.eu\/da\/wp-json\/wp\/v2\/product_tag?post=1238"}],"curies":[{"name":"wp","href":"https:\/\/api.w.org\/{rel}","templated":true}]}}