{"id":1235,"date":"2024-10-27T11:54:14","date_gmt":"2024-10-27T08:54:14","guid":{"rendered":"https:\/\/wristbandfactory.eu\/toode\/fluorescent-lanyards\/"},"modified":"2026-04-01T21:52:04","modified_gmt":"2026-04-01T18:52:04","slug":"fluorescent-lanyards","status":"publish","type":"product","link":"https:\/\/displayproducts.eu\/da\/p\/fluorescent-lanyards\/","title":{"rendered":"Fluorescerende n\u00f8glesnore"},"content":{"rendered":"<p>\u00d8g synligheden og sikkerheden ved dit n\u00e6ste arrangement med vores fluorescerende lanyards \/ N\u00f8glesnore. Disse lanyards \/ N\u00f8glesnore er et vigtigt v\u00e6rkt\u00f8j for eventledere, der har brug for nemt at identificere personale, VIP&#039;er eller g\u00e6ster under alle lysforhold.<\/p>\n<p>Disse n\u00f8glesnore er lavet af holdbare materialer af h\u00f8j kvalitet og er bygget til brug i flere dage. Det livlige fluorescerende materiale er meget synligt i dagslys og <b>lyser klart under UV-lys (sort lys)<\/b>, hvilket g\u00f8r dem til den perfekte l\u00f8sning til natklubber, koncerter, festivaler og aftenarrangementer for firmaer.<\/p>\n<p>Denne synlighedsfunktion giver et ekstra lag af sikkerhed og muligg\u00f8r hurtig visuel identifikation af autoriseret personale. De f\u00e5s i forskellige klare farver og fungerer som et fremragende l\u00e6rred til dit med eget tryk logo, der forvandler en sikkerhedsgenstand til et reklamev\u00e6rkt\u00f8j. Bestil i store m\u00e6ngder for en omkostningseffektiv m\u00e5de at administrere dit arrangement og promovere dit brand p\u00e5.<\/p>\n<p><b>N\u00f8glefunktioner:<\/b><\/p>\n<ul>\n<li><b>Materiale med h\u00f8j synlighed:<\/b> Giver fremragende synlighed i dagslys og lyser klart under UV\/sort lys.<\/li>\n<li><b>Holdbar konstruktion:<\/b> Lavet af materialer af h\u00f8j kvalitet, der er slidst\u00e6rke og velegnede til arrangementer over flere dage.<\/li>\n<li><b>Forbedret begivenhedssikkerhed:<\/b> Giver mulighed for nem og hurtig visuel identifikation af personale eller g\u00e6ster under d\u00e5rlige lysforhold.<\/li>\n<li><b>Omkostningseffektiv branding:<\/b> En overkommelig l\u00f8sning til at promovere dit brand eller budskab i store m\u00e6ngder ved store events.<\/li>\n<li><b>Flere farvemuligheder:<\/b> F\u00e5s i en r\u00e6kke klare fluorescerende farver, der matcher dit eventtema.<\/li>\n<\/ul>","protected":false},"excerpt":{"rendered":"<ul>\n<li>\u00d8g synligheden for personale og g\u00e6ster i omgivelser med svagt lys.<\/li>\n<li>Levende fluorescerende materiale lyser klart under UV\/sort lys.<\/li>\n<li>Holdbart materiale af h\u00f8j kvalitet til brug ved flere dages arrangementer.<\/li>\n<li>Ideel til identifikation af personale ved festivaler, koncerter og firmaarrangementer.<\/li>\n<\/ul>","protected":false},"featured_media":6706,"comment_status":"closed","ping_status":"closed","template":"","meta":[],"product_brand":[],"product_cat":[43,109],"product_tag":[],"class_list":{"0":"post-1235","1":"product","2":"type-product","3":"status-publish","4":"has-post-thumbnail","6":"product_cat-lanyards","7":"product_cat-reflective-lanyards","9":"first","10":"instock","11":"shipping-taxable","12":"purchasable","13":"product-type-simple"},"_links":{"self":[{"href":"https:\/\/displayproducts.eu\/da\/wp-json\/wp\/v2\/product\/1235","targetHints":{"allow":["GET"]}}],"collection":[{"href":"https:\/\/displayproducts.eu\/da\/wp-json\/wp\/v2\/product"}],"about":[{"href":"https:\/\/displayproducts.eu\/da\/wp-json\/wp\/v2\/types\/product"}],"replies":[{"embeddable":true,"href":"https:\/\/displayproducts.eu\/da\/wp-json\/wp\/v2\/comments?post=1235"}],"wp:featuredmedia":[{"embeddable":true,"href":"https:\/\/displayproducts.eu\/da\/wp-json\/wp\/v2\/media\/6706"}],"wp:attachment":[{"href":"https:\/\/displayproducts.eu\/da\/wp-json\/wp\/v2\/media?parent=1235"}],"wp:term":[{"taxonomy":"product_brand","embeddable":true,"href":"https:\/\/displayproducts.eu\/da\/wp-json\/wp\/v2\/product_brand?post=1235"},{"taxonomy":"product_cat","embeddable":true,"href":"https:\/\/displayproducts.eu\/da\/wp-json\/wp\/v2\/product_cat?post=1235"},{"taxonomy":"product_tag","embeddable":true,"href":"https:\/\/displayproducts.eu\/da\/wp-json\/wp\/v2\/product_tag?post=1235"}],"curies":[{"name":"wp","href":"https:\/\/api.w.org\/{rel}","templated":true}]}}