{"id":1233,"date":"2024-10-27T11:54:14","date_gmt":"2024-10-27T08:54:14","guid":{"rendered":"https:\/\/wristbandfactory.eu\/toode\/rpet-eco-lanyards\/"},"modified":"2026-04-01T21:52:36","modified_gmt":"2026-04-01T18:52:36","slug":"printed-rpet-lanyards","status":"publish","type":"product","link":"https:\/\/displayproducts.eu\/da\/p\/printed-rpet-lanyards\/","title":{"rendered":"Trykte rPET keyhangers (Serigrafi)"},"content":{"rendered":"<p data-path-to-node=\"11\">Deltag i bev\u00e6gelsen mod b\u00e6redygtighed og promover dit brand ansvarligt med vores <b>Trykte rPET-snore<\/b>. Dette produkt er det perfekte valg for organisationer, der har brug for en omkostningseffektiv lanyard til store m\u00e6ngder, der er i overensstemmelse med virksomhedens milj\u00f8v\u00e6rdier uden at spr\u00e6nge budgettet.<\/p>\n<p data-path-to-node=\"12\">Disse n\u00f8glesnore er v\u00e6vet af <b>100% rPET-polyester<\/b>, en st\u00e6rk fiber, der udelukkende er udvundet af genbrugte plastikflasker. Ved at v\u00e6lge rPET fjerner du aktivt plastaffald fra lossepladser og reducerer dit arrangements CO2-aftryk. I mods\u00e6tning til vores sublimeringsversion bruger denne specifikke model <b>silketryk<\/b>. Denne metode er ideel til logoer med ensfarvede farver og giver en skarp og markant finish, der skiller sig ud p\u00e5 det ribbede teksturerede stof.<\/p>\n<p data-path-to-node=\"13\">Vi tilbyder <b>pr\u00e6cis Pantone-farvematchning<\/b> til dit logotryk, hvilket sikrer, at din virksomhedsidentitet bevares perfekt. Selve materialet er robust og holdbart og kan ikke skelnes i styrke fra jomfruelig polyester, hvilket g\u00f8r det til en p\u00e5lidelig arbejdshest til konferencer, festivaler og daglig kontorbrug. Hver lanyard leveres som standard med en metalkarabinhage, hvilket giver en funktionel og milj\u00f8bevidst l\u00f8sning til dine deltagere.<\/p>\n<p data-path-to-node=\"14\"><b>N\u00f8glefunktioner:<\/b><\/p>\n<ul data-path-to-node=\"15\">\n<li>\n<p data-path-to-node=\"15,0,0\"><b>Materiale:<\/b> 100% rPET (genbrugspolyethylenterephthalat).<\/p>\n<\/li>\n<li>\n<p data-path-to-node=\"15,1,0\"><b>Printteknologi:<\/b> Silketryk (bedst til 1-4 staffagefarver).<\/p>\n<\/li>\n<li>\n<p data-path-to-node=\"15,2,0\"><b>\u00d8konomi:<\/b> Et budgetvenligt b\u00e6redygtigt alternativ til jomfruelig polyester.<\/p>\n<\/li>\n<li>\n<p data-path-to-node=\"15,3,0\"><b>Farven\u00f8jagtighed:<\/b> Pantone-matchning tilg\u00e6ngelig for det trykte logo.<\/p>\n<\/li>\n<li>\n<p data-path-to-node=\"15,4,0\"><b>Holdbarhed:<\/b> H\u00f8j tr\u00e6kstyrke, egnet til tunge navneskilte og n\u00f8gler.<\/p>\n<\/li>\n<li>\n<p data-path-to-node=\"15,5,0\"><b>Hardware:<\/b> Inkluderer en standard metalkarabinhage (specialtilpassede klips kan f\u00e5s).<\/p>\n<\/li>\n<\/ul>","protected":false},"excerpt":{"rendered":"<ul>\n<li>\n<p data-path-to-node=\"9,0,0\"><b>B\u00e6redygtigt valg:<\/b> Fremstillet af 100% genbrugt PET (rPET) udvundet af genbrugte plastikflasker.<\/p>\n<\/li>\n<li>\n<p data-path-to-node=\"9,1,0\"><b>Omkostningseffektiv \u00f8ko:<\/b> Det mest overkommelige indgangspunkt for brands, der \u00f8nsker at skifte til b\u00e6redygtige identifikationsl\u00f8sninger.<\/p>\n<\/li>\n<li>\n<p data-path-to-node=\"9,2,0\"><b>Skarp branding:<\/b> Har silketryk i h\u00f8j kvalitet, der giver dristige og skarpe logoer ved hj\u00e6lp af pr\u00e6cis Pantone-farvematchning.<\/p>\n<\/li>\n<li>\n<p data-path-to-node=\"9,3,0\"><b>Holdbar og st\u00e6rk:<\/b> Bevarer styrken af standard polyester, hvilket g\u00f8r den velegnet til flerdagesarrangementer og brug af personale.<\/p>\n<\/li>\n<\/ul>","protected":false},"featured_media":6754,"comment_status":"closed","ping_status":"closed","template":"","meta":[],"product_brand":[],"product_cat":[104,107],"product_tag":[],"class_list":{"0":"post-1233","1":"product","2":"type-product","3":"status-publish","4":"has-post-thumbnail","6":"product_cat-custom-printed-lanyards","7":"product_cat-eco-friendly-lanyards","9":"first","10":"instock","11":"shipping-taxable","12":"purchasable","13":"product-type-simple"},"_links":{"self":[{"href":"https:\/\/displayproducts.eu\/da\/wp-json\/wp\/v2\/product\/1233","targetHints":{"allow":["GET"]}}],"collection":[{"href":"https:\/\/displayproducts.eu\/da\/wp-json\/wp\/v2\/product"}],"about":[{"href":"https:\/\/displayproducts.eu\/da\/wp-json\/wp\/v2\/types\/product"}],"replies":[{"embeddable":true,"href":"https:\/\/displayproducts.eu\/da\/wp-json\/wp\/v2\/comments?post=1233"}],"wp:featuredmedia":[{"embeddable":true,"href":"https:\/\/displayproducts.eu\/da\/wp-json\/wp\/v2\/media\/6754"}],"wp:attachment":[{"href":"https:\/\/displayproducts.eu\/da\/wp-json\/wp\/v2\/media?parent=1233"}],"wp:term":[{"taxonomy":"product_brand","embeddable":true,"href":"https:\/\/displayproducts.eu\/da\/wp-json\/wp\/v2\/product_brand?post=1233"},{"taxonomy":"product_cat","embeddable":true,"href":"https:\/\/displayproducts.eu\/da\/wp-json\/wp\/v2\/product_cat?post=1233"},{"taxonomy":"product_tag","embeddable":true,"href":"https:\/\/displayproducts.eu\/da\/wp-json\/wp\/v2\/product_tag?post=1233"}],"curies":[{"name":"wp","href":"https:\/\/api.w.org\/{rel}","templated":true}]}}