{"id":1232,"date":"2024-10-27T11:54:14","date_gmt":"2024-10-27T08:54:14","guid":{"rendered":"https:\/\/wristbandfactory.eu\/toode\/vinyl-wristbands\/"},"modified":"2026-04-01T21:52:36","modified_gmt":"2026-04-01T18:52:36","slug":"custom-printed-vinyl-wristbands","status":"publish","type":"product","link":"https:\/\/displayproducts.eu\/da\/p\/custom-printed-vinyl-wristbands\/","title":{"rendered":"Vinylarmb\u00e5nd med tryk"},"content":{"rendered":"<div class=\"mx-12 md:mx-24 lg:mx-48\">\n<div class=\"container my-8 svelte-zlsknf\">\n<div class=\"my-24 rounded-lg border-0 border-gray-700 bg-gray-100 px-16 py-24\">\n<div class=\"mt-11 !text-gray-500\">\n<p data-path-to-node=\"15\">Sikr dit arrangement med vores <b data-path-to-node=\"15\" data-index-in-node=\"52\">Vinylarmb\u00e5nd med tryk<\/b>, branchestandarden for adgangskontrol over flere dage. Disse armb\u00e5nd er fremstillet af tre lag bl\u00f8d, men ekstremt holdbar vinyl, hvilket sikrer, at de forbliver komfortable, samtidig med at de modst\u00e5r vand, sved og aktive milj\u00f8er som festivaler, vandlande og resorts.<\/p>\n<p data-path-to-node=\"16\">I mods\u00e6tning til papirb\u00e5nd kan disse ikke rives af. <b data-path-to-node=\"16\" data-index-in-node=\"50\">engangs plastik trykknaplukning<\/b> sikrer, at n\u00e5r armb\u00e5ndet er fastgjort, skal det klippes over for at kunne fjernes, hvilket forhindrer uautoriserede overf\u00f8rsler. F\u00e5s i <b data-path-to-node=\"16\" data-index-in-node=\"199\">Bredt ansigt<\/b> (for st\u00f8rre logoer) eller <b data-path-to-node=\"16\" data-index-in-node=\"231\">L-form<\/b> design, vi bruger h\u00f8j kvalitet <b data-path-to-node=\"16\" data-index-in-node=\"268\">silketryk<\/b> at anvende dit logo eller din tekst i en uden trykt levende farve, der ikke falmer.<\/p>\n<h2 data-path-to-node=\"17\">N\u00f8glefunktioner<\/h2>\n<ul data-path-to-node=\"18\">\n<li>\n<p data-path-to-node=\"18,0,0\"><b data-path-to-node=\"18,0,0\" data-index-in-node=\"0\">Sikkerhedsl\u00e5s:<\/b> Den permanente trykknaplukning forhindrer genbrug og garanterer sikker kontrol over menneskem\u00e6ngder.<\/p>\n<\/li>\n<li>\n<p data-path-to-node=\"18,1,0\"><b data-path-to-node=\"18,1,0\" data-index-in-node=\"0\">Vandt\u00e6t design:<\/b> Perfekt til v\u00e5de milj\u00f8er, herunder pools, saunaer og udend\u00f8rs festivaler.<\/p>\n<\/li>\n<li>\n<p data-path-to-node=\"18,2,0\"><b data-path-to-node=\"18,2,0\" data-index-in-node=\"0\">H\u00f8jkontrasttryk:<\/b> Silketrykteknologi giver et skarpt og holdbart aftryk af dit logo eller din besked.<\/p>\n<\/li>\n<li>\n<p data-path-to-node=\"18,3,0\"><b data-path-to-node=\"18,3,0\" data-index-in-node=\"0\">Bredt farvespektrum:<\/b> V\u00e6lg mellem neon-, matte eller blanke basisfarver, der matcher din brandidentitet.<\/p>\n<\/li>\n<\/ul>\n<h2 data-path-to-node=\"19\">Specifikationer<\/h2>\n<ul data-path-to-node=\"20\">\n<li>\n<p data-path-to-node=\"20,0,0\"><b data-path-to-node=\"20,0,0\" data-index-in-node=\"0\">Materiale:<\/b> 3-lags tri-laminat vinyl<\/p>\n<\/li>\n<li>\n<p data-path-to-node=\"20,1,0\"><b data-path-to-node=\"20,1,0\" data-index-in-node=\"0\">Trykning:<\/b> 1-farvet silketryk (holdbar og skarp)<\/p>\n<\/li>\n<li>\n<p data-path-to-node=\"20,2,0\"><b data-path-to-node=\"20,2,0\" data-index-in-node=\"0\">Lukning:<\/b> Engangs plastiktrykknap<\/p>\n<\/li>\n<li>\n<p data-path-to-node=\"20,3,0\"><b data-path-to-node=\"20,3,0\" data-index-in-node=\"0\">St\u00f8rrelse:<\/b> Justerbar (Passer til alle h\u00e5ndledsst\u00f8rrelser)<\/p>\n<\/li>\n<li>\n<p data-path-to-node=\"20,4,0\"><b data-path-to-node=\"20,4,0\" data-index-in-node=\"0\">Brugsvarighed:<\/b> 3-7+ dage<\/p>\n<\/li>\n<li>\n<p data-path-to-node=\"20,5,0\"><b data-path-to-node=\"20,5,0\" data-index-in-node=\"0\">Vandt\u00e6t:<\/b> Ja (100%)<\/p>\n<\/li>\n<li>\n<p data-path-to-node=\"20,6,0\"><b data-path-to-node=\"20,6,0\" data-index-in-node=\"0\">Min. m\u00e6ngde:<\/b> 100 enheder<\/p>\n<\/li>\n<\/ul>\n<h2 data-path-to-node=\"21\">Brugsscenarier<\/h2>\n<ul data-path-to-node=\"22\">\n<li>\n<p data-path-to-node=\"22,0,0\"><b data-path-to-node=\"22,0,0\" data-index-in-node=\"0\">Hoteller og resorts:<\/b> G\u00e6steidentifikation for all inclusive-pakker (pool og bruser-safe).<\/p>\n<\/li>\n<li>\n<p data-path-to-node=\"22,1,0\"><b data-path-to-node=\"22,1,0\" data-index-in-node=\"0\">Koncerter og festivaler:<\/b> Sikker administration af adgange over flere dage.<\/p>\n<\/li>\n<li>\n<p data-path-to-node=\"22,2,0\"><b data-path-to-node=\"22,2,0\" data-index-in-node=\"0\">Vandlande:<\/b> Holdbar nok til at modst\u00e5 klor og konstant vandp\u00e5virkning.<\/p>\n<\/li>\n<li>\n<p data-path-to-node=\"22,3,0\"><b data-path-to-node=\"22,3,0\" data-index-in-node=\"0\">Natklubber og barer:<\/b> VIP- eller aldersbekr\u00e6ftelse, der forbliver aktiv hele natten.<\/p>\n<\/li>\n<\/ul>\n<\/div>\n<\/div>\n<\/div>\n<\/div>","protected":false},"excerpt":{"rendered":"<ul>\n<li>\n<p data-path-to-node=\"14,0,0\"><b data-path-to-node=\"14,0,0\" data-index-in-node=\"0\">H\u00f8j sikkerhed:<\/b> Har en engangsl\u00e5s i plastik for at forhindre overf\u00f8rsel og manipulation.<\/p>\n<\/li>\n<li>\n<p data-path-to-node=\"14,1,0\"><b data-path-to-node=\"14,1,0\" data-index-in-node=\"0\">Holdbarhed i flere dage:<\/b> Lavet af 3-lags vinyl, der er 100% vandt\u00e6t og slidst\u00e6rk.<\/p>\n<\/li>\n<li>\n<p data-path-to-node=\"14,2,0\"><b data-path-to-node=\"14,2,0\" data-index-in-node=\"0\">Brugerdefineret branding:<\/b> Holdbart 1-farvet silketryk til logoer og tekst med h\u00f8j kontrast.<\/p>\n<\/li>\n<li>\n<p data-path-to-node=\"14,3,0\"><b data-path-to-node=\"14,3,0\" data-index-in-node=\"0\">Komfortabelt slid:<\/b> Bl\u00f8dt, glat materiale designet til l\u00e6ngere tids brug (3-7+ dage).<\/p>\n<\/li>\n<\/ul>","protected":false},"featured_media":6007,"comment_status":"closed","ping_status":"closed","template":"","meta":[],"product_brand":[],"product_cat":[66,51],"product_tag":[],"class_list":{"0":"post-1232","1":"product","2":"type-product","3":"status-publish","4":"has-post-thumbnail","6":"product_cat-wristbands","7":"product_cat-vinyl","9":"first","10":"instock","11":"shipping-taxable","12":"purchasable","13":"product-type-simple"},"_links":{"self":[{"href":"https:\/\/displayproducts.eu\/da\/wp-json\/wp\/v2\/product\/1232","targetHints":{"allow":["GET"]}}],"collection":[{"href":"https:\/\/displayproducts.eu\/da\/wp-json\/wp\/v2\/product"}],"about":[{"href":"https:\/\/displayproducts.eu\/da\/wp-json\/wp\/v2\/types\/product"}],"replies":[{"embeddable":true,"href":"https:\/\/displayproducts.eu\/da\/wp-json\/wp\/v2\/comments?post=1232"}],"wp:featuredmedia":[{"embeddable":true,"href":"https:\/\/displayproducts.eu\/da\/wp-json\/wp\/v2\/media\/6007"}],"wp:attachment":[{"href":"https:\/\/displayproducts.eu\/da\/wp-json\/wp\/v2\/media?parent=1232"}],"wp:term":[{"taxonomy":"product_brand","embeddable":true,"href":"https:\/\/displayproducts.eu\/da\/wp-json\/wp\/v2\/product_brand?post=1232"},{"taxonomy":"product_cat","embeddable":true,"href":"https:\/\/displayproducts.eu\/da\/wp-json\/wp\/v2\/product_cat?post=1232"},{"taxonomy":"product_tag","embeddable":true,"href":"https:\/\/displayproducts.eu\/da\/wp-json\/wp\/v2\/product_tag?post=1232"}],"curies":[{"name":"wp","href":"https:\/\/api.w.org\/{rel}","templated":true}]}}