{"id":1229,"date":"2024-10-27T11:54:14","date_gmt":"2024-10-27T08:54:14","guid":{"rendered":"https:\/\/wristbandfactory.eu\/toode\/glitter-wristbands\/"},"modified":"2026-04-01T21:52:36","modified_gmt":"2026-04-01T18:52:36","slug":"glitter-vinyl-wristbands","status":"publish","type":"product","link":"https:\/\/displayproducts.eu\/da\/p\/glitter-vinyl-wristbands\/","title":{"rendered":"Glitter vinyl armb\u00e5nd"},"content":{"rendered":"<p data-path-to-node=\"8\">Tilf\u00f8j et strejf af eksklusivitet til din n\u00e6ste high-end begivenhed med vores Glitter Vinyl armb\u00e5nd. Dette er den f\u00f8rsteklasses l\u00f8sning til gallaballer, VIP-zoner og eksklusive fester, hvor en effektfuld og f\u00f8rsteklasses finish er afg\u00f8rende for dit brandimage.<\/p>\n<p data-path-to-node=\"9\">Disse remme kombinerer den flerdages holdbarhed og vandt\u00e6tte sikkerhed fra vores standard vinylarmb\u00e5nd med en glitrende glitterfinish.<\/p>\n<h3>Bestil fra lager eller specialtryk<\/h3>\n<p data-path-to-node=\"11\">For at overholde dine deadlines tilbyder vi to muligheder:<\/p>\n<ol start=\"1\" data-path-to-node=\"12\">\n<li>\n<p data-path-to-node=\"12,0,0\"><b>Utrykt (fra lager):<\/b> Vores utrykte glitterarmb\u00e5nd er tilg\u00e6ngelige p\u00e5 lager i 6 livlige farver til \u00f8jeblikkelig forsendelse: guld, s\u00f8lv, gr\u00f8n, bl\u00e5, pink eller r\u00f8d.<\/p>\n<\/li>\n<li>\n<p data-path-to-node=\"12,1,0\"><b>Brugerdefineret trykt:<\/b> Til branding kan vi tilf\u00f8je dit logo eller tekst i et holdbart 1-farvet tryk med enhver bl\u00e6kfarve efter eget valg.<\/p>\n<\/li>\n<\/ol>\n<h3>Sikkerhed inkluderet<\/h3>\n<p data-path-to-node=\"14\">Hvert armb\u00e5nd er sikret med en engangs plastiktrykl\u00e5s. Denne ikke-overf\u00f8rbare l\u00e5s sikrer, at dit arrangement forbliver sikkert og forhindrer uautoriseret adgang.<\/p>\n<p data-path-to-node=\"15\"><i>Bem\u00e6rk: Det med eget tryk tryk p\u00e5 glitteroverflader er f\u00f8lsomt over for cremer, sand og saltvand. Vi anbefaler disse b\u00e5nd til indend\u00f8rs arrangementer eller t\u00f8rre festivaler for at sikre maksimal tryklevetid.<\/i><\/p>\n<p data-path-to-node=\"16\"><b>N\u00f8glefunktioner:<\/b><\/p>\n<ul data-path-to-node=\"17\">\n<li>\n<p data-path-to-node=\"17,0,0\"><b>Premium glitterfinish:<\/b> H\u00f8jglansmateriale, ideelt til VIP&#039;er, gallafester og eksklusive fester.<\/p>\n<\/li>\n<li>\n<p data-path-to-node=\"17,1,0\"><b>H\u00f8jsikkerhedslukning:<\/b> Har en engangs plastikl\u00e5s for at forhindre overf\u00f8rsel.<\/p>\n<\/li>\n<li>\n<p data-path-to-node=\"17,2,0\"><b>Brugerdefineret branding:<\/b> F\u00e5s med et slidst\u00e6rkt 1-farvet logo eller teksttryk.<\/p>\n<\/li>\n<li>\n<p data-path-to-node=\"17,3,0\"><b>6 livlige farver:<\/b> V\u00e6lg mellem aktieoptioner i guld, s\u00f8lv, gr\u00f8n, bl\u00e5, r\u00f8d eller pink.<\/p>\n<\/li>\n<li>\n<p data-path-to-node=\"17,4,0\"><b>Lagertilg\u00e6ngelighed:<\/b> Utrykte b\u00e5nd er tilg\u00e6ngelige fra lager til omg\u00e5ende forsendelse.<\/p>\n<\/li>\n<\/ul>","protected":false},"excerpt":{"rendered":"<ul>\n<li>\n<p data-path-to-node=\"7,0,0\"><b>Premium VIP-finish:<\/b> Effektiv glitterfinish, perfekt til gallaballer, VIP-kunder og eksklusive fester.<\/p>\n<\/li>\n<li>\n<p data-path-to-node=\"7,1,0\"><b>H\u00f8jsikkerhedslukning:<\/b> Har en sikker engangsl\u00e5s i plastik for at forhindre overf\u00f8rsel.<\/p>\n<\/li>\n<li>\n<p data-path-to-node=\"7,2,0\"><b>Fleksibel bestilling:<\/b> F\u00e5s utrykt fra lager (for hurtig levering) eller med et brugerdefineret logotryk i 1 farve.<\/p>\n<\/li>\n<li>\n<p data-path-to-node=\"7,3,0\"><b>6 basisfarver:<\/b> V\u00e6lg mellem guld, s\u00f8lv, gr\u00f8n, bl\u00e5, r\u00f8d eller pink.<\/p>\n<\/li>\n<\/ul>","protected":false},"featured_media":6032,"comment_status":"closed","ping_status":"closed","template":"","meta":[],"product_brand":[],"product_cat":[66,51,68],"product_tag":[],"class_list":{"0":"post-1229","1":"product","2":"type-product","3":"status-publish","4":"has-post-thumbnail","6":"product_cat-wristbands","7":"product_cat-vinyl","8":"product_cat-event-supplies","10":"first","11":"instock","12":"shipping-taxable","13":"purchasable","14":"product-type-simple"},"_links":{"self":[{"href":"https:\/\/displayproducts.eu\/da\/wp-json\/wp\/v2\/product\/1229","targetHints":{"allow":["GET"]}}],"collection":[{"href":"https:\/\/displayproducts.eu\/da\/wp-json\/wp\/v2\/product"}],"about":[{"href":"https:\/\/displayproducts.eu\/da\/wp-json\/wp\/v2\/types\/product"}],"replies":[{"embeddable":true,"href":"https:\/\/displayproducts.eu\/da\/wp-json\/wp\/v2\/comments?post=1229"}],"wp:featuredmedia":[{"embeddable":true,"href":"https:\/\/displayproducts.eu\/da\/wp-json\/wp\/v2\/media\/6032"}],"wp:attachment":[{"href":"https:\/\/displayproducts.eu\/da\/wp-json\/wp\/v2\/media?parent=1229"}],"wp:term":[{"taxonomy":"product_brand","embeddable":true,"href":"https:\/\/displayproducts.eu\/da\/wp-json\/wp\/v2\/product_brand?post=1229"},{"taxonomy":"product_cat","embeddable":true,"href":"https:\/\/displayproducts.eu\/da\/wp-json\/wp\/v2\/product_cat?post=1229"},{"taxonomy":"product_tag","embeddable":true,"href":"https:\/\/displayproducts.eu\/da\/wp-json\/wp\/v2\/product_tag?post=1229"}],"curies":[{"name":"wp","href":"https:\/\/api.w.org\/{rel}","templated":true}]}}