{"id":1228,"date":"2024-10-27T11:54:14","date_gmt":"2024-10-27T08:54:14","guid":{"rendered":"https:\/\/wristbandfactory.eu\/toode\/medical-wristbands\/"},"modified":"2026-04-01T21:52:36","modified_gmt":"2026-04-01T18:52:36","slug":"medical-wristbands","status":"publish","type":"product","link":"https:\/\/displayproducts.eu\/da\/p\/medical-wristbands\/","title":{"rendered":"Hospitalsarmb\u00e5nd"},"content":{"rendered":"<div class=\"mx-12 md:mx-24 lg:mx-48\">\n<div class=\"container my-8 svelte-zlsknf\">\n<div class=\"my-24 rounded-lg border-0 border-gray-700 bg-gray-100 px-16 py-24\">\n<div class=\"mt-11 !text-gray-500\">\n<p data-path-to-node=\"12\">S\u00f8rg for patientsikkerhed og pr\u00e6cis identifikation med vores <b data-path-to-node=\"12\" data-index-in-node=\"84\">Medicinske ID-armb\u00e5nd<\/b>. Disse armb\u00e5nd er specielt designet til hospitaler, plejehjem og sundhedsinstitutioner og giver en p\u00e5lidelig og effektiv m\u00e5de at vise kritiske patientdata p\u00e5.<\/p>\n<p data-path-to-node=\"13\"><span data-path-to-node=\"13,0\">Armb\u00e5ndene er fremstillet af bl\u00f8dt, allergivenligt vinyl, hvilket sikrer, at de er behagelige at have p\u00e5 i lang tid og sikre for f\u00f8lsom hud. <\/span><span data-path-to-node=\"13,2\"><span class=\"citation-59\">Materialet er slidst\u00e6rkt og vandafvisende, hvilket g\u00f8r det velegnet til brusebads- og hospitalsmilj\u00f8er uden at udtv\u00e6re eller nedbrydes<\/span><\/span><span data-path-to-node=\"13,4\">.<\/span><\/p>\n<h2 data-path-to-node=\"14\">N\u00f8glefunktioner<\/h2>\n<ul data-path-to-node=\"15\">\n<li>\n<p data-path-to-node=\"15,0,0\"><b data-path-to-node=\"15,0,0\" data-index-in-node=\"0\">Inds\u00e6t kortsystem:<\/b> Har en sikker lomme med et papirindsatskort, der giver personalet hurtigt mulighed for at skrive navne, f\u00f8dselsdatoer eller medicinske ID-numre ned uden s\u00e6rlige printere.<\/p>\n<\/li>\n<li>\n<p data-path-to-node=\"15,1,0\"><b data-path-to-node=\"15,1,0\" data-index-in-node=\"0\">Ikke-overf\u00f8rbar sikkerhed:<\/b> Udstyret med en engangs plastikkliklukning (klips), der skal klippes over for at kunne fjernes, hvilket forhindrer uautoriseret overf\u00f8rsel mellem patienter.<\/p>\n<\/li>\n<li>\n<p data-path-to-node=\"15,2,0\"><b data-path-to-node=\"15,2,0\" data-index-in-node=\"0\">Patientsikkerhed f\u00f8rst:<\/b> Lavet af allergivenlige materialer uden skarpe kanter for at forhindre hudirritation eller skader.<\/p>\n<\/li>\n<li>\n<p data-path-to-node=\"15,3,0\"><b data-path-to-node=\"15,3,0\" data-index-in-node=\"0\">Visuelt ID:<\/b> F\u00e5s i standardhvid (voksne), med andre farver tilg\u00e6ngelige p\u00e5 foresp\u00f8rgsel for at hj\u00e6lpe med at kategorisere patientgrupper (f.eks. allergier, faldrisiko).<\/p>\n<\/li>\n<\/ul>\n<h2 data-path-to-node=\"16\">Specifikationer<\/h2>\n<ul data-path-to-node=\"17\">\n<li>\n<p data-path-to-node=\"17,0,0\"><b data-path-to-node=\"17,0,0\" data-index-in-node=\"0\">Materiale:<\/b> Bl\u00f8d PVC \/ vinyl (hypoallergenisk).<\/p>\n<\/li>\n<li>\n<p data-path-to-node=\"17,1,0\"><b data-path-to-node=\"17,1,0\" data-index-in-node=\"0\">Lukningstype:<\/b> Engangs plastiktrykl\u00e5s\/klips.<\/p>\n<\/li>\n<li>\n<p data-path-to-node=\"17,2,0\"><b data-path-to-node=\"17,2,0\" data-index-in-node=\"0\">Skriveomr\u00e5de:<\/b> Indl\u00e6gskort medf\u00f8lger.<\/p>\n<\/li>\n<li>\n<p data-path-to-node=\"17,3,0\"><b data-path-to-node=\"17,3,0\" data-index-in-node=\"0\">St\u00f8rrelser:<\/b> Voksen- og b\u00f8rnevarianter tilg\u00e6ngelige.<\/p>\n<\/li>\n<li>\n<p data-path-to-node=\"17,4,0\"><b data-path-to-node=\"17,4,0\" data-index-in-node=\"0\">Holdbarhed:<\/b> Vandafvisende og rivefast.<\/p>\n<\/li>\n<li>\n<p data-path-to-node=\"17,5,0\"><b data-path-to-node=\"17,5,0\" data-index-in-node=\"0\">Minimum ordrem\u00e6ngde:<\/b> 100 enheder.<\/p>\n<\/li>\n<\/ul>\n<h2 data-path-to-node=\"18\">Brugsscenarier<\/h2>\n<ul data-path-to-node=\"19\">\n<li>\n<p data-path-to-node=\"19,0,0\"><b data-path-to-node=\"19,0,0\" data-index-in-node=\"0\">Hospitalsindl\u00e6ggelser:<\/b> Hurtig identifikation af indkommende patienter p\u00e5 skadestuen eller afdelinger.<\/p>\n<\/li>\n<li>\n<p data-path-to-node=\"19,1,0\"><b data-path-to-node=\"19,1,0\" data-index-in-node=\"0\">Plejehjem:<\/b> Holdbar identifikation for fastboende.<\/p>\n<\/li>\n<li>\n<p data-path-to-node=\"19,2,0\"><b data-path-to-node=\"19,2,0\" data-index-in-node=\"0\">Klinik ambulatorium:<\/b> Simpel m\u00e6rkning til dagprocedurer.<\/p>\n<\/li>\n<li>\n<p data-path-to-node=\"19,3,0\"><b data-path-to-node=\"19,3,0\" data-index-in-node=\"0\">Medicinsk triage:<\/b> Hurtig kategorisering af patienter under akut indsats.<\/p>\n<\/li>\n<\/ul>\n<\/div>\n<\/div>\n<\/div>\n<\/div>","protected":false},"excerpt":{"rendered":"<ul>\n<li>\n<p data-path-to-node=\"11,0,1\"><span data-path-to-node=\"11,0,1,0\"><b data-path-to-node=\"11,0,1,0\" data-index-in-node=\"0\"><span class=\"citation-60\">Materiale:<\/span><\/b><span class=\"citation-60\"> Bl\u00f8d, allergivenlig vinyl (vandafvisende)<\/span><\/span><span data-path-to-node=\"11,0,1,2\">.<\/span><\/p>\n<\/li>\n<li>\n<p data-path-to-node=\"11,1,0\"><b data-path-to-node=\"11,1,0\" data-index-in-node=\"0\">Dataindtastning:<\/b> Klar lomme med indstikskort af papir til patientoplysninger.<\/p>\n<\/li>\n<li>\n<p data-path-to-node=\"11,2,0\"><b data-path-to-node=\"11,2,0\" data-index-in-node=\"0\">Sikkerhed:<\/b> Engangs plastiktryklukning forhindrer overf\u00f8rsel.<\/p>\n<\/li>\n<li>\n<p data-path-to-node=\"11,3,0\"><b data-path-to-node=\"11,3,0\" data-index-in-node=\"0\">St\u00f8rrelse:<\/b> F\u00e5s i voksen- og b\u00f8rnest\u00f8rrelser.<\/p>\n<\/li>\n<\/ul>","protected":false},"featured_media":6413,"comment_status":"closed","ping_status":"closed","template":"","meta":[],"product_brand":[],"product_cat":[66,51,72],"product_tag":[],"class_list":{"0":"post-1228","1":"product","2":"type-product","3":"status-publish","4":"has-post-thumbnail","6":"product_cat-wristbands","7":"product_cat-vinyl","8":"product_cat-medical-and-hospital","10":"first","11":"instock","12":"shipping-taxable","13":"purchasable","14":"product-type-simple"},"_links":{"self":[{"href":"https:\/\/displayproducts.eu\/da\/wp-json\/wp\/v2\/product\/1228","targetHints":{"allow":["GET"]}}],"collection":[{"href":"https:\/\/displayproducts.eu\/da\/wp-json\/wp\/v2\/product"}],"about":[{"href":"https:\/\/displayproducts.eu\/da\/wp-json\/wp\/v2\/types\/product"}],"replies":[{"embeddable":true,"href":"https:\/\/displayproducts.eu\/da\/wp-json\/wp\/v2\/comments?post=1228"}],"wp:featuredmedia":[{"embeddable":true,"href":"https:\/\/displayproducts.eu\/da\/wp-json\/wp\/v2\/media\/6413"}],"wp:attachment":[{"href":"https:\/\/displayproducts.eu\/da\/wp-json\/wp\/v2\/media?parent=1228"}],"wp:term":[{"taxonomy":"product_brand","embeddable":true,"href":"https:\/\/displayproducts.eu\/da\/wp-json\/wp\/v2\/product_brand?post=1228"},{"taxonomy":"product_cat","embeddable":true,"href":"https:\/\/displayproducts.eu\/da\/wp-json\/wp\/v2\/product_cat?post=1228"},{"taxonomy":"product_tag","embeddable":true,"href":"https:\/\/displayproducts.eu\/da\/wp-json\/wp\/v2\/product_tag?post=1228"}],"curies":[{"name":"wp","href":"https:\/\/api.w.org\/{rel}","templated":true}]}}