{"id":1217,"date":"2024-10-27T11:54:36","date_gmt":"2024-10-27T08:54:36","guid":{"rendered":"https:\/\/wristbandfactory.eu\/toode\/polyester-wristbands-with-woven-logo\/"},"modified":"2026-04-01T21:52:36","modified_gmt":"2026-04-01T18:52:36","slug":"woven-fabric-wristbands-up-to-4-colours","status":"publish","type":"product","link":"https:\/\/displayproducts.eu\/da\/p\/woven-fabric-wristbands-up-to-4-colours\/","title":{"rendered":"V\u00e6vede stofarmb\u00e5nd (op til 4 farver)"},"content":{"rendered":"<div class=\"mx-12 md:mx-24 lg:mx-48\">\n<div class=\"container my-8 svelte-zlsknf\">\n<div class=\"my-24 rounded-lg border-0 border-gray-700 bg-gray-100 px-16 py-24\">\n<div class=\"mt-11 !text-gray-500\">\n<p data-path-to-node=\"8\">L\u00f8ft dit events branding med vores f\u00f8rsteklasses v\u00e6vede stofarmb\u00e5nd. I mods\u00e6tning til trykte alternativer integrerer dette design dit logo og budskab (med op til 4 forskellige farver) direkte i det slidst\u00e6rke polyesterstof. Denne v\u00e6vningsmetode skaber en holdbar, tekstureret finish af h\u00f8j kvalitet, der modst\u00e5r falmning og slid, hvilket g\u00f8r det til det bedste valg til flerdagesfestivaler og firmaarrangementer, hvor brandprestige er altafg\u00f8rende.<\/p>\n<h3 data-path-to-node=\"9\"><b>Konfigurer dit perfekte v\u00e6vede armb\u00e5nd<\/b><\/h3>\n<ol start=\"1\" data-path-to-node=\"10\">\n<li>\n<p data-path-to-node=\"10,0,0\"><b>V\u00e6lg din l\u00e5s:<\/b> V\u00e6lg den lukning, der matcher sikkerhedsbehovene for dit arrangement. Dette armb\u00e5nd er kompatibelt med hele vores udvalg af l\u00e5se, herunder:<\/p>\n<ul data-path-to-node=\"10,0,1\">\n<li>\n<p data-path-to-node=\"10,0,1,0,0\"><b>H\u00f8jsikkerhedsl\u00e5se:<\/b> En engangslukning for at forhindre overf\u00f8rsel og sikre robust adgangskontrol.<\/p>\n<\/li>\n<li>\n<p data-path-to-node=\"10,0,1,1,0\"><b>Genanvendelige l\u00e5se:<\/b> En justerbar perle til fleksibel brug i flere dage.<\/p>\n<\/li>\n<li>\n<p data-path-to-node=\"10,0,1,2,0\"><b>Milj\u00f8venlige l\u00e5se:<\/b> Vores b\u00e6redygtige engangsl\u00e5s i bambus.<\/p>\n<\/li>\n<\/ul>\n<\/li>\n<li>\n<p data-path-to-node=\"10,1,0\"><b>Tilf\u00f8j valgfri antibakteriel behandling:<\/b> Til arrangementer, der kr\u00e6ver de h\u00f8jeste hygiejnestandarder, f\u00e5s disse armb\u00e5nd med et valgfrit <b>antibakteriel behandling certificeret i henhold til ISO 20743-standarderne<\/b>. Dette giver et vigtigt sikkerhedslag for deltagere i sundhedskonferencer, madfestivaler eller store offentlige forsamlinger.<\/p>\n<\/li>\n<\/ol>\n<h3 data-path-to-node=\"11\"><b>N\u00f8glefunktioner:<\/b><\/h3>\n<ul data-path-to-node=\"12\">\n<li>\n<p data-path-to-node=\"12,0,0\"><b>Premium v\u00e6vet logo:<\/b> Dit design v\u00e6ves ind i stoffet (op til 4 farver) for at give en slidst\u00e6rk og eksklusiv finish.<\/p>\n<\/li>\n<li>\n<p data-path-to-node=\"12,1,0\"><b>Sikkerhedsl\u00e5sindstillinger:<\/b> V\u00e6lg mellem h\u00f8jsikkerhed (engangsbrug), genanvendelig eller milj\u00f8venlig bambus.<\/p>\n<\/li>\n<li>\n<p data-path-to-node=\"12,2,0\"><b>Valgfri antibakteriel behandling:<\/b> ISO 20743-certificeret for forbedret hygiejne.<\/p>\n<\/li>\n<li>\n<p data-path-to-node=\"12,3,0\"><b>Holdbar polyester:<\/b> Slidst\u00e6rkt materiale, ideelt til l\u00e6ngere tids brug.<\/p>\n<\/li>\n<li>\n<p data-path-to-node=\"12,4,0\"><b>Minimumsbestilling:<\/b> 100 stykker.<\/p>\n<\/li>\n<\/ul>\n<p data-path-to-node=\"13\">\n<\/div>\n<\/div>\n<\/div>\n<\/div>","protected":false},"excerpt":{"rendered":"<ul>\n<li>\n<p data-path-to-node=\"7,0,0\">Premium v\u00e6vet design: Dit logo v\u00e6ves direkte ind i stoffet i op til 4 farver for en slidst\u00e6rk og falmende finish.<\/p>\n<\/li>\n<li>\n<p data-path-to-node=\"7,1,0\">L\u00e5semuligheder: V\u00e6lg mellem h\u00f8jsikkerhed (engangsbrug), genanvendelig eller milj\u00f8venlig bambus.<\/p>\n<\/li>\n<li>\n<p data-path-to-node=\"7,2,0\">Valgfri antibakteriel behandling: ISO 20743-certificeret behandling for forbedret hygiejne og deltagernes sikkerhed.<\/p>\n<\/li>\n<li>\n<p data-path-to-node=\"7,3,0\">Holdbart polyestermateriale, ideelt til festivaler over flere dage.<\/p>\n<\/li>\n<\/ul>","protected":false},"featured_media":6385,"comment_status":"closed","ping_status":"closed","template":"","meta":[],"product_brand":[],"product_cat":[66,47],"product_tag":[],"class_list":{"0":"post-1217","1":"product","2":"type-product","3":"status-publish","4":"has-post-thumbnail","6":"product_cat-wristbands","7":"product_cat-fabric-wristbands","9":"first","10":"instock","11":"shipping-taxable","12":"purchasable","13":"product-type-simple"},"_links":{"self":[{"href":"https:\/\/displayproducts.eu\/da\/wp-json\/wp\/v2\/product\/1217","targetHints":{"allow":["GET"]}}],"collection":[{"href":"https:\/\/displayproducts.eu\/da\/wp-json\/wp\/v2\/product"}],"about":[{"href":"https:\/\/displayproducts.eu\/da\/wp-json\/wp\/v2\/types\/product"}],"replies":[{"embeddable":true,"href":"https:\/\/displayproducts.eu\/da\/wp-json\/wp\/v2\/comments?post=1217"}],"wp:featuredmedia":[{"embeddable":true,"href":"https:\/\/displayproducts.eu\/da\/wp-json\/wp\/v2\/media\/6385"}],"wp:attachment":[{"href":"https:\/\/displayproducts.eu\/da\/wp-json\/wp\/v2\/media?parent=1217"}],"wp:term":[{"taxonomy":"product_brand","embeddable":true,"href":"https:\/\/displayproducts.eu\/da\/wp-json\/wp\/v2\/product_brand?post=1217"},{"taxonomy":"product_cat","embeddable":true,"href":"https:\/\/displayproducts.eu\/da\/wp-json\/wp\/v2\/product_cat?post=1217"},{"taxonomy":"product_tag","embeddable":true,"href":"https:\/\/displayproducts.eu\/da\/wp-json\/wp\/v2\/product_tag?post=1217"}],"curies":[{"name":"wp","href":"https:\/\/api.w.org\/{rel}","templated":true}]}}