{"id":1216,"date":"2024-10-27T11:54:36","date_gmt":"2024-10-27T08:54:36","guid":{"rendered":"https:\/\/wristbandfactory.eu\/toode\/adjustable-cord-wristbands\/"},"modified":"2026-04-01T21:52:04","modified_gmt":"2026-04-01T18:52:04","slug":"adjustable-rope-wristbands-custom-printed-cord-with-logo","status":"publish","type":"product","link":"https:\/\/displayproducts.eu\/da\/p\/adjustable-rope-wristbands-custom-printed-cord-with-logo\/","title":{"rendered":"Paracord-armb\u00e5nd \u2013 Med logo"},"content":{"rendered":"<div class=\"mx-12 md:mx-24 lg:mx-48\">\n<div class=\"container my-8 svelte-zlsknf\">\n<div class=\"my-24 rounded-lg border-0 border-gray-700 bg-gray-100 px-16 py-24\">\n<div class=\"mt-11 !text-gray-500\">\n<p data-path-to-node=\"9\"><b>Stilfuld og alsidig branding: Med eget tryk justerbare rebarmb\u00e5nd<\/b><\/p>\n<p data-path-to-node=\"10\">Giv dine reklameartikler et l\u00f8ft med vores med eget tryk justerbare reb-armb\u00e5nd. Disse armb\u00e5nd er designet til holdbarhed og langvarig brug og har en robust rund polyestersnor og et brugerdefineret gummir\u00f8r, hvilket tilbyder et moderne alternativ til traditionelle flade armb\u00e5nd. De er den perfekte l\u00f8sning til brand awareness-kampagner, velg\u00f8renhedsarrangementer og VIP-merchandise.<\/p>\n<p data-path-to-node=\"11\"><b>En st\u00f8rrelse passer til alle bekvemmeligheder<\/b> Den smarte glidemekanisme g\u00f8r det nemt at justere armb\u00e5ndet, s\u00e5 det passer til enhver h\u00e5ndledsst\u00f8rrelse, fra b\u00f8rn til voksne. Denne alsidighed, der passer til alle, forenkler din bestillingsproces og eliminerer behovet for at g\u00e6tte st\u00f8rrelsesforholdene for dit publikum.<\/p>\n<p data-path-to-node=\"12\"><b>Fokuseret branding<\/b> I mods\u00e6tning til held\u00e6kkende tryk fokuserer disse armb\u00e5nd p\u00e5 dit logo eller din besked, der er tydeligt trykt p\u00e5 det centrale gummir\u00f8r. Det ensfarvede tryk med h\u00f8j kontrast sikrer, at dit brand forbliver fokuspunktet mod den stilfulde tofarvede snorbaggrund.<\/p>\n<p data-path-to-node=\"13\"><b>Hygiejne- og sikkerhedsmuligheder<\/b> Til arrangementer, der kr\u00e6ver h\u00f8jere sundhedsstandarder, tilbyder vi en valgfri ISO 20743-certificeret antibakteriel behandling til polyestersnoren. Denne funktion giver brugerne ekstra tryghed og positionerer dit brand som en ansvarlig brancheleder.<\/p>\n<p data-path-to-node=\"14\"><b>N\u00f8glefunktioner:<\/b><\/p>\n<ul data-path-to-node=\"15\">\n<li>\n<p data-path-to-node=\"15,0,0\"><b>H\u00f8jkvalitetsledning:<\/b> Holdbart v\u00e6vet polyester bevarer sin form og farve.<\/p>\n<\/li>\n<li>\n<p data-path-to-node=\"15,1,0\"><b>S\u00e6rpr\u00e6get design:<\/b> F\u00e5s i tofarvede farvekombinationer, der matcher brandets temaer.<\/p>\n<\/li>\n<li>\n<p data-path-to-node=\"15,2,0\"><b>Justerbar skyder:<\/b> Sikker og brugervenlig glidende r\u00f8rmekanisme.<\/p>\n<\/li>\n<li>\n<p data-path-to-node=\"15,3,0\"><b>Langtidsholdbar:<\/b> Designet til l\u00e6ngere tids brug, der maksimerer brandindtryk.<\/p>\n<\/li>\n<li>\n<p data-path-to-node=\"15,4,0\"><b>Engros klar:<\/b> Optimeret til bulkbestillinger med ensartet kvalitetskontrol.<\/p>\n<\/li>\n<\/ul>\n<\/div>\n<\/div>\n<\/div>\n<\/div>","protected":false},"excerpt":{"rendered":"<ul>\n<li>\n<p data-path-to-node=\"6,0,0\"><b>Materiale:<\/b> Rund tofarvet polyestersnor med glidende gummislange.<\/p>\n<\/li>\n<li>\n<p data-path-to-node=\"6,1,0\"><b>Tilpasning:<\/b> Skarpt 1-farvet logotryk p\u00e5 det centrale r\u00f8r.<\/p>\n<\/li>\n<li>\n<p data-path-to-node=\"6,2,0\"><b>Passe:<\/b> Fuldt justerbar glidende knudemekanisme (one size fits all).<\/p>\n<\/li>\n<li>\n<p data-path-to-node=\"6,3,0\"><b>Sikkerhed:<\/b> Valgfri antibakteriel behandling i henhold til ISO 20743 tilg\u00e6ngelig.<\/p>\n<\/li>\n<\/ul>","protected":false},"featured_media":6400,"comment_status":"closed","ping_status":"closed","template":"","meta":[],"product_brand":[],"product_cat":[66,112],"product_tag":[],"class_list":{"0":"post-1216","1":"product","2":"type-product","3":"status-publish","4":"has-post-thumbnail","6":"product_cat-wristbands","7":"product_cat-paracord-wristbands","9":"first","10":"instock","11":"shipping-taxable","12":"purchasable","13":"product-type-simple"},"_links":{"self":[{"href":"https:\/\/displayproducts.eu\/da\/wp-json\/wp\/v2\/product\/1216","targetHints":{"allow":["GET"]}}],"collection":[{"href":"https:\/\/displayproducts.eu\/da\/wp-json\/wp\/v2\/product"}],"about":[{"href":"https:\/\/displayproducts.eu\/da\/wp-json\/wp\/v2\/types\/product"}],"replies":[{"embeddable":true,"href":"https:\/\/displayproducts.eu\/da\/wp-json\/wp\/v2\/comments?post=1216"}],"wp:featuredmedia":[{"embeddable":true,"href":"https:\/\/displayproducts.eu\/da\/wp-json\/wp\/v2\/media\/6400"}],"wp:attachment":[{"href":"https:\/\/displayproducts.eu\/da\/wp-json\/wp\/v2\/media?parent=1216"}],"wp:term":[{"taxonomy":"product_brand","embeddable":true,"href":"https:\/\/displayproducts.eu\/da\/wp-json\/wp\/v2\/product_brand?post=1216"},{"taxonomy":"product_cat","embeddable":true,"href":"https:\/\/displayproducts.eu\/da\/wp-json\/wp\/v2\/product_cat?post=1216"},{"taxonomy":"product_tag","embeddable":true,"href":"https:\/\/displayproducts.eu\/da\/wp-json\/wp\/v2\/product_tag?post=1216"}],"curies":[{"name":"wp","href":"https:\/\/api.w.org\/{rel}","templated":true}]}}