{"id":1212,"date":"2024-10-27T11:54:36","date_gmt":"2024-10-27T08:54:36","guid":{"rendered":"https:\/\/wristbandfactory.eu\/toode\/safety-wristbands-for-children\/"},"modified":"2026-04-01T21:52:36","modified_gmt":"2026-04-01T18:52:36","slug":"safety-wristbands-for-children","status":"publish","type":"product","link":"https:\/\/displayproducts.eu\/da\/p\/safety-wristbands-for-children\/","title":{"rendered":"Sikkerhedsarmb\u00e5nd til b\u00f8rn"},"content":{"rendered":"<div class=\"wpb_text_column wpb_content_element\">\n<div class=\"wpb_wrapper\">\n<p>Armb\u00e5ndene er fuldst\u00e6ndig sikre for et barns helbred og hud, hvilket er dokumenteret af de relevante certifikater. Vi samarbejder med de mest erfarne materialeproducenter for at sikre, at vores kunder modtager et absolut sikkert produkt.<\/p>\n<\/div>\n<\/div>\n<p>certificeret<br \/>\ngodkendt af det nationale institut for hygiejne i Polen<\/p>\n<p>materiale<br \/>\nspecielt materiale, der er sk\u00e5nsomt mod et barns hud<\/p>\n<p>hypoallergenisk<br \/>\ningen allergifremkaldende forbindelser<\/p>\n<p>hypoallergenisk<br \/>\nGunstige partnerskabsvilk\u00e5r<\/p>\n<p>op mod 300 stk.<br \/>\nlave produktionsm\u00e6ngder mulige<\/p>\n<p>tid<br \/>\nkorte produktionstider<br \/>\nholdbarhed<br \/>\nMaterialet er fleksibelt, delikat og holdbart p\u00e5 samme tid<\/p>\n<p>genanvendelig<br \/>\nsp\u00e6nder p\u00e5 remmen designet til at muligg\u00f8re flere anvendelser af remmen<\/p>\n<p>farve<br \/>\nl\u00e5sen skifter farve, n\u00e5r den uds\u00e6ttes for st\u00e6rke UV-str\u00e5ler<\/p>","protected":false},"excerpt":{"rendered":"<div>\n<p class=\"text-gray-500\">Et bredt udvalg af farverige, unikke m\u00f8nstre, designet af en illustrator og underviser. Derudover kan ethvert design skabes af kunden og placeres p\u00e5 et armb\u00e5nd. Det er den perfekte l\u00f8sning for virksomheder, der s\u00f8ger et unikt reklamemedie, en innovativ og fantasifuld gadget eller en nyttig gave til deres medarbejdere og kunder. Reklamegrafikken kan d\u00e6kke hele armb\u00e5ndets overflade (eksklusive lukning).<\/p>\n<\/div>","protected":false},"featured_media":6439,"comment_status":"closed","ping_status":"closed","template":"","meta":[],"product_brand":[],"product_cat":[66,68],"product_tag":[],"class_list":{"0":"post-1212","1":"product","2":"type-product","3":"status-publish","4":"has-post-thumbnail","6":"product_cat-wristbands","7":"product_cat-event-supplies","9":"first","10":"instock","11":"shipping-taxable","12":"purchasable","13":"product-type-simple"},"_links":{"self":[{"href":"https:\/\/displayproducts.eu\/da\/wp-json\/wp\/v2\/product\/1212","targetHints":{"allow":["GET"]}}],"collection":[{"href":"https:\/\/displayproducts.eu\/da\/wp-json\/wp\/v2\/product"}],"about":[{"href":"https:\/\/displayproducts.eu\/da\/wp-json\/wp\/v2\/types\/product"}],"replies":[{"embeddable":true,"href":"https:\/\/displayproducts.eu\/da\/wp-json\/wp\/v2\/comments?post=1212"}],"wp:featuredmedia":[{"embeddable":true,"href":"https:\/\/displayproducts.eu\/da\/wp-json\/wp\/v2\/media\/6439"}],"wp:attachment":[{"href":"https:\/\/displayproducts.eu\/da\/wp-json\/wp\/v2\/media?parent=1212"}],"wp:term":[{"taxonomy":"product_brand","embeddable":true,"href":"https:\/\/displayproducts.eu\/da\/wp-json\/wp\/v2\/product_brand?post=1212"},{"taxonomy":"product_cat","embeddable":true,"href":"https:\/\/displayproducts.eu\/da\/wp-json\/wp\/v2\/product_cat?post=1212"},{"taxonomy":"product_tag","embeddable":true,"href":"https:\/\/displayproducts.eu\/da\/wp-json\/wp\/v2\/product_tag?post=1212"}],"curies":[{"name":"wp","href":"https:\/\/api.w.org\/{rel}","templated":true}]}}