{"id":1209,"date":"2024-07-16T17:57:25","date_gmt":"2024-07-16T14:57:25","guid":{"rendered":"https:\/\/wristbandfactory.eu\/toode\/seed-paper-bracelet\/"},"modified":"2026-04-01T21:52:36","modified_gmt":"2026-04-01T18:52:36","slug":"seed-paper-wristbands","status":"publish","type":"product","link":"https:\/\/displayproducts.eu\/da\/p\/seed-paper-wristbands\/","title":{"rendered":"Fr\u00f8papirarmb\u00e5nd"},"content":{"rendered":"<p data-path-to-node=\"12\">G\u00f8r en varig, positiv forskel p\u00e5 dine deltagere og milj\u00f8et med vores <b data-path-to-node=\"12\" data-index-in-node=\"104\">Fr\u00f8papir armb\u00e5nd<\/b>. Dette innovative produkt tilbyder en unik, affaldsfri l\u00f8sning til milj\u00f8bevidste eventarrang\u00f8rer, der forvandler en typisk engangsgenstand til et mindev\u00e6rdigt &quot;andet liv&quot; som vilde blomster. Disse armb\u00e5nd er designet til festivaler, b\u00e6redygtighedsarrangementer for virksomheder og gr\u00f8nne konferencer og fungerer b\u00e5de som en sikker adgangskode og en erkl\u00e6ring om jeres milj\u00f8m\u00e6ssige v\u00e6rdier.<\/p>\n<h2 data-path-to-node=\"13\">N\u00f8glefunktioner<\/h2>\n<ul data-path-to-node=\"14\">\n<li>\n<p data-path-to-node=\"14,0,0\"><b data-path-to-node=\"14,0,0\" data-index-in-node=\"0\">Plantbar teknologi:<\/b> Lavet af 80 gsm papir med en blanding af vilde blomsterfr\u00f8. Efter arrangementet kan armb\u00e5ndet plantes i jord for at dyrke blomster.<\/p>\n<\/li>\n<li>\n<p data-path-to-node=\"14,1,0\"><b data-path-to-node=\"14,1,0\" data-index-in-node=\"0\">Branding i fuld farve:<\/b> Underst\u00f8tter kant-til-kant-print, s\u00e5 du kan fremvise dit logo, dine sponsorer eller din milj\u00f8besked levende.<\/p>\n<\/li>\n<li>\n<p data-path-to-node=\"14,2,0\"><b data-path-to-node=\"14,2,0\" data-index-in-node=\"0\">Sikker adgangskontrol:<\/b> Har en p\u00e5lidelig kl\u00e6bestrimmel, der er til engangsbrug og ikke kan overf\u00f8res, hvilket sikrer sikkerheden p\u00e5 dit sted.<\/p>\n<\/li>\n<li>\n<p data-path-to-node=\"14,3,0\"><b data-path-to-node=\"14,3,0\" data-index-in-node=\"0\">Tekstur og f\u00f8lelse:<\/b> Den naturlige, let uj\u00e6vne tekstur af fr\u00f8papiret tilf\u00f8jer en taktil, organisk kvalitet, der forst\u00e6rker budskabet om b\u00e6redygtighed.<\/p>\n<\/li>\n<\/ul>\n<h2 data-path-to-node=\"15\">Specifikationer<\/h2>\n<ul data-path-to-node=\"16\">\n<li>\n<p data-path-to-node=\"16,0,0\"><b data-path-to-node=\"16,0,0\" data-index-in-node=\"0\">Dimensioner:<\/b> Ca. 240 x 20 mm (Standard justerbar st\u00f8rrelse).<\/p>\n<\/li>\n<li>\n<p data-path-to-node=\"16,1,0\"><b data-path-to-node=\"16,1,0\" data-index-in-node=\"0\">Materialev\u00e6gt:<\/b> 80 gsm fr\u00f8papir.<\/p>\n<\/li>\n<li>\n<p data-path-to-node=\"16,2,0\"><b data-path-to-node=\"16,2,0\" data-index-in-node=\"0\">Udskrivningsmetode:<\/b> Digitaltryk i fuld farve (CMYK).<\/p>\n<\/li>\n<li>\n<p data-path-to-node=\"16,3,0\"><b data-path-to-node=\"16,3,0\" data-index-in-node=\"0\">Brugsvarighed:<\/b> Anbefales til endagsarrangementer (maks. 1-2 dage) p\u00e5 grund af bionedbrydelighed.<\/p>\n<\/li>\n<li>\n<p data-path-to-node=\"16,4,0\"><b data-path-to-node=\"16,4,0\" data-index-in-node=\"0\">Minimum ordrem\u00e6ngde:<\/b> 100 enheder.<\/p>\n<\/li>\n<\/ul>\n<h2 data-path-to-node=\"17\">Brugsscenarier<\/h2>\n<ul data-path-to-node=\"18\">\n<li>\n<p data-path-to-node=\"18,0,0\"><b data-path-to-node=\"18,0,0\" data-index-in-node=\"0\">Gr\u00f8nne festivaler:<\/b> Perfekt til udend\u00f8rs musik- og kunstfestivaler, der prioriterer &quot;Efterlad ingen spor&quot;-principperne.<\/p>\n<\/li>\n<li>\n<p data-path-to-node=\"18,1,0\"><b data-path-to-node=\"18,1,0\" data-index-in-node=\"0\">Virksomhedens CSR-arrangementer:<\/b> Ideel til firmaarrangementer med fokus p\u00e5 b\u00e6redygtighed og milj\u00f8ansvar.<\/p>\n<\/li>\n<li>\n<p data-path-to-node=\"18,2,0\"><b data-path-to-node=\"18,2,0\" data-index-in-node=\"0\">Indsamlinger til velg\u00f8renhed:<\/b> En symbolsk gave til donorer, der vokser til blomster, hvilket repr\u00e6senterer v\u00e6kst og taknemmelighed.<\/p>\n<\/li>\n<li>\n<p data-path-to-node=\"18,3,0\"><b data-path-to-node=\"18,3,0\" data-index-in-node=\"0\">VIP-adgang:<\/b> En unik og eksklusiv differentiator for s\u00e6rlige g\u00e6ster p\u00e5 milj\u00f8venlige konferencer.<\/p>\n<\/li>\n<\/ul>","protected":false},"excerpt":{"rendered":"<ul>\n<li>\n<p data-path-to-node=\"11,0,0\"><b data-path-to-node=\"11,0,0\" data-index-in-node=\"0\">Materiale:<\/b> 80 gsm bionedbrydeligt papir indlejret med vilde blomsterfr\u00f8.<\/p>\n<\/li>\n<li>\n<p data-path-to-node=\"11,1,0\"><b data-path-to-node=\"11,1,0\" data-index-in-node=\"0\">Tilpasning:<\/b> Fuldfarvetryk fra kant til kant for branding med stor effekt.<\/p>\n<\/li>\n<li>\n<p data-path-to-node=\"11,2,0\"><b data-path-to-node=\"11,2,0\" data-index-in-node=\"0\">Lukning:<\/b> Sikker engangskl\u00e6bende strip forhindrer overf\u00f8rsel.<\/p>\n<\/li>\n<li>\n<p data-path-to-node=\"11,3,0\"><b data-path-to-node=\"11,3,0\" data-index-in-node=\"0\">\u00d8kofokus:<\/b> 100% kan plantes efter brug for at skabe en affaldsfri l\u00f8sning til arrangementer.<\/p>\n<\/li>\n<\/ul>","protected":false},"featured_media":6394,"comment_status":"closed","ping_status":"closed","template":"","meta":[],"product_brand":[],"product_cat":[133,66],"product_tag":[],"class_list":{"0":"post-1209","1":"product","2":"type-product","3":"status-publish","4":"has-post-thumbnail","6":"product_cat-eco-friendly-wristbands","7":"product_cat-wristbands","9":"first","10":"instock","11":"shipping-taxable","12":"purchasable","13":"product-type-simple"},"_links":{"self":[{"href":"https:\/\/displayproducts.eu\/da\/wp-json\/wp\/v2\/product\/1209","targetHints":{"allow":["GET"]}}],"collection":[{"href":"https:\/\/displayproducts.eu\/da\/wp-json\/wp\/v2\/product"}],"about":[{"href":"https:\/\/displayproducts.eu\/da\/wp-json\/wp\/v2\/types\/product"}],"replies":[{"embeddable":true,"href":"https:\/\/displayproducts.eu\/da\/wp-json\/wp\/v2\/comments?post=1209"}],"wp:featuredmedia":[{"embeddable":true,"href":"https:\/\/displayproducts.eu\/da\/wp-json\/wp\/v2\/media\/6394"}],"wp:attachment":[{"href":"https:\/\/displayproducts.eu\/da\/wp-json\/wp\/v2\/media?parent=1209"}],"wp:term":[{"taxonomy":"product_brand","embeddable":true,"href":"https:\/\/displayproducts.eu\/da\/wp-json\/wp\/v2\/product_brand?post=1209"},{"taxonomy":"product_cat","embeddable":true,"href":"https:\/\/displayproducts.eu\/da\/wp-json\/wp\/v2\/product_cat?post=1209"},{"taxonomy":"product_tag","embeddable":true,"href":"https:\/\/displayproducts.eu\/da\/wp-json\/wp\/v2\/product_tag?post=1209"}],"curies":[{"name":"wp","href":"https:\/\/api.w.org\/{rel}","templated":true}]}}