{"id":1208,"date":"2024-10-27T11:54:37","date_gmt":"2024-10-27T08:54:37","guid":{"rendered":"https:\/\/wristbandfactory.eu\/toode\/faux-leather-wristbands\/"},"modified":"2026-04-01T21:52:36","modified_gmt":"2026-04-01T18:52:36","slug":"faux-leather-wristbands","status":"publish","type":"product","link":"https:\/\/displayproducts.eu\/da\/p\/faux-leather-wristbands\/","title":{"rendered":"Armb\u00e5nd i kunstl\u00e6der"},"content":{"rendered":"<p>G\u00e5 efter et autentisk look med graverede l\u00e6derarmb\u00e5nd. Din tekst er pr\u00e6get i armb\u00e5ndet, ligesom autentiske l\u00e6derarbejdere g\u00f8r. P\u00e5 denne m\u00e5de har teksten samme farve som armb\u00e5ndet.<\/p>\n<p>Vi tilbyder 2 slags lukninger, en plastikklips og en metallukning.<\/p>\n<p>Plastikclipslukningen ligner lukningen p\u00e5 vinylarmb\u00e5nd. Der er huller i armb\u00e5ndet, der giver mulighed for en skr\u00e6ddersyet pasform. Du kan ikke \u00e5bne lukningen, efter den er klikket i, uden at den beskadiges, da der er tegn p\u00e5, at den er blevet manipuleret. Dette forhindrer svindel.<\/p>\n<p>Metallukningen er ogs\u00e5 standardlukningen til festivalarmb\u00e5nd af stof. Du skal bruge en krympetang for at lukke den. Du kan ikke fjerne armb\u00e5ndet efter at have krympet lukningen uden at vise tegn p\u00e5 manipulation, hvilket forhindrer svindel.<\/p>","protected":false},"excerpt":{"rendered":"<div>\n<p class=\"text-gray-500\">Med armb\u00e5nd i kunstl\u00e6der eller imiteret l\u00e6der v\u00e6lger du sikker adgangskontrol til dit arrangement med et unikt look. Du kan v\u00e6lge mellem 4 forskellige farver kunstl\u00e6der til tryk i 1 eller 2 farver eller til gravering. For at sikre armb\u00e5ndene tilbyder vi to muligheder: metallukning eller plastiktryklukning.<\/p>\n<\/div>","protected":false},"featured_media":6410,"comment_status":"closed","ping_status":"closed","template":"","meta":[],"product_brand":[],"product_cat":[66,117],"product_tag":[],"class_list":{"0":"post-1208","1":"product","2":"type-product","3":"status-publish","4":"has-post-thumbnail","6":"product_cat-wristbands","7":"product_cat-leather-wristbands","9":"first","10":"instock","11":"shipping-taxable","12":"purchasable","13":"product-type-simple"},"_links":{"self":[{"href":"https:\/\/displayproducts.eu\/da\/wp-json\/wp\/v2\/product\/1208","targetHints":{"allow":["GET"]}}],"collection":[{"href":"https:\/\/displayproducts.eu\/da\/wp-json\/wp\/v2\/product"}],"about":[{"href":"https:\/\/displayproducts.eu\/da\/wp-json\/wp\/v2\/types\/product"}],"replies":[{"embeddable":true,"href":"https:\/\/displayproducts.eu\/da\/wp-json\/wp\/v2\/comments?post=1208"}],"wp:featuredmedia":[{"embeddable":true,"href":"https:\/\/displayproducts.eu\/da\/wp-json\/wp\/v2\/media\/6410"}],"wp:attachment":[{"href":"https:\/\/displayproducts.eu\/da\/wp-json\/wp\/v2\/media?parent=1208"}],"wp:term":[{"taxonomy":"product_brand","embeddable":true,"href":"https:\/\/displayproducts.eu\/da\/wp-json\/wp\/v2\/product_brand?post=1208"},{"taxonomy":"product_cat","embeddable":true,"href":"https:\/\/displayproducts.eu\/da\/wp-json\/wp\/v2\/product_cat?post=1208"},{"taxonomy":"product_tag","embeddable":true,"href":"https:\/\/displayproducts.eu\/da\/wp-json\/wp\/v2\/product_tag?post=1208"}],"curies":[{"name":"wp","href":"https:\/\/api.w.org\/{rel}","templated":true}]}}