{"id":1205,"date":"2024-10-27T11:54:37","date_gmt":"2024-10-27T08:54:37","guid":{"rendered":"https:\/\/wristbandfactory.eu\/toode\/custom-rfid-leather-wristband\/"},"modified":"2026-04-01T21:52:36","modified_gmt":"2026-04-01T18:52:36","slug":"custom-rfid-leather-wristband","status":"publish","type":"product","link":"https:\/\/displayproducts.eu\/da\/p\/custom-rfid-leather-wristband\/","title":{"rendered":"RFID l\u00e6derarmb\u00e5nd"},"content":{"rendered":"<p data-path-to-node=\"12\">L\u00f8ft din g\u00e6steoplevelse med vores <b data-path-to-node=\"12\" data-index-in-node=\"64\">Med eget tryk l\u00e6der RFID-armb\u00e5nd<\/b>. Disse armb\u00e5nd er designet til milj\u00f8er, hvor stil er lige s\u00e5 vigtigt som sikkerhed, og kombinerer avanceret RFID-teknologi med l\u00e6derets klassiske elegance. I mods\u00e6tning til standard silikone- eller stofvarianter fungerer disse armb\u00e5nd som et f\u00f8rsteklasses tilbeh\u00f8r, hvilket g\u00f8r dem perfekte til VIP-zoner, luksusresorts, countryklubber og eksklusive firmaarrangementer.<\/p>\n<p data-path-to-node=\"13\">De er fremstillet af slidst\u00e6rkt PU-l\u00e6der (med \u00e6gte l\u00e6der som ekstraudstyr) og tilbyder en behagelig pasform til l\u00e6ngere tids brug. Den integrerede chip er problemfrit integreret, hvilket sikrer p\u00e5lidelig dataoverf\u00f8rsel til adgangskontrol, kontantl\u00f8se betalinger eller integration med sociale medier uden at g\u00e5 p\u00e5 kompromis med armb\u00e5ndets \u00e6stetiske appel.<\/p>\n<h2 data-path-to-node=\"14\">N\u00f8glefunktioner<\/h2>\n<ul data-path-to-node=\"15\">\n<li>\n<p data-path-to-node=\"15,0,1\"><span data-path-to-node=\"15,0,1,0\"><b data-path-to-node=\"15,0,1,0\" data-index-in-node=\"0\"><span class=\"citation-43\">Avanceret chipkompatibilitet:<\/span><\/b><span class=\"citation-43\"> F\u00e5s med en bred vifte af RFID-chips, herunder LF (125 KHz), HF (13,56 MHz NTAG\u00ae\/Mifare) og UHF (860-960 MHz), der passer til ethvert system.<\/span><\/span><span data-path-to-node=\"15,0,1,2\">.<\/span><\/p>\n<\/li>\n<li>\n<p data-path-to-node=\"15,1,1\"><span data-path-to-node=\"15,1,1,0\"><b data-path-to-node=\"15,1,1,0\" data-index-in-node=\"0\"><span class=\"citation-42\">Premium \u00e6stetik:<\/span><\/b><span class=\"citation-42\"> L\u00e6derfinishen tilbyder et sofistikeret alternativ til plastik, der forbedrer den opfattede v\u00e6rdi af dit arrangement eller sted<\/span><\/span><span data-path-to-node=\"15,1,1,2\">.<\/span><\/p>\n<\/li>\n<li>\n<p data-path-to-node=\"15,2,0\"><b data-path-to-node=\"15,2,0\" data-index-in-node=\"0\">Brugerdefineret branding:<\/b> Tilpas med dit logo ved hj\u00e6lp af f\u00f8rsteklasses teknikker som pr\u00e6gning, debossing eller silketryk.<\/p>\n<\/li>\n<li>\n<p data-path-to-node=\"15,3,0\"><b data-path-to-node=\"15,3,0\" data-index-in-node=\"0\">Justerbar pasform:<\/b> Designet med en klassisk sp\u00e6ndelukning (standardst\u00f8rrelse 250x22x3 mm), der passer komfortabelt til de fleste h\u00e5ndledsst\u00f8rrelser.<\/p>\n<\/li>\n<\/ul>\n<h2 data-path-to-node=\"16\">Specifikationer<\/h2>\n<ul data-path-to-node=\"17\">\n<li>\n<p data-path-to-node=\"17,0,0\"><b data-path-to-node=\"17,0,0\" data-index-in-node=\"0\">Dimensioner:<\/b> 250 mm x 22 mm x 3 mm.<\/p>\n<\/li>\n<li>\n<p data-path-to-node=\"17,1,0\"><b data-path-to-node=\"17,1,0\" data-index-in-node=\"0\">Materiale:<\/b> PU-l\u00e6der (standard) eller \u00e6gte l\u00e6der (opgradering).<\/p>\n<\/li>\n<li>\n<p data-path-to-node=\"17,2,0\"><b data-path-to-node=\"17,2,0\" data-index-in-node=\"0\">Frekvensmuligheder:<\/b> LF (125 kHz), HF (13,56 MHz), UHF (860-960 MHz).<\/p>\n<\/li>\n<li>\n<p data-path-to-node=\"17,3,0\"><b data-path-to-node=\"17,3,0\" data-index-in-node=\"0\">Chiptyper:<\/b> TK4100, F08, NTAG213\/215\/216, Alien H3 og flere.<\/p>\n<\/li>\n<li>\n<p data-path-to-node=\"17,4,0\"><b data-path-to-node=\"17,4,0\" data-index-in-node=\"0\">L\u00e6seafstand:<\/b> 1-10 cm (LF\/HF), op til flere meter (UHF, afh\u00e6ngig af l\u00e6seren).<\/p>\n<\/li>\n<li>\n<p data-path-to-node=\"17,5,0\"><b data-path-to-node=\"17,5,0\" data-index-in-node=\"0\">Minimum ordrem\u00e6ngde:<\/b> 100 enheder.<\/p>\n<\/li>\n<\/ul>\n<h2 data-path-to-node=\"18\">Brugsscenarier<\/h2>\n<ul data-path-to-node=\"19\">\n<li>\n<p data-path-to-node=\"19,0,0\"><b data-path-to-node=\"19,0,0\" data-index-in-node=\"0\">Luksushoteller og resorts:<\/b> N\u00f8glefri adgang til v\u00e6relset og kontantl\u00f8s betaling for resortets faciliteter.<\/p>\n<\/li>\n<li>\n<p data-path-to-node=\"19,1,0\"><b data-path-to-node=\"19,1,0\" data-index-in-node=\"0\">Adgang til VIP-arrangement:<\/b> Eksklusive adgangsoplysninger til backstage-omr\u00e5der, private lounges og gallaarrangementer.<\/p>\n<\/li>\n<li>\n<p data-path-to-node=\"19,2,0\"><b data-path-to-node=\"19,2,0\" data-index-in-node=\"0\">Fitness- og countryklubber:<\/b> Holdbare, stilfulde medlemsidentifikatorer til adgang til faciliteter.<\/p>\n<\/li>\n<li>\n<p data-path-to-node=\"19,3,0\"><b data-path-to-node=\"19,3,0\" data-index-in-node=\"0\">Kontorsikkerhed:<\/b> Elegant identifikation for medarbejdere i virksomhedsmilj\u00f8er.<\/p>\n<\/li>\n<\/ul>","protected":false},"excerpt":{"rendered":"<ul>\n<li>\n<p data-path-to-node=\"11,0,0\"><b data-path-to-node=\"11,0,0\" data-index-in-node=\"0\">Materiale:<\/b> H\u00f8jkvalitets PU eller \u00e6gte l\u00e6der giver et sofistikeret look.<\/p>\n<\/li>\n<li>\n<p data-path-to-node=\"11,1,0\"><b data-path-to-node=\"11,1,0\" data-index-in-node=\"0\">Teknologi:<\/b> Integrerede LF (TK4100), HF (NTAG\u00ae) eller UHF (Alien H3) chips.<\/p>\n<\/li>\n<li>\n<p data-path-to-node=\"11,2,0\"><b data-path-to-node=\"11,2,0\" data-index-in-node=\"0\">Tilpasning:<\/b> Pr\u00e6gning, pr\u00e6gning eller tryk til diskret branding.<\/p>\n<\/li>\n<li>\n<p data-path-to-node=\"11,3,0\"><b data-path-to-node=\"11,3,0\" data-index-in-node=\"0\">Anvendelse:<\/b> Ideel til VIP-adgangskontrol, kontantl\u00f8se betalinger og luksushoteller.<\/p>\n<\/li>\n<\/ul>","protected":false},"featured_media":6037,"comment_status":"closed","ping_status":"closed","template":"","meta":[],"product_brand":[],"product_cat":[66,117,81],"product_tag":[],"class_list":{"0":"post-1205","1":"product","2":"type-product","3":"status-publish","4":"has-post-thumbnail","6":"product_cat-wristbands","7":"product_cat-leather-wristbands","8":"product_cat-rfid","10":"first","11":"instock","12":"shipping-taxable","13":"purchasable","14":"product-type-simple"},"_links":{"self":[{"href":"https:\/\/displayproducts.eu\/da\/wp-json\/wp\/v2\/product\/1205","targetHints":{"allow":["GET"]}}],"collection":[{"href":"https:\/\/displayproducts.eu\/da\/wp-json\/wp\/v2\/product"}],"about":[{"href":"https:\/\/displayproducts.eu\/da\/wp-json\/wp\/v2\/types\/product"}],"replies":[{"embeddable":true,"href":"https:\/\/displayproducts.eu\/da\/wp-json\/wp\/v2\/comments?post=1205"}],"wp:featuredmedia":[{"embeddable":true,"href":"https:\/\/displayproducts.eu\/da\/wp-json\/wp\/v2\/media\/6037"}],"wp:attachment":[{"href":"https:\/\/displayproducts.eu\/da\/wp-json\/wp\/v2\/media?parent=1205"}],"wp:term":[{"taxonomy":"product_brand","embeddable":true,"href":"https:\/\/displayproducts.eu\/da\/wp-json\/wp\/v2\/product_brand?post=1205"},{"taxonomy":"product_cat","embeddable":true,"href":"https:\/\/displayproducts.eu\/da\/wp-json\/wp\/v2\/product_cat?post=1205"},{"taxonomy":"product_tag","embeddable":true,"href":"https:\/\/displayproducts.eu\/da\/wp-json\/wp\/v2\/product_tag?post=1205"}],"curies":[{"name":"wp","href":"https:\/\/api.w.org\/{rel}","templated":true}]}}