{"id":1203,"date":"2024-10-27T11:54:37","date_gmt":"2024-10-27T08:54:37","guid":{"rendered":"https:\/\/wristbandfactory.eu\/toode\/fabric-wristbands\/"},"modified":"2026-04-01T21:52:36","modified_gmt":"2026-04-01T18:52:36","slug":"full-colour-printed-fabric-wristbands","status":"publish","type":"product","link":"https:\/\/displayproducts.eu\/da\/p\/full-colour-printed-fabric-wristbands\/","title":{"rendered":"Fuldfarvetrykte stofarmb\u00e5nd"},"content":{"rendered":"<div class=\"mx-12 md:mx-24 lg:mx-48\">\n<div class=\"container my-8 svelte-zlsknf\">\n<div class=\"my-24 rounded-lg border-0 border-gray-700 bg-gray-100 px-16 py-24\">\n<div class=\"mt-11 !text-gray-500\">\n<p data-path-to-node=\"8\">L\u00f8ft din eventoplevelse med vores stofarmb\u00e5nd med fuldfarvetryk. Dette er vores mest popul\u00e6re l\u00f8sning til adgangskontrol til events, designet som et effektivt marketingv\u00e6rkt\u00f8j, der ogs\u00e5 fungerer som en v\u00e6rdifuld souvenir for deltagerne.<\/p>\n<p data-path-to-node=\"9\"><b>\u00c9t armb\u00e5nd, fuldt tilpasset af dig<\/b><\/p>\n<p data-path-to-node=\"10\">Denne ene produktside samler alle vores muligheder for trykte stof. Du skal blot v\u00e6lge dit materiale og l\u00e5se det for at skabe det perfekte armb\u00e5nd til dit arrangement.<\/p>\n<ol start=\"1\" data-path-to-node=\"11\">\n<li>\n<p data-path-to-node=\"11,0,0\"><b>V\u00e6lg dit tryk og materiale:<\/b> Ved hj\u00e6lp af den nyeste sublimeringsteknologi gengiver vi dit design i livlige, falmebestandige CMYK- eller pr\u00e6cise Pantone (PMS)-nuancer. V\u00e6lg mellem to materialefinisher:<\/p>\n<ul data-path-to-node=\"11,0,1\">\n<li>\n<p data-path-to-node=\"11,0,1,0,0\"><b>Holdbar polyester:<\/b> Vores h\u00f8jkvalitets, vandt\u00e6tte og hudvenlige standard til alle begivenheder.<\/p>\n<\/li>\n<li>\n<p data-path-to-node=\"11,0,1,1,0\"><b>Premium satin:<\/b> En glattere og mere glansfuld finish giver en f\u00f8rsteklasses og eksklusiv fornemmelse (absorberer &quot;Satin Wristbands&quot;-produktet).<\/p>\n<\/li>\n<\/ul>\n<\/li>\n<li>\n<p data-path-to-node=\"11,1,0\"><b>V\u00e6lg din l\u00e5s:<\/b> Sikkerhed er altafg\u00f8rende. Konfigurer dine armb\u00e5nd med den pr\u00e6cise l\u00e5s, der passer til dine behov. Vi tilbyder et komplet udvalg af muligheder:<\/p>\n<ul data-path-to-node=\"11,1,1\">\n<li>\n<p data-path-to-node=\"11,1,1,0,0\"><b>H\u00f8jsikkerhedsl\u00e5se:<\/b> Engangs selvlukkende plastikclips eller holdbare metall\u00e5se for at forhindre overf\u00f8rsel.<\/p>\n<\/li>\n<li>\n<p data-path-to-node=\"11,1,1,1,0\"><b>Genanvendelige l\u00e5se:<\/b> En justerbar perle, der g\u00f8r det muligt at tage armb\u00e5ndene af og p\u00e5f\u00f8re dem igen.<\/p>\n<\/li>\n<li>\n<p data-path-to-node=\"11,1,1,2,0\"><b>Milj\u00f8venlige l\u00e5se:<\/b> Vores b\u00e6redygtige engangsl\u00e5s i bambus.<\/p>\n<\/li>\n<\/ul>\n<\/li>\n<\/ol>\n<p data-path-to-node=\"12\">Disse armb\u00e5nd er den ideelle sikre l\u00f8sning til at kontrollere adgang til koncerter, festivaler, fester, hoteller og vandlande.<\/p>\n<p data-path-to-node=\"13\"><i>(Bem\u00e6rk: P\u00e5 grund af fremstillingsprocessen anbefaler vi at bruge gentagne m\u00f8nstre p\u00e5 bagsiden af armb\u00e5ndet for at opn\u00e5 optimale resultater.)<\/i><\/p>\n<p data-path-to-node=\"14\"><b>N\u00f8glefunktioner:<\/b><\/p>\n<ul data-path-to-node=\"15\">\n<li>\n<p data-path-to-node=\"15,0,0\"><b>Trykning:<\/b> Fuldfarve CMYK- eller PMS-sublimeringstryk.<\/p>\n<\/li>\n<li>\n<p data-path-to-node=\"15,1,0\"><b>Materiale:<\/b> H\u00f8jkvalitets polyester (f\u00f8rsteklasses satinfinish f\u00e5s ogs\u00e5).<\/p>\n<\/li>\n<li>\n<p data-path-to-node=\"15,2,0\"><b>Sikkerhedsl\u00e5sindstillinger:<\/b> H\u00f8jsikkerhed (plast\/metal), genanvendelig perle eller milj\u00f8venlig bambus.<\/p>\n<\/li>\n<li>\n<p data-path-to-node=\"15,3,0\"><b>Holdbar og vandt\u00e6t:<\/b> Ideel til flerdagesarrangementer.<\/p>\n<\/li>\n<li>\n<p data-path-to-node=\"15,4,0\"><b>Komfort:<\/b> Let og bl\u00f8d for behagelig brug i l\u00e6ngere tid.<\/p>\n<\/li>\n<li>\n<p data-path-to-node=\"15,5,0\"><b>Minimumsbestilling:<\/b> 100 stykker.<\/p>\n<\/li>\n<\/ul>\n<p data-path-to-node=\"16\">\n<\/div>\n<\/div>\n<\/div>\n<\/div>","protected":false},"excerpt":{"rendered":"<ul data-path-to-node=\"7\">\n<li>\n<p data-path-to-node=\"7,0,0\">Livlig CMYK- eller Pantone-sublimeringstryk i fuld farve.<\/p>\n<\/li>\n<li>\n<p data-path-to-node=\"7,1,0\"><b>Materialemuligheder:<\/b> V\u00e6lg mellem slidst\u00e6rk, vandt\u00e6t polyester eller satin med f\u00f8rsteklasses finish.<\/p>\n<\/li>\n<li>\n<p data-path-to-node=\"7,2,0\"><b>L\u00e5semuligheder:<\/b> H\u00f8jsikkerhed (engangsplast\/metal), genanvendelig (justerbar perle) eller milj\u00f8venlig bambus.<\/p>\n<\/li>\n<li>\n<p data-path-to-node=\"7,3,0\">Komfortabel, slidst\u00e6rk og hudvenlig til begivenheder over flere dage.<\/p>\n<\/li>\n<\/ul>","protected":false},"featured_media":6388,"comment_status":"closed","ping_status":"closed","template":"","meta":[],"product_brand":[],"product_cat":[47],"product_tag":[],"class_list":{"0":"post-1203","1":"product","2":"type-product","3":"status-publish","4":"has-post-thumbnail","6":"product_cat-fabric-wristbands","8":"first","9":"instock","10":"shipping-taxable","11":"purchasable","12":"product-type-simple"},"_links":{"self":[{"href":"https:\/\/displayproducts.eu\/da\/wp-json\/wp\/v2\/product\/1203","targetHints":{"allow":["GET"]}}],"collection":[{"href":"https:\/\/displayproducts.eu\/da\/wp-json\/wp\/v2\/product"}],"about":[{"href":"https:\/\/displayproducts.eu\/da\/wp-json\/wp\/v2\/types\/product"}],"replies":[{"embeddable":true,"href":"https:\/\/displayproducts.eu\/da\/wp-json\/wp\/v2\/comments?post=1203"}],"wp:featuredmedia":[{"embeddable":true,"href":"https:\/\/displayproducts.eu\/da\/wp-json\/wp\/v2\/media\/6388"}],"wp:attachment":[{"href":"https:\/\/displayproducts.eu\/da\/wp-json\/wp\/v2\/media?parent=1203"}],"wp:term":[{"taxonomy":"product_brand","embeddable":true,"href":"https:\/\/displayproducts.eu\/da\/wp-json\/wp\/v2\/product_brand?post=1203"},{"taxonomy":"product_cat","embeddable":true,"href":"https:\/\/displayproducts.eu\/da\/wp-json\/wp\/v2\/product_cat?post=1203"},{"taxonomy":"product_tag","embeddable":true,"href":"https:\/\/displayproducts.eu\/da\/wp-json\/wp\/v2\/product_tag?post=1203"}],"curies":[{"name":"wp","href":"https:\/\/api.w.org\/{rel}","templated":true}]}}