{"id":1183,"date":"2024-07-16T18:07:16","date_gmt":"2024-07-16T15:07:16","guid":{"rendered":"https:\/\/wristbandfactory.eu\/toode\/uv-neverloseme-wristbands\/"},"modified":"2026-04-01T21:52:04","modified_gmt":"2026-04-01T18:52:04","slug":"uv-sensor-safety-wristbands","status":"publish","type":"product","link":"https:\/\/displayproducts.eu\/da\/p\/uv-sensor-safety-wristbands\/","title":{"rendered":"UV-sensor sikkerhedsarmb\u00e5nd"},"content":{"rendered":"<p>Vis din organisations engagement i sikkerhed med UV-sensorsikkerhedsarmb\u00e5ndet. Dette funktionelle reklameprodukt er ideelt til firmafamiliedage, udend\u00f8rskonferencer eller sundhedsfokuserede marketingkampagner og giver deltagerne \u00e6gte nytte.<\/p>\n<p>Armb\u00e5ndet har en speciel, genanvendelig l\u00e5s, der aktivt overv\u00e5ger soleksponering. L\u00e5set skifter fra hvid til intens r\u00f8d, n\u00e5r UVA- eller UVB-str\u00e5lingsniveauet bliver farligt, hvilket giver en klar visuel advarsel til brugerne.<\/p>\n<p>Selve b\u00e5ndet er lavet af et specielt, allergivenligt materiale, der er b\u00e5de slidst\u00e6rkt og sk\u00e5nsomt mod huden, og det er <b>certificeret af National Institute of Hygiene<\/b>. Hele overfladen af b\u00e5ndet kan tilpasses fuldt ud med dit firmalogo i fuld farve, eventbranding eller et sikkerhedsslogan, hvilket skaber et meget synligt og mindev\u00e6rdigt reklamev\u00e6rkt\u00f8j.<\/p>\n<p>Dette armb\u00e5nd forbinder dit brand med socialt ansvar og moderne sikkerhedsbevidsthed og skaber en positiv association, der varer l\u00e6nge efter begivenheden.<\/p>\n<p><b>N\u00f8glefunktioner:<\/b><\/p>\n<ul>\n<li><b>UV-sensorl\u00e5s:<\/b> Genanvendelig l\u00e5s skifter aktivt farve til r\u00f8d for at advare om h\u00f8je UVA\/UVB-str\u00e5lingsniveauer.<\/li>\n<li><b>Tilpasning i fuld farve:<\/b> Hele b\u00e5ndoverfladen kan trykkes med dit unikke logo eller budskab.<\/li>\n<li><b>B\u00f8rnesikkert certificeret materiale:<\/b> Hypoallergenisk, fleksibelt og slidst\u00e6rkt materiale, certificeret af National Institute of Hygiene.<\/li>\n<li><b>Genanvendeligt design:<\/b> L\u00e5sen er designet til flere anvendelser, hvilket forl\u00e6nger levetiden p\u00e5 din reklameartikel.<\/li>\n<li><b>V\u00e6rkt\u00f8j til virksomhedsansvar:<\/b> En unik gadget til at demonstrere dit brands engagement i sundhed og sikkerhed.<\/li>\n<\/ul>","protected":false},"excerpt":{"rendered":"<ul>\n<li>Har en UV-reaktiv l\u00e5s, der skifter farve til r\u00f8d i farligt sollys.<\/li>\n<li>Hypoallergenisk, slidst\u00e6rkt og genanvendeligt materiale, certificeret til b\u00f8rnesikkerhed.<\/li>\n<li>Fuldt brugerdefinerbart b\u00e5nd med dit logo eller din sikkerhedsmeddelelse i fuld farve.<\/li>\n<li>En f\u00f8rsteklasses reklameartikel til familiebegivenheder og virksomhedsansvar.<\/li>\n<\/ul>\n<p>&nbsp;<\/p>","protected":false},"featured_media":6254,"comment_status":"closed","ping_status":"closed","template":"","meta":[],"product_brand":[],"product_cat":[66,88,68],"product_tag":[],"class_list":{"0":"post-1183","1":"product","2":"type-product","3":"status-publish","4":"has-post-thumbnail","6":"product_cat-wristbands","7":"product_cat-smart-wristbands","8":"product_cat-event-supplies","10":"first","11":"instock","12":"shipping-taxable","13":"purchasable","14":"product-type-simple"},"_links":{"self":[{"href":"https:\/\/displayproducts.eu\/da\/wp-json\/wp\/v2\/product\/1183","targetHints":{"allow":["GET"]}}],"collection":[{"href":"https:\/\/displayproducts.eu\/da\/wp-json\/wp\/v2\/product"}],"about":[{"href":"https:\/\/displayproducts.eu\/da\/wp-json\/wp\/v2\/types\/product"}],"replies":[{"embeddable":true,"href":"https:\/\/displayproducts.eu\/da\/wp-json\/wp\/v2\/comments?post=1183"}],"wp:featuredmedia":[{"embeddable":true,"href":"https:\/\/displayproducts.eu\/da\/wp-json\/wp\/v2\/media\/6254"}],"wp:attachment":[{"href":"https:\/\/displayproducts.eu\/da\/wp-json\/wp\/v2\/media?parent=1183"}],"wp:term":[{"taxonomy":"product_brand","embeddable":true,"href":"https:\/\/displayproducts.eu\/da\/wp-json\/wp\/v2\/product_brand?post=1183"},{"taxonomy":"product_cat","embeddable":true,"href":"https:\/\/displayproducts.eu\/da\/wp-json\/wp\/v2\/product_cat?post=1183"},{"taxonomy":"product_tag","embeddable":true,"href":"https:\/\/displayproducts.eu\/da\/wp-json\/wp\/v2\/product_tag?post=1183"}],"curies":[{"name":"wp","href":"https:\/\/api.w.org\/{rel}","templated":true}]}}